{"id":716352,"date":"2025-08-27T17:41:43","date_gmt":"2025-08-27T14:41:43","guid":{"rendered":"https:\/\/roveyayinevi.com.tr\/index.php\/urun\/farkli-olmaya-cesaret-eden-o-muthis-erkek-cocuklarina-gercek-hikayeler\/"},"modified":"2026-04-16T02:24:37","modified_gmt":"2026-04-15T23:24:37","slug":"farkli-olmaya-cesaret-eden-o-muthis-erkek-cocuklarina-gercek-hikayeler","status":"publish","type":"product","link":"https:\/\/roveyayinevi.com.tr\/index.php\/urun\/farkli-olmaya-cesaret-eden-o-muthis-erkek-cocuklarina-gercek-hikayeler\/","title":{"rendered":"Farkl\u0131 Olmaya Cesaret Eden O M\u00fcthi\u015f Erkek \u00c7ocuklar\u0131na Ger\u00e7ek Hikayeler"},"content":{"rendered":"<p>Farkl\u0131 Olmaya Cesaret Eden Erkek \u00c7ocuklar\u0131na HikayelerAmazon&#8217;da \u00c7ok satan \u201cBu kitap hayat kurtarabilir. Bu kitap hayatlar\u0131 de\u011fi\u015ftirebilir. Bu kitap farkl\u0131 olmaya cesaret eden ba\u015fka bir erkek \u00e7ocuklar ku\u015fa\u011f\u0131n\u0131n do\u011fmas\u0131na yard\u0131mc\u0131 olabilir.\u201dBenjamin ZephaniahSteven Spielberg, Daniel Radcliffe, Galileo Galilei, Nelson Mandela, Louis Armstrong, Muhammed Ali, Patch Adams, Gandi, Lionel Messi, Frank Ocean&#8230; hepsi farkl\u0131 olmaya cesaret ettiler&#8230;Beyaz atl\u0131 Prens, ejderha avc\u0131s\u0131, ha\u015far\u0131 afacan&#8230; Bunlar, \u00e7o\u011funlukla erkek \u00e7ocuklar\u0131n evde ve okulda kitaplarda kar\u015f\u0131la\u015ft\u0131klar\u0131 rol modelleridir. Bir erkek \u00e7ocu\u011fu olarak ideal erkeklik kal\u0131b\u0131na uyaca\u011f\u0131n\u0131z varsay\u0131m\u0131 yayg\u0131nd\u0131r.Peki ya bilimle, sanatla, do\u011fay\u0131 korumakla, topluma faydal\u0131 olacak bir u\u011fra\u015fla ilgilenmek istiyorsan\u0131z? Ya i\u00e7ine kapan\u0131k bir \u00e7ocuksan\u0131z? Ya elinize k\u0131l\u0131\u00e7 almak yerine bir kitap almay\u0131 tercih ediyorsan\u0131z?Gen\u00e7 erkekler i\u00e7in yarars\u0131z cinsiyet kli\u015feleri ile ilgili s\u00fcregiden bir kriz var. Farkl\u0131 Olmaya Cesaret Eden Erkekler \u00c7ocuklar\u0131na Hik\u00e2yeler, alternatif bir anlat\u0131 sunuyor. \u015eefkat, fedak\u00e2rl\u0131k ve kendine g\u00fcven yoluyla d\u00fcnyay\u0131 daha iyi bir yer haline getirmeye \u00e7al\u0131\u015fan, ge\u00e7mi\u015ften g\u00fcn\u00fcm\u00fcze \u00fcnl\u00fc veya \u00fcnl\u00fc olmayan 100 ola\u011fan\u00fcst\u00fc hayat hikayesi. Her biri kendi tarz\u0131nda kural bozucu ve yenilik\u00e7i olan bu karakterler inan\u0131lmaz \u015feyler ba\u015far\u0131yorlar.Kitaptaki hik\u00e2yeler aras\u0131nda, John Lennon, Oscar Wilde, Salvador Dal\u00ed, Rimbaud, Beethoven, Barack Obama, Stormzy, Ai Weiwei, Bill Gates ve Jesse Owens gibi hayat\u0131n her kesiminden ve d\u00fcnyan\u0131n d\u00f6rt bir yan\u0131ndan gelen farkl\u0131 kahramanlar var.Macera dolu ve merak uyand\u0131r\u0131c\u0131 hik\u00e2yelerle g\u00fczel aktar\u0131mlar yapan bu kitap, akran bask\u0131s\u0131na kar\u015f\u0131 koymak i\u00e7in cesarete ihtiyac\u0131 olanlara ve fark yaratan \u00e7ocuklara ilham veriyor. Endi\u015feleri olan t\u00fcm erkek \u00e7ocuklar\u0131 ve onlar i\u00e7in endi\u015felenen t\u00fcm ebeveynlerin edinmesi gereken bir kitap. Bu kitap \u00e7ocuklara cesaret ve ilham verirken ayn\u0131 zamanda e\u011flendiriyor.*Bu Kitapta Aksiyon Kahramanlar\u0131 ve Kurtar\u0131lacak Prensesler Yoktur.<\/p>\n","protected":false},"excerpt":{"rendered":"<p>Farkl\u0131 Olmaya Cesaret Eden Erkek \u00c7ocuklar\u0131na HikayelerAmazon&#8217;da \u00c7ok satan \u201cBu kitap hayat kurtarabilir. Bu kitap hayatlar\u0131 de\u011fi\u015ftirebilir. Bu kitap farkl\u0131 olmaya cesaret eden ba\u015fka bir erkek<span class=\"excerpt-hellip\"> [\u2026]<\/span><\/p>\n","protected":false},"featured_media":0,"template":"","meta":{"_monsterinsights_skip_tracking":false,"_monsterinsights_sitenote_active":false,"_monsterinsights_sitenote_note":"","_monsterinsights_sitenote_category":0},"product_brand":[],"product_cat":[26663],"product_tag":[],"class_list":{"0":"post-716352","1":"product","2":"type-product","3":"status-publish","5":"product_cat-undefined","6":"pa_cilt-ciltli","7":"pa_tur-kitap","8":"pa_yayinevi-eksik-parca-yayinlari","9":"pa_yazar-ben-brooks","11":"first","12":"instock","13":"sale","14":"shipping-taxable","15":"purchasable","16":"product-type-simple"},"_links":{"self":[{"href":"https:\/\/roveyayinevi.com.tr\/index.php\/wp-json\/wp\/v2\/product\/716352","targetHints":{"allow":["GET"]}}],"collection":[{"href":"https:\/\/roveyayinevi.com.tr\/index.php\/wp-json\/wp\/v2\/product"}],"about":[{"href":"https:\/\/roveyayinevi.com.tr\/index.php\/wp-json\/wp\/v2\/types\/product"}],"wp:attachment":[{"href":"https:\/\/roveyayinevi.com.tr\/index.php\/wp-json\/wp\/v2\/media?parent=716352"}],"wp:term":[{"taxonomy":"product_brand","embeddable":true,"href":"https:\/\/roveyayinevi.com.tr\/index.php\/wp-json\/wp\/v2\/product_brand?post=716352"},{"taxonomy":"product_cat","embeddable":true,"href":"https:\/\/roveyayinevi.com.tr\/index.php\/wp-json\/wp\/v2\/product_cat?post=716352"},{"taxonomy":"product_tag","embeddable":true,"href":"https:\/\/roveyayinevi.com.tr\/index.php\/wp-json\/wp\/v2\/product_tag?post=716352"}],"curies":[{"name":"wp","href":"https:\/\/api.w.org\/{rel}","templated":true}]}}