{"id":716347,"date":"2025-08-27T17:41:40","date_gmt":"2025-08-27T14:41:40","guid":{"rendered":"https:\/\/roveyayinevi.com.tr\/index.php\/urun\/osmanli-merkez-burokrasisi-1836-1856\/"},"modified":"2026-04-16T02:24:36","modified_gmt":"2026-04-15T23:24:36","slug":"osmanli-merkez-burokrasisi-1836-1856","status":"publish","type":"product","link":"https:\/\/roveyayinevi.com.tr\/index.php\/urun\/osmanli-merkez-burokrasisi-1836-1856\/","title":{"rendered":"Osmanl\u0131 Merkez B\u00fcrokrasisi (1836-1856)"},"content":{"rendered":"<p>Devletler, m\u00fcesseseleriyle ayakta dururlar. Bir devletin m\u00fcesseseleri ile bunlar\u0131n birbirleriyle olan kar\u015f\u0131l\u0131kl\u0131 ili\u015fkilerinin bilinmesi, tarih\u00ee olaylar\u0131n izah\u0131n\u0131n olmazsa olmaz\u0131d\u0131r. Dolay\u0131s\u0131yla Osmanl\u0131 Devleti\u2019nin te\u015fkilat yap\u0131s\u0131, karar alma mekanizmalar\u0131 ve zaman i\u00e7erisinde bu yap\u0131larda meydana gelen d\u00f6n\u00fc\u015f\u00fcmlerin tespiti \u00e7ok \u00f6nemlidir. 19. y\u00fczy\u0131l \u00f6ncesinin te\u015fkilat ve m\u00fcesseseleri nisbeten ortaya konulmu\u015f olmas\u0131na ra\u011fmen, Tanzimat ve yenile\u015fme d\u00f6neminde ger\u00e7ekle\u015fen b\u00fcrokratik de\u011fi\u015fim ve d\u00f6n\u00fc\u015f\u00fcm s\u00fcreci yeterince incelenmemi\u015ftir.Yapt\u0131\u011f\u0131 titiz \u00e7al\u0131\u015fmalarla akademide ve tarih \u00e7evrelerinde son derece itibar g\u00f6ren Prof. Dr. Ali Aky\u0131ld\u0131z, bu kitapta, g\u00fcn\u00fcm\u00fczde kar\u015f\u0131la\u015f\u0131lan bir\u00e7ok meselenin d\u00fc\u011f\u00fcmlendi\u011fi, siyasi, sosyal, k\u00fclt\u00fcrel ve iktisadi tarihimiz a\u00e7\u0131s\u0131ndan \u00f6nemli bir d\u00f6n\u00fcm noktas\u0131 olan Tanzimat d\u00f6nemi reformlar\u0131 ile Osmanl\u0131 b\u00fcrokrasisinin yenile\u015fme ve d\u00f6n\u00fc\u015f\u00fcm ser\u00fcvenini birinci el kaynaklara istinaden a\u00e7\u0131kl\u0131yor.<\/p>\n","protected":false},"excerpt":{"rendered":"<p>Devletler, m\u00fcesseseleriyle ayakta dururlar. Bir devletin m\u00fcesseseleri ile bunlar\u0131n birbirleriyle olan kar\u015f\u0131l\u0131kl\u0131 ili\u015fkilerinin bilinmesi, tarih\u00ee olaylar\u0131n izah\u0131n\u0131n olmazsa olmaz\u0131d\u0131r. Dolay\u0131s\u0131yla Osmanl\u0131 Devleti\u2019nin te\u015fkilat yap\u0131s\u0131, karar alma<span class=\"excerpt-hellip\"> [\u2026]<\/span><\/p>\n","protected":false},"featured_media":0,"template":"","meta":{"_monsterinsights_skip_tracking":false,"_monsterinsights_sitenote_active":false,"_monsterinsights_sitenote_note":"","_monsterinsights_sitenote_category":0},"product_brand":[],"product_cat":[13517,12304],"product_tag":[],"class_list":{"0":"post-716347","1":"product","2":"type-product","3":"status-publish","5":"product_cat-osmanli-tarihi","6":"product_cat-tarih","7":"pa_cilt-ciltsiz","8":"pa_tur-kitap","9":"pa_yayinevi-timas-yayinlari","10":"pa_yazar-ali-akyildiz","12":"first","13":"instock","14":"sale","15":"shipping-taxable","16":"purchasable","17":"product-type-simple"},"_links":{"self":[{"href":"https:\/\/roveyayinevi.com.tr\/index.php\/wp-json\/wp\/v2\/product\/716347","targetHints":{"allow":["GET"]}}],"collection":[{"href":"https:\/\/roveyayinevi.com.tr\/index.php\/wp-json\/wp\/v2\/product"}],"about":[{"href":"https:\/\/roveyayinevi.com.tr\/index.php\/wp-json\/wp\/v2\/types\/product"}],"wp:attachment":[{"href":"https:\/\/roveyayinevi.com.tr\/index.php\/wp-json\/wp\/v2\/media?parent=716347"}],"wp:term":[{"taxonomy":"product_brand","embeddable":true,"href":"https:\/\/roveyayinevi.com.tr\/index.php\/wp-json\/wp\/v2\/product_brand?post=716347"},{"taxonomy":"product_cat","embeddable":true,"href":"https:\/\/roveyayinevi.com.tr\/index.php\/wp-json\/wp\/v2\/product_cat?post=716347"},{"taxonomy":"product_tag","embeddable":true,"href":"https:\/\/roveyayinevi.com.tr\/index.php\/wp-json\/wp\/v2\/product_tag?post=716347"}],"curies":[{"name":"wp","href":"https:\/\/api.w.org\/{rel}","templated":true}]}}