{"id":716346,"date":"2025-08-27T17:41:40","date_gmt":"2025-08-27T14:41:40","guid":{"rendered":"https:\/\/roveyayinevi.com.tr\/index.php\/urun\/asla-yenilmeyeceksin\/"},"modified":"2026-04-16T02:24:36","modified_gmt":"2026-04-15T23:24:36","slug":"asla-yenilmeyeceksin","status":"publish","type":"product","link":"https:\/\/roveyayinevi.com.tr\/index.php\/urun\/asla-yenilmeyeceksin\/","title":{"rendered":"Asla Yenilmeyeceksin"},"content":{"rendered":"<p>\u201cBir g\u00f6lge ad\u0131m ad\u0131m bizi izliyor. \u00c7eyizler ya seccadesiz ya bayraks\u0131z. T\u00fcrkiye\u2019nin kaderine, k\u0131zlar\u0131n\u0131n \u00e7eyizi karar verecektir.\u201dRecep \u015e\u00fckr\u00fc ApuhanT\u00fcrkiye Cumhuriyeti kolay kurulmad\u0131. Bu topraklar i\u00e7in \u00e7ok bedeller \u00f6dendi. Y\u00fczy\u0131llara \u00f6fkeli Avrupa, T\u00fcrkleri yok etmek i\u00e7in elinden geleni ard\u0131na koymad\u0131. Avrupa\u2019n\u0131n deste\u011fiyle i\u00e7erideki i\u015fbirlik\u00e7iler de her f\u0131rsatta T\u00fcrkleri s\u0131rt\u0131ndan vurdu.Mora\u2019da ba\u015flayan s\u00fcre\u00e7, bir as\u0131r sonra Sakarya Nehri\u2019nin \u00e7izdi\u011fi yaya kadar geldi. Manast\u0131r\u2019\u0131n da\u011flar\u0131nda, Tuna\u2019n\u0131n k\u0131y\u0131lar\u0131nda ve Kafkasya\u2019n\u0131n dar yollar\u0131nda i\u015fkence g\u00f6ren, tecav\u00fcze u\u011frayan, al\u0131n\u0131p sat\u0131lan, s\u00fcrg\u00fcn edilen ve \u00f6ld\u00fcr\u00fclen T\u00fcrkler; nihayetinde Anadolu\u2019ya s\u0131k\u0131\u015f\u0131p kald\u0131. Bu zaman zarf\u0131nda n\u00fcfus olarak \u00e7o\u011funlukta oldu\u011fu b\u00f6lgelerden Sakarya Nehri\u2019ne kadar \u00e7ekilmek zorunda kalarak burada verdikleri \u00f6l\u00fcm kal\u0131m m\u00fccadelesiyle bu s\u00fcrg\u00fcne son verdiler.Recep \u015e\u00fckr\u00fc Apuhan, bu \u00e7al\u0131\u015fmas\u0131nda sadece T\u00fcrkiye Cumhuriyeti\u2019nin kurulu\u015f \u00f6yk\u00fcs\u00fcn\u00fc de\u011fil, bir milletin ayakta kalmak i\u00e7in ne bedeller \u00f6dedi\u011fini, son 150 y\u0131ll\u0131k hazin tarihini anlatarak T\u00fcrk gen\u00e7lerine sesleniyor: Asla Yenilmeyeceksin!<\/p>\n","protected":false},"excerpt":{"rendered":"<p>\u201cBir g\u00f6lge ad\u0131m ad\u0131m bizi izliyor. \u00c7eyizler ya seccadesiz ya bayraks\u0131z. T\u00fcrkiye\u2019nin kaderine, k\u0131zlar\u0131n\u0131n \u00e7eyizi karar verecektir.\u201dRecep \u015e\u00fckr\u00fc ApuhanT\u00fcrkiye Cumhuriyeti kolay kurulmad\u0131. Bu topraklar i\u00e7in \u00e7ok<span class=\"excerpt-hellip\"> [\u2026]<\/span><\/p>\n","protected":false},"featured_media":0,"template":"","meta":{"_monsterinsights_skip_tracking":false,"_monsterinsights_sitenote_active":false,"_monsterinsights_sitenote_note":"","_monsterinsights_sitenote_category":0},"product_brand":[],"product_cat":[12312,12304],"product_tag":[],"class_list":{"0":"post-716346","1":"product","2":"type-product","3":"status-publish","5":"product_cat-diger","6":"product_cat-tarih","7":"pa_cilt-ciltsiz","8":"pa_tur-kitap","9":"pa_yayinevi-timas-yayinlari","10":"pa_yazar-recep-sukru-apuhan","12":"first","13":"instock","14":"sale","15":"shipping-taxable","16":"purchasable","17":"product-type-simple"},"_links":{"self":[{"href":"https:\/\/roveyayinevi.com.tr\/index.php\/wp-json\/wp\/v2\/product\/716346","targetHints":{"allow":["GET"]}}],"collection":[{"href":"https:\/\/roveyayinevi.com.tr\/index.php\/wp-json\/wp\/v2\/product"}],"about":[{"href":"https:\/\/roveyayinevi.com.tr\/index.php\/wp-json\/wp\/v2\/types\/product"}],"wp:attachment":[{"href":"https:\/\/roveyayinevi.com.tr\/index.php\/wp-json\/wp\/v2\/media?parent=716346"}],"wp:term":[{"taxonomy":"product_brand","embeddable":true,"href":"https:\/\/roveyayinevi.com.tr\/index.php\/wp-json\/wp\/v2\/product_brand?post=716346"},{"taxonomy":"product_cat","embeddable":true,"href":"https:\/\/roveyayinevi.com.tr\/index.php\/wp-json\/wp\/v2\/product_cat?post=716346"},{"taxonomy":"product_tag","embeddable":true,"href":"https:\/\/roveyayinevi.com.tr\/index.php\/wp-json\/wp\/v2\/product_tag?post=716346"}],"curies":[{"name":"wp","href":"https:\/\/api.w.org\/{rel}","templated":true}]}}