{"id":716344,"date":"2025-08-27T17:41:38","date_gmt":"2025-08-27T14:41:38","guid":{"rendered":"https:\/\/roveyayinevi.com.tr\/index.php\/urun\/can-ile-canan-peygamberimizi-seviyoruz-seti-5-kitap-takim\/"},"modified":"2026-04-12T02:29:56","modified_gmt":"2026-04-11T23:29:56","slug":"can-ile-canan-peygamberimizi-seviyoruz-seti-5-kitap-takim","status":"publish","type":"product","link":"https:\/\/roveyayinevi.com.tr\/index.php\/urun\/can-ile-canan-peygamberimizi-seviyoruz-seti-5-kitap-takim\/","title":{"rendered":"Can \u0130le Canan Peygamberimizi Seviyoruz Seti (5 Kitap Tak\u0131m)"},"content":{"rendered":"<p>Merakl\u0131 \u0130kizler Can \u0130le Canan, kitapl\u0131ktan se\u00e7tikleri \u00e7ok g\u00fczel bir kitapla, Peygamberimizin ve arkada\u015flar\u0131n\u0131n ya\u015fad\u0131klar\u0131 Mutluluk \u00c7a\u011f\u0131\u2019n\u0131 \u00e7ok daha yak\u0131ndan tan\u0131yor; bu kitab\u0131 yeni \u00f6\u011frendikleri Etkili Okuma Y\u00f6ntemleri ile okurken, yeteneklerini ke\u015ffediyorlar. Can ile Canan&#8217;\u0131n afacan karde\u015fleri Handan ve sevimli kedileri Keman&#8217;la ya\u015fad\u0131klar\u0131n\u0131 anlatt\u0131klar\u0131 s\u0131cac\u0131k \u00f6yk\u00fclerinde, sevgi dolu bir d\u00fcnya seni bekliyor\u2026<\/p>\n","protected":false},"excerpt":{"rendered":"<p>Merakl\u0131 \u0130kizler Can \u0130le Canan, kitapl\u0131ktan se\u00e7tikleri \u00e7ok g\u00fczel bir kitapla, Peygamberimizin ve arkada\u015flar\u0131n\u0131n ya\u015fad\u0131klar\u0131 Mutluluk \u00c7a\u011f\u0131\u2019n\u0131 \u00e7ok daha yak\u0131ndan tan\u0131yor; bu kitab\u0131 yeni \u00f6\u011frendikleri Etkili<span class=\"excerpt-hellip\"> [\u2026]<\/span><\/p>\n","protected":false},"featured_media":0,"template":"","meta":{"_monsterinsights_skip_tracking":false,"_monsterinsights_sitenote_active":false,"_monsterinsights_sitenote_note":"","_monsterinsights_sitenote_category":0},"product_brand":[],"product_cat":[12274,12284],"product_tag":[],"class_list":{"0":"post-716344","1":"product","2":"type-product","3":"status-publish","5":"product_cat-cocuk-ve-genclik-kitaplari","6":"product_cat-hikayeler","7":"pa_cilt-ciltsiz","8":"pa_tur-kitap","9":"pa_yayinevi-timas-cocuk","10":"pa_yazar-nefise-atcakarlar","12":"first","13":"instock","14":"sale","15":"shipping-taxable","16":"purchasable","17":"product-type-simple"},"_links":{"self":[{"href":"https:\/\/roveyayinevi.com.tr\/index.php\/wp-json\/wp\/v2\/product\/716344","targetHints":{"allow":["GET"]}}],"collection":[{"href":"https:\/\/roveyayinevi.com.tr\/index.php\/wp-json\/wp\/v2\/product"}],"about":[{"href":"https:\/\/roveyayinevi.com.tr\/index.php\/wp-json\/wp\/v2\/types\/product"}],"wp:attachment":[{"href":"https:\/\/roveyayinevi.com.tr\/index.php\/wp-json\/wp\/v2\/media?parent=716344"}],"wp:term":[{"taxonomy":"product_brand","embeddable":true,"href":"https:\/\/roveyayinevi.com.tr\/index.php\/wp-json\/wp\/v2\/product_brand?post=716344"},{"taxonomy":"product_cat","embeddable":true,"href":"https:\/\/roveyayinevi.com.tr\/index.php\/wp-json\/wp\/v2\/product_cat?post=716344"},{"taxonomy":"product_tag","embeddable":true,"href":"https:\/\/roveyayinevi.com.tr\/index.php\/wp-json\/wp\/v2\/product_tag?post=716344"}],"curies":[{"name":"wp","href":"https:\/\/api.w.org\/{rel}","templated":true}]}}