{"id":716343,"date":"2025-08-27T17:41:38","date_gmt":"2025-08-27T14:41:38","guid":{"rendered":"https:\/\/roveyayinevi.com.tr\/index.php\/urun\/comert-peygamberim-can-ile-canan-peygamberimizi-seviyoruz\/"},"modified":"2026-04-16T02:24:36","modified_gmt":"2026-04-15T23:24:36","slug":"comert-peygamberim-can-ile-canan-peygamberimizi-seviyoruz","status":"publish","type":"product","link":"https:\/\/roveyayinevi.com.tr\/index.php\/urun\/comert-peygamberim-can-ile-canan-peygamberimizi-seviyoruz\/","title":{"rendered":"C\u00f6mert Peygamberim &#8211; Can \u0130le Canan Peygamberimizi Seviyoruz"},"content":{"rendered":"<p>Merakl\u0131 \u0130kizler Can \u0130le Canan, kitapl\u0131ktan se\u00e7tikleri \u00e7ok g\u00fczel bir kitapla, Peygamberimizin ve arkada\u015flar\u0131n\u0131n ya\u015fad\u0131klar\u0131 mutluluk \u00e7a\u011f\u0131\u2019n\u0131 \u00e7ok daha yak\u0131ndan tan\u0131yor; bu kitab\u0131 yeni \u00f6\u011frendikleri etkili okuma y\u00f6ntemleri ile okurken, yeteneklerini ke\u015ffediyorlar.Bu kitapta, Peygamberimizin g\u00fczel ahlak\u0131ndan \u201cC\u00f6mertlik\u201d \u00fczerine bir\u00e7ok \u00f6rne\u011fe tan\u0131k olacaks\u0131n\u0131z.<\/p>\n","protected":false},"excerpt":{"rendered":"<p>Merakl\u0131 \u0130kizler Can \u0130le Canan, kitapl\u0131ktan se\u00e7tikleri \u00e7ok g\u00fczel bir kitapla, Peygamberimizin ve arkada\u015flar\u0131n\u0131n ya\u015fad\u0131klar\u0131 mutluluk \u00e7a\u011f\u0131\u2019n\u0131 \u00e7ok daha yak\u0131ndan tan\u0131yor; bu kitab\u0131 yeni \u00f6\u011frendikleri etkili<span class=\"excerpt-hellip\"> [\u2026]<\/span><\/p>\n","protected":false},"featured_media":0,"template":"","meta":{"_monsterinsights_skip_tracking":false,"_monsterinsights_sitenote_active":false,"_monsterinsights_sitenote_note":"","_monsterinsights_sitenote_category":0},"product_brand":[],"product_cat":[12274,12284],"product_tag":[],"class_list":{"0":"post-716343","1":"product","2":"type-product","3":"status-publish","5":"product_cat-cocuk-ve-genclik-kitaplari","6":"product_cat-hikayeler","7":"pa_cilt-ciltsiz","8":"pa_tur-kitap","9":"pa_yayinevi-timas-cocuk","10":"pa_yazar-nefise-atcakarlar","12":"first","13":"instock","14":"sale","15":"shipping-taxable","16":"purchasable","17":"product-type-simple"},"_links":{"self":[{"href":"https:\/\/roveyayinevi.com.tr\/index.php\/wp-json\/wp\/v2\/product\/716343","targetHints":{"allow":["GET"]}}],"collection":[{"href":"https:\/\/roveyayinevi.com.tr\/index.php\/wp-json\/wp\/v2\/product"}],"about":[{"href":"https:\/\/roveyayinevi.com.tr\/index.php\/wp-json\/wp\/v2\/types\/product"}],"wp:attachment":[{"href":"https:\/\/roveyayinevi.com.tr\/index.php\/wp-json\/wp\/v2\/media?parent=716343"}],"wp:term":[{"taxonomy":"product_brand","embeddable":true,"href":"https:\/\/roveyayinevi.com.tr\/index.php\/wp-json\/wp\/v2\/product_brand?post=716343"},{"taxonomy":"product_cat","embeddable":true,"href":"https:\/\/roveyayinevi.com.tr\/index.php\/wp-json\/wp\/v2\/product_cat?post=716343"},{"taxonomy":"product_tag","embeddable":true,"href":"https:\/\/roveyayinevi.com.tr\/index.php\/wp-json\/wp\/v2\/product_tag?post=716343"}],"curies":[{"name":"wp","href":"https:\/\/api.w.org\/{rel}","templated":true}]}}