{"id":716338,"date":"2025-08-27T17:41:34","date_gmt":"2025-08-27T14:41:34","guid":{"rendered":"https:\/\/roveyayinevi.com.tr\/index.php\/urun\/derenin-turkusu-hebo\/"},"modified":"2026-04-16T02:24:36","modified_gmt":"2026-04-15T23:24:36","slug":"derenin-turkusu-hebo","status":"publish","type":"product","link":"https:\/\/roveyayinevi.com.tr\/index.php\/urun\/derenin-turkusu-hebo\/","title":{"rendered":"Derenin T\u00fcrk\u00fcs\u00fc &#8211; Hebo"},"content":{"rendered":"<p>Kahraman\u0131m\u0131z Hebo, serinin bu ikinci kitab\u0131nda, gizli s\u0131\u011f\u0131na\u011f\u0131n izini s\u00fcrmeye devam ederken, dereyle ve do\u011fayla olan ili\u015fkisi de giderek daha s\u0131k\u0131 bir h\u00e2l almaya ba\u015fl\u0131yor.Uzaklara, \u00e7\u0131plak ayaklar\u0131n\u0131 bast\u0131\u011f\u0131 topra\u011fa, avu\u00e7lar\u0131ndan kay\u0131p giden g\u00fcm\u00fc\u015f rengi bal\u0131klara, u\u00e7suz bucaks\u0131z g\u00f6ky\u00fcz\u00fcne, Maral\u0131\u2019n\u0131n g\u00f6zleri gibi \u0131\u015f\u0131ldayan y\u0131ld\u0131zlara, k\u0131saca t\u00fcm do\u011faya duydu\u011fu sevgi, Hebo\u2019yu evrenin m\u00fczi\u011fiyle tan\u0131\u015f\u0131kl\u0131\u011fa g\u00f6t\u00fcr\u00fcrken, ayn\u0131 zamanda ona sonsuz bir gizemin de kap\u0131s\u0131n\u0131 aral\u0131yor.Annesinin hastal\u0131\u011f\u0131yla ba\u015flayan ve y\u00fcre\u011fini daraltan h\u00fcz\u00fcnl\u00fc g\u00fcnler\u2026Kafa dengi buldu\u011fu Dervi\u015f\u2019le hayat\u0131na a\u00e7\u0131lan yeni pencere\u2026Ve da\u011flardan, bulutlardan bile y\u00fcksek bir yerlerden gelip, k\u00fc\u00e7\u00fcc\u00fck d\u00fcnyas\u0131n\u0131 dostlukla dopdolu k\u0131lan Maral\u0131\u2026B\u00fct\u00fcn bunlar\u0131n \u00fcst\u00fcne Hebo, kendisine korku, heyecan ve merak duygular\u0131n\u0131 bir arada ya\u015fatan Mustafa\u2019y\u0131 tan\u0131yor. S\u0131rr\u0131n\u0131 kimselerin \u00e7\u00f6zemedi\u011fi Beylerin Mustafa\u2019y\u0131\u2026<\/p>\n","protected":false},"excerpt":{"rendered":"<p>Kahraman\u0131m\u0131z Hebo, serinin bu ikinci kitab\u0131nda, gizli s\u0131\u011f\u0131na\u011f\u0131n izini s\u00fcrmeye devam ederken, dereyle ve do\u011fayla olan ili\u015fkisi de giderek daha s\u0131k\u0131 bir h\u00e2l almaya ba\u015fl\u0131yor.Uzaklara, \u00e7\u0131plak<span class=\"excerpt-hellip\"> [\u2026]<\/span><\/p>\n","protected":false},"featured_media":0,"template":"","meta":{"_monsterinsights_skip_tracking":false,"_monsterinsights_sitenote_active":false,"_monsterinsights_sitenote_note":"","_monsterinsights_sitenote_category":0},"product_brand":[],"product_cat":[12274,12284],"product_tag":[],"class_list":{"0":"post-716338","1":"product","2":"type-product","3":"status-publish","5":"product_cat-cocuk-ve-genclik-kitaplari","6":"product_cat-hikayeler","7":"pa_cilt-ciltsiz","8":"pa_tur-kitap","9":"pa_yayinevi-genc-timas","10":"pa_yazar-kasim-tiryaki","12":"first","13":"instock","14":"sale","15":"shipping-taxable","16":"purchasable","17":"product-type-simple"},"_links":{"self":[{"href":"https:\/\/roveyayinevi.com.tr\/index.php\/wp-json\/wp\/v2\/product\/716338","targetHints":{"allow":["GET"]}}],"collection":[{"href":"https:\/\/roveyayinevi.com.tr\/index.php\/wp-json\/wp\/v2\/product"}],"about":[{"href":"https:\/\/roveyayinevi.com.tr\/index.php\/wp-json\/wp\/v2\/types\/product"}],"wp:attachment":[{"href":"https:\/\/roveyayinevi.com.tr\/index.php\/wp-json\/wp\/v2\/media?parent=716338"}],"wp:term":[{"taxonomy":"product_brand","embeddable":true,"href":"https:\/\/roveyayinevi.com.tr\/index.php\/wp-json\/wp\/v2\/product_brand?post=716338"},{"taxonomy":"product_cat","embeddable":true,"href":"https:\/\/roveyayinevi.com.tr\/index.php\/wp-json\/wp\/v2\/product_cat?post=716338"},{"taxonomy":"product_tag","embeddable":true,"href":"https:\/\/roveyayinevi.com.tr\/index.php\/wp-json\/wp\/v2\/product_tag?post=716338"}],"curies":[{"name":"wp","href":"https:\/\/api.w.org\/{rel}","templated":true}]}}