{"id":716337,"date":"2025-08-27T17:41:33","date_gmt":"2025-08-27T14:41:33","guid":{"rendered":"https:\/\/roveyayinevi.com.tr\/index.php\/urun\/benim-icin-ne-dilersen-bir-dilek-tut-2\/"},"modified":"2026-04-16T02:24:36","modified_gmt":"2026-04-15T23:24:36","slug":"benim-icin-ne-dilersen-bir-dilek-tut-2","status":"publish","type":"product","link":"https:\/\/roveyayinevi.com.tr\/index.php\/urun\/benim-icin-ne-dilersen-bir-dilek-tut-2\/","title":{"rendered":"Benim \u0130\u00e7in Ne Dilersen &#8211; Bir Dilek Tut 2"},"content":{"rendered":"<p>Ankara\u2019n\u0131n K\u0131z\u0131lcahamam il\u00e7esine yap\u0131lan bir \u00f6\u011frenci gezisi, \u00f6\u011frencilerin ve \u00f6\u011fretmenlerinin samimi, yer yer duygu dolu, yer yer g\u00fcl\u00fcmseten hik\u00e2yeleriyle birle\u015fiyor.Do\u011fan\u0131n ve tarihin g\u00fczelliklerine, dillerden dile dola\u015fan \u201cYedi Kulplu Kazan\u201d efsanesinin pe\u015finden giden Alman arkeologlar\u0131n gizli planlar\u0131 kar\u0131\u015f\u0131yor: Kaybolan \u00f6\u011frenciler, gizemli bir defter, heyecan dolu bir macera\u2026Hayat\u0131n i\u00e7inden ve hayata dair ne varsa bulabilece\u011finiz Benim \u0130\u00e7in Ne Dilersen olduk\u00e7a i\u00e7ten ve i\u00e7imizden bir roman.<\/p>\n","protected":false},"excerpt":{"rendered":"<p>Ankara\u2019n\u0131n K\u0131z\u0131lcahamam il\u00e7esine yap\u0131lan bir \u00f6\u011frenci gezisi, \u00f6\u011frencilerin ve \u00f6\u011fretmenlerinin samimi, yer yer duygu dolu, yer yer g\u00fcl\u00fcmseten hik\u00e2yeleriyle birle\u015fiyor.Do\u011fan\u0131n ve tarihin g\u00fczelliklerine, dillerden dile dola\u015fan<span class=\"excerpt-hellip\"> [\u2026]<\/span><\/p>\n","protected":false},"featured_media":0,"template":"","meta":{"_monsterinsights_skip_tracking":false,"_monsterinsights_sitenote_active":false,"_monsterinsights_sitenote_note":"","_monsterinsights_sitenote_category":0},"product_brand":[],"product_cat":[12274,12284],"product_tag":[],"class_list":{"0":"post-716337","1":"product","2":"type-product","3":"status-publish","5":"product_cat-cocuk-ve-genclik-kitaplari","6":"product_cat-hikayeler","7":"pa_cilt-ciltsiz","8":"pa_tur-kitap","9":"pa_yayinevi-genc-timas","10":"pa_yazar-yilmaz-erdogan","12":"first","13":"instock","14":"sale","15":"shipping-taxable","16":"purchasable","17":"product-type-simple"},"_links":{"self":[{"href":"https:\/\/roveyayinevi.com.tr\/index.php\/wp-json\/wp\/v2\/product\/716337","targetHints":{"allow":["GET"]}}],"collection":[{"href":"https:\/\/roveyayinevi.com.tr\/index.php\/wp-json\/wp\/v2\/product"}],"about":[{"href":"https:\/\/roveyayinevi.com.tr\/index.php\/wp-json\/wp\/v2\/types\/product"}],"wp:attachment":[{"href":"https:\/\/roveyayinevi.com.tr\/index.php\/wp-json\/wp\/v2\/media?parent=716337"}],"wp:term":[{"taxonomy":"product_brand","embeddable":true,"href":"https:\/\/roveyayinevi.com.tr\/index.php\/wp-json\/wp\/v2\/product_brand?post=716337"},{"taxonomy":"product_cat","embeddable":true,"href":"https:\/\/roveyayinevi.com.tr\/index.php\/wp-json\/wp\/v2\/product_cat?post=716337"},{"taxonomy":"product_tag","embeddable":true,"href":"https:\/\/roveyayinevi.com.tr\/index.php\/wp-json\/wp\/v2\/product_tag?post=716337"}],"curies":[{"name":"wp","href":"https:\/\/api.w.org\/{rel}","templated":true}]}}