{"id":716336,"date":"2025-08-27T17:41:33","date_gmt":"2025-08-27T14:41:33","guid":{"rendered":"https:\/\/roveyayinevi.com.tr\/index.php\/urun\/ask-kapisi-mevlana\/"},"modified":"2026-04-16T02:24:36","modified_gmt":"2026-04-15T23:24:36","slug":"ask-kapisi-mevlana","status":"publish","type":"product","link":"https:\/\/roveyayinevi.com.tr\/index.php\/urun\/ask-kapisi-mevlana\/","title":{"rendered":"A\u015fk Kap\u0131s\u0131 Mevlana"},"content":{"rendered":"<p>Dostumuz Mevlana\u2026As\u0131rlard\u0131r do\u011fru yolu g\u00f6steriyor, bize moral veriyor, bizi motive ediyor.Hayat\u0131m\u0131z\u0131 a\u015fkla anlamland\u0131r\u0131yor, duygular\u0131m\u0131z\u0131 co\u015fturup kanatland\u0131r\u0131yor.Bizi kendimize, \u00f6z\u00fcm\u00fcze d\u00f6nd\u00fcr\u00fcyor, ebed\u00ee bir gen\u00e7lik a\u015f\u0131s\u0131 yap\u0131yor.O g\u00fc\u00e7l\u00fc bir sevgi m\u0131knat\u0131s\u0131\u2026 G\u00fcr\u00fcl g\u00fcr\u00fcl akan bir teselli p\u0131nar\u0131\u2026Ac\u0131lar\u0131m\u0131z\u0131 tatland\u0131r\u0131yor, g\u00f6zya\u015flar\u0131m\u0131z\u0131 siliyor ve bizi \u015fefkatle kucakl\u0131yor.Kendine de\u011fil, Y\u00fcce Yaratan\u2019a \u00e7a\u011f\u0131r\u0131yor.Dostumuz Mevlana\u2026Dostsuzlara dost oluyor\u2026<\/p>\n","protected":false},"excerpt":{"rendered":"<p>Dostumuz Mevlana\u2026As\u0131rlard\u0131r do\u011fru yolu g\u00f6steriyor, bize moral veriyor, bizi motive ediyor.Hayat\u0131m\u0131z\u0131 a\u015fkla anlamland\u0131r\u0131yor, duygular\u0131m\u0131z\u0131 co\u015fturup kanatland\u0131r\u0131yor.Bizi kendimize, \u00f6z\u00fcm\u00fcze d\u00f6nd\u00fcr\u00fcyor, ebed\u00ee bir gen\u00e7lik a\u015f\u0131s\u0131 yap\u0131yor.O g\u00fc\u00e7l\u00fc bir<span class=\"excerpt-hellip\"> [\u2026]<\/span><\/p>\n","protected":false},"featured_media":0,"template":"","meta":{"_monsterinsights_skip_tracking":false,"_monsterinsights_sitenote_active":false,"_monsterinsights_sitenote_note":"","_monsterinsights_sitenote_category":0},"product_brand":[],"product_cat":[12274,12284],"product_tag":[],"class_list":{"0":"post-716336","1":"product","2":"type-product","3":"status-publish","5":"product_cat-cocuk-ve-genclik-kitaplari","6":"product_cat-hikayeler","7":"pa_cilt-ciltsiz","8":"pa_tur-kitap","9":"pa_yayinevi-genc-timas","10":"pa_yazar-vehbi-vakkasoglu","12":"first","13":"instock","14":"sale","15":"shipping-taxable","16":"purchasable","17":"product-type-simple"},"_links":{"self":[{"href":"https:\/\/roveyayinevi.com.tr\/index.php\/wp-json\/wp\/v2\/product\/716336","targetHints":{"allow":["GET"]}}],"collection":[{"href":"https:\/\/roveyayinevi.com.tr\/index.php\/wp-json\/wp\/v2\/product"}],"about":[{"href":"https:\/\/roveyayinevi.com.tr\/index.php\/wp-json\/wp\/v2\/types\/product"}],"wp:attachment":[{"href":"https:\/\/roveyayinevi.com.tr\/index.php\/wp-json\/wp\/v2\/media?parent=716336"}],"wp:term":[{"taxonomy":"product_brand","embeddable":true,"href":"https:\/\/roveyayinevi.com.tr\/index.php\/wp-json\/wp\/v2\/product_brand?post=716336"},{"taxonomy":"product_cat","embeddable":true,"href":"https:\/\/roveyayinevi.com.tr\/index.php\/wp-json\/wp\/v2\/product_cat?post=716336"},{"taxonomy":"product_tag","embeddable":true,"href":"https:\/\/roveyayinevi.com.tr\/index.php\/wp-json\/wp\/v2\/product_tag?post=716336"}],"curies":[{"name":"wp","href":"https:\/\/api.w.org\/{rel}","templated":true}]}}