{"id":716334,"date":"2025-08-27T17:41:31","date_gmt":"2025-08-27T14:41:31","guid":{"rendered":"https:\/\/roveyayinevi.com.tr\/index.php\/urun\/hadi-uc\/"},"modified":"2026-04-16T02:24:36","modified_gmt":"2026-04-15T23:24:36","slug":"hadi-uc","status":"publish","type":"product","link":"https:\/\/roveyayinevi.com.tr\/index.php\/urun\/hadi-uc\/","title":{"rendered":"Hadi U\u00e7 !"},"content":{"rendered":"<p>U\u00e7mak do\u011falar\u0131nda varsa neden kafestedir ku\u015flar?Bu sorunun pe\u015finden giden bir \u00e7ocu\u011fun kendi elleriyle sundu\u011fu yan\u0131t , kalpleri p\u0131r p\u0131r ettirecek, hepimizi ad\u0131m ad\u0131m kanatland\u0131racak.Kanatlar\u0131m\u0131z\u0131 ke\u015ffedenlere , \u00f6zene ve \u00f6zg\u00fcrl\u00fc\u011fe uazt\u0131lm\u0131\u015f naif incelikli bir hediye.<\/p>\n","protected":false},"excerpt":{"rendered":"<p>U\u00e7mak do\u011falar\u0131nda varsa neden kafestedir ku\u015flar?Bu sorunun pe\u015finden giden bir \u00e7ocu\u011fun kendi elleriyle sundu\u011fu yan\u0131t , kalpleri p\u0131r p\u0131r ettirecek, hepimizi ad\u0131m ad\u0131m kanatland\u0131racak.Kanatlar\u0131m\u0131z\u0131 ke\u015ffedenlere ,<span class=\"excerpt-hellip\"> [\u2026]<\/span><\/p>\n","protected":false},"featured_media":0,"template":"","meta":{"_monsterinsights_skip_tracking":false,"_monsterinsights_sitenote_active":false,"_monsterinsights_sitenote_note":"","_monsterinsights_sitenote_category":0},"product_brand":[],"product_cat":[12274,12284],"product_tag":[],"class_list":{"0":"post-716334","1":"product","2":"type-product","3":"status-publish","5":"product_cat-cocuk-ve-genclik-kitaplari","6":"product_cat-hikayeler","7":"pa_cilt-ciltsiz","8":"pa_tur-kitap","9":"pa_yayinevi-elma-cocuk","10":"pa_yazar-paula-carballeira","12":"first","13":"instock","14":"sale","15":"shipping-taxable","16":"purchasable","17":"product-type-simple"},"_links":{"self":[{"href":"https:\/\/roveyayinevi.com.tr\/index.php\/wp-json\/wp\/v2\/product\/716334","targetHints":{"allow":["GET"]}}],"collection":[{"href":"https:\/\/roveyayinevi.com.tr\/index.php\/wp-json\/wp\/v2\/product"}],"about":[{"href":"https:\/\/roveyayinevi.com.tr\/index.php\/wp-json\/wp\/v2\/types\/product"}],"wp:attachment":[{"href":"https:\/\/roveyayinevi.com.tr\/index.php\/wp-json\/wp\/v2\/media?parent=716334"}],"wp:term":[{"taxonomy":"product_brand","embeddable":true,"href":"https:\/\/roveyayinevi.com.tr\/index.php\/wp-json\/wp\/v2\/product_brand?post=716334"},{"taxonomy":"product_cat","embeddable":true,"href":"https:\/\/roveyayinevi.com.tr\/index.php\/wp-json\/wp\/v2\/product_cat?post=716334"},{"taxonomy":"product_tag","embeddable":true,"href":"https:\/\/roveyayinevi.com.tr\/index.php\/wp-json\/wp\/v2\/product_tag?post=716334"}],"curies":[{"name":"wp","href":"https:\/\/api.w.org\/{rel}","templated":true}]}}