{"id":716331,"date":"2025-08-27T17:41:29","date_gmt":"2025-08-27T14:41:29","guid":{"rendered":"https:\/\/roveyayinevi.com.tr\/index.php\/urun\/turk-kamu-yonetiminde-rusvet\/"},"modified":"2026-04-16T02:24:36","modified_gmt":"2026-04-15T23:24:36","slug":"turk-kamu-yonetiminde-rusvet","status":"publish","type":"product","link":"https:\/\/roveyayinevi.com.tr\/index.php\/urun\/turk-kamu-yonetiminde-rusvet\/","title":{"rendered":"T\u00fcrk Kamu Y\u00f6netiminde R\u00fc\u015fvet"},"content":{"rendered":"<p>Toplumsal sistemin ge\u00e7i\u015f d\u00f6nemlerinde , hemen hemen t\u00fcm par\u00e7alarda g\u00f6r\u00fclen bozulmalar ve d\u00fczensizlikler , toplumsal sistemin \u00f6nemli ve b\u00fcy\u00fck bir par\u00e7as\u0131n\u0131 olu\u015fturan kamu y\u00f6netimi \u00fczerine de etkili olmaktad\u0131r.Kamu y\u00f6netimi i\u00e7esinide bulundu\u011fu toplumsal sistemin bir alt sistemidir, bu y\u00f6n\u00fc ile kamu y\u00f6netiminin bir sorunu olarak alg\u0131lanan r\u00fc\u015fvet toplumdan ba\u011f\u0131ms\u0131z olarak d\u00fc\u015f\u00fcn\u00fclemez .Dolay\u0131s\u0131 ile kamu y\u00f6netiminde r\u00fc\u015fvet olgusu siyasal , k\u00fclt\u00fcrel ,toplumsal  ve ekonomik fakt\u00f6rler g\u00f6z \u00f6n\u00fcne al\u0131nmadan incelenemez.Buradan hareketle T\u00fcrk kamu y\u00f6netiminin en \u00f6nemli hastal\u0131klar\u0131ndan birisi olan r\u00fc\u015fvet; siysal , k\u00fclt\u00fcrel , hukuksal , toplumsal ve ekonomik fakt\u00f6rlerden beslenmetedir ve onlar\u0131n \u00fcr\u00fcn\u00fcd\u00fcr.Kamu y\u00f6netiminin en \u00f6nemli hastal\u0131klar\u0131ndan biri olarak g\u00f6r\u00fclen r\u00fc\u015fvetin olumlu etkilerinin bulundu\u011fu , y\u00f6nteminin bi\u00e7imsel yap\u0131lar\u0131n\u0131n ve kurallar\u0131n\u0131n , sorunlar\u0131n \u00e7\u00f6z\u00fcm\u00fcnde yetersiz kald\u0131\u011f\u0131 noktalarda r\u00fc\u015fvetin i\u015flevsel olabilece\u011fi , \u00e7\u0131kar k\u00fcmlerinin r\u00fc\u015fvet arac\u0131l\u0131\u011f\u0131 ile bir anlamda karar s\u00fcrecine kat\u0131larak d\u00fczenin kar\u015f\u0131t\u0131 olaca\u011f\u0131na yanda\u015f\u0131 olaca\u011f\u0131 , r\u00fc\u015fvet ile b\u00fcrokratik bi\u00e7imselli\u011fin ve kat\u0131l\u0131\u011f\u0131n  yumu\u015fat\u0131laca\u011f\u0131n\u0131 ifade eden yakla\u015f\u0131mlar s\u00f6z konusudur.\u00d6zellikle az geli\u015fmi\u015f ve de\u011fi\u015fim s\u00fcrecinde yararl\u0131 bir ya\u011flama meknizmas\u0131 olarak g\u00f6r\u00fclmektedir.R\u00fc\u015fvet, T\u00fcrk Kamu Y\u00f6netimi&#8217;nde en yayg\u0131n sorunlardan biri olmas\u0131na ra\u011fmen, \u00e7ok fazla incelenmi\u015fir.Bu \u00e7al\u0131\u015fmada , r\u00fc\u015fvetin kavramsal analizi yap\u0131lm\u0131\u015f, r\u00fc\u015fvetin i\u015fleyi\u015f bi\u00e7imi, toplumsal kurumsalla\u015fma yollar\u0131 ve etkileri ortaya konulmu\u015ftur.Bunlar yap\u0131l\u0131rken en yayg\u0131n r\u00fc\u015fvet y\u00f6netimlerinin neler oldu\u011fu , r\u00fc\u015fvetin hangi ama\u00e7larla verildi\u011fi, hangi durumlar\u0131n r\u00fc\u015fvet olarak g\u00f6r\u00fcld\u00fc\u011f\u00fc ve r\u00fc\u015fvetin toplumsal , siyasi , ekonomik, k\u00fclt\u00fcrel , \u00f6rg\u00fctsel ve hukuksal nedenleri ortaya konulmaya \u00e7al\u0131\u015f\u0131lm\u0131\u015ft\u0131r. Yine r\u00fc\u015fvetin nedenlerinden yola \u00e7\u0131karak r\u00fc\u015fvetin \u00f6nlenmesi i\u00e7in yap\u0131lmas\u0131 gerekenlerin belirlenmesine \u00e7al\u0131\u015f\u0131lm\u0131\u015ft\u0131r.<\/p>\n","protected":false},"excerpt":{"rendered":"<p>Toplumsal sistemin ge\u00e7i\u015f d\u00f6nemlerinde , hemen hemen t\u00fcm par\u00e7alarda g\u00f6r\u00fclen bozulmalar ve d\u00fczensizlikler , toplumsal sistemin \u00f6nemli ve b\u00fcy\u00fck bir par\u00e7as\u0131n\u0131 olu\u015fturan kamu y\u00f6netimi \u00fczerine de<span class=\"excerpt-hellip\"> [\u2026]<\/span><\/p>\n","protected":false},"featured_media":0,"template":"","meta":{"_monsterinsights_skip_tracking":false,"_monsterinsights_sitenote_active":false,"_monsterinsights_sitenote_note":"","_monsterinsights_sitenote_category":0},"product_brand":[],"product_cat":[13043,19008],"product_tag":[],"class_list":{"0":"post-716331","1":"product","2":"type-product","3":"status-publish","5":"product_cat-ekonomi","6":"product_cat-yonetim","7":"pa_cilt-ciltsiz","8":"pa_tur-kitap","9":"pa_yayinevi-a-kitap","10":"pa_yazar-yusuf-pustu","12":"first","13":"instock","14":"sale","15":"shipping-taxable","16":"purchasable","17":"product-type-simple"},"_links":{"self":[{"href":"https:\/\/roveyayinevi.com.tr\/index.php\/wp-json\/wp\/v2\/product\/716331","targetHints":{"allow":["GET"]}}],"collection":[{"href":"https:\/\/roveyayinevi.com.tr\/index.php\/wp-json\/wp\/v2\/product"}],"about":[{"href":"https:\/\/roveyayinevi.com.tr\/index.php\/wp-json\/wp\/v2\/types\/product"}],"wp:attachment":[{"href":"https:\/\/roveyayinevi.com.tr\/index.php\/wp-json\/wp\/v2\/media?parent=716331"}],"wp:term":[{"taxonomy":"product_brand","embeddable":true,"href":"https:\/\/roveyayinevi.com.tr\/index.php\/wp-json\/wp\/v2\/product_brand?post=716331"},{"taxonomy":"product_cat","embeddable":true,"href":"https:\/\/roveyayinevi.com.tr\/index.php\/wp-json\/wp\/v2\/product_cat?post=716331"},{"taxonomy":"product_tag","embeddable":true,"href":"https:\/\/roveyayinevi.com.tr\/index.php\/wp-json\/wp\/v2\/product_tag?post=716331"}],"curies":[{"name":"wp","href":"https:\/\/api.w.org\/{rel}","templated":true}]}}