{"id":716326,"date":"2025-08-27T17:41:26","date_gmt":"2025-08-27T14:41:26","guid":{"rendered":"https:\/\/roveyayinevi.com.tr\/index.php\/urun\/gizemi-yasamak\/"},"modified":"2026-04-05T02:29:11","modified_gmt":"2026-04-04T23:29:11","slug":"gizemi-yasamak","status":"publish","type":"product","link":"https:\/\/roveyayinevi.com.tr\/index.php\/urun\/gizemi-yasamak\/","title":{"rendered":"Gizemi Ya\u015famak"},"content":{"rendered":"<p>Hayat bir problem de\u011fildir. Onu \u00e7\u00f6zmeye \u00e7al\u0131\u015f\u0131rsan\u0131z elinizden kay\u0131p gider. Kap\u0131 a\u00e7\u0131kt\u0131r, o hi\u00e7bir zaman kilitli de\u011fildi. E\u011fer kap\u0131 kilitli olsayd\u0131, o zaman bilim insanlar\u0131 \u00e7\u00f6z\u00fcm\u00fc bulurlard\u0131. E\u011fer kap\u0131 kilitli olsayd\u0131, o zaman filozoflar onu a\u00e7acak bir sistem bulabilirlerdi. Ama kap\u0131 kilitli de\u011fil, bu y\u00fczden de kap\u0131dan inan\u00e7 ge\u00e7ebilir, herhangi bir \u00e7\u00f6z\u00fcm\u00fc, herhangi bir haz\u0131r cevab\u0131 olmadan. Kap\u0131y\u0131 itin a\u00e7\u0131ls\u0131n ve d\u0131\u015far\u0131 \u00e7\u0131k\u0131n. Hayat \u00e7\u00f6z\u00fclmesi gereken bir bilmece de\u011fil, ya\u015fanmas\u0131 gereken bir gizemdir. \u00c7ok yo\u011fun bir gizem de de\u011fildir asl\u0131nda, bu y\u00fczden g\u00fcven duyun ve bu gizemin i\u00e7ine girin. \u201cOsho, 20. y\u00fczy\u0131l\u0131n 1000 ilah\u0131ndan biri&#8230;\u201d The Sunday Times <\/p>\n","protected":false},"excerpt":{"rendered":"<p>Hayat bir problem de\u011fildir. Onu \u00e7\u00f6zmeye \u00e7al\u0131\u015f\u0131rsan\u0131z elinizden kay\u0131p gider. Kap\u0131 a\u00e7\u0131kt\u0131r, o hi\u00e7bir zaman kilitli de\u011fildi. E\u011fer kap\u0131 kilitli olsayd\u0131, o zaman bilim insanlar\u0131 \u00e7\u00f6z\u00fcm\u00fc<span class=\"excerpt-hellip\"> [\u2026]<\/span><\/p>\n","protected":false},"featured_media":0,"template":"","meta":{"_monsterinsights_skip_tracking":false,"_monsterinsights_sitenote_active":false,"_monsterinsights_sitenote_note":"","_monsterinsights_sitenote_category":0},"product_brand":[],"product_cat":[12364,12376],"product_tag":[],"class_list":{"0":"post-716326","1":"product","2":"type-product","3":"status-publish","5":"product_cat-genel-konular","6":"product_cat-kisisel-gelisim","7":"pa_cilt-ciltsiz","8":"pa_tur-kitap","9":"pa_yayinevi-omega","10":"pa_yazar-osho","12":"first","13":"instock","14":"sale","15":"shipping-taxable","16":"purchasable","17":"product-type-simple"},"_links":{"self":[{"href":"https:\/\/roveyayinevi.com.tr\/index.php\/wp-json\/wp\/v2\/product\/716326","targetHints":{"allow":["GET"]}}],"collection":[{"href":"https:\/\/roveyayinevi.com.tr\/index.php\/wp-json\/wp\/v2\/product"}],"about":[{"href":"https:\/\/roveyayinevi.com.tr\/index.php\/wp-json\/wp\/v2\/types\/product"}],"wp:attachment":[{"href":"https:\/\/roveyayinevi.com.tr\/index.php\/wp-json\/wp\/v2\/media?parent=716326"}],"wp:term":[{"taxonomy":"product_brand","embeddable":true,"href":"https:\/\/roveyayinevi.com.tr\/index.php\/wp-json\/wp\/v2\/product_brand?post=716326"},{"taxonomy":"product_cat","embeddable":true,"href":"https:\/\/roveyayinevi.com.tr\/index.php\/wp-json\/wp\/v2\/product_cat?post=716326"},{"taxonomy":"product_tag","embeddable":true,"href":"https:\/\/roveyayinevi.com.tr\/index.php\/wp-json\/wp\/v2\/product_tag?post=716326"}],"curies":[{"name":"wp","href":"https:\/\/api.w.org\/{rel}","templated":true}]}}