{"id":716325,"date":"2025-08-27T17:41:25","date_gmt":"2025-08-27T14:41:25","guid":{"rendered":"https:\/\/roveyayinevi.com.tr\/index.php\/urun\/buz-ejderhasi\/"},"modified":"2026-04-16T02:24:36","modified_gmt":"2026-04-15T23:24:36","slug":"buz-ejderhasi","status":"publish","type":"product","link":"https:\/\/roveyayinevi.com.tr\/index.php\/urun\/buz-ejderhasi\/","title":{"rendered":"Buz Ejderhas\u0131"},"content":{"rendered":"<p>K\u00fc\u00e7\u00fck ve cesur bir k\u0131z olan Adara buz ejderhas\u0131n\u0131 ilk kez ne zaman g\u00f6rd\u00fc\u011f\u00fcn\u00fc hat\u0131rlam\u0131yordu. Sanki ejderha hep orada, hep onun hayat\u0131ndayd\u0131. Di\u011fer \u00e7ocuklar so\u011fuktan ka\u00e7arken Adara karda oynar, buz ejderhas\u0131n\u0131 uzaktan izlerdi. So\u011fuktan korkmuyordu.  K\u0131\u015f \u00e7ocu\u011fuydu o, atalar\u0131n\u0131n bile hayatlar\u0131nda g\u00f6rd\u00fckleri en korkun\u00e7 k\u0131\u015fta do\u011fmu\u015ftu. D\u00f6rt ya\u015f\u0131ndayken ejderhaya dokunabildi.  Be\u015f ya\u015f\u0131ndayken onun geni\u015f, so\u011fuk s\u0131rt\u0131na ilk defa bindi. Sonra, yedi ya\u015f\u0131na bast\u0131\u011f\u0131nda, sakin bir yaz g\u00fcn\u00fc,  kuzeyden gelen ate\u015f ejderhalar\u0131 Adara\u2019n\u0131n ya\u015fad\u0131\u011f\u0131 huzurlu \u00e7iftli\u011fe sald\u0131rd\u0131. Buray\u0131 sadece bir k\u0131\u015f \u00e7ocu\u011fu ve onu seven buz ejderhas\u0131 koruyabilirdi. \ufffcFilme de uyarlanacak olan BUZ EJDERHASI, ka\u00e7\u0131r\u0131lmayacak, ar\u015fivlik bir eser. <\/p>\n","protected":false},"excerpt":{"rendered":"<p>K\u00fc\u00e7\u00fck ve cesur bir k\u0131z olan Adara buz ejderhas\u0131n\u0131 ilk kez ne zaman g\u00f6rd\u00fc\u011f\u00fcn\u00fc hat\u0131rlam\u0131yordu. Sanki ejderha hep orada, hep onun hayat\u0131ndayd\u0131. Di\u011fer \u00e7ocuklar so\u011fuktan ka\u00e7arken<span class=\"excerpt-hellip\"> [\u2026]<\/span><\/p>\n","protected":false},"featured_media":0,"template":"","meta":{"_monsterinsights_skip_tracking":false,"_monsterinsights_sitenote_active":false,"_monsterinsights_sitenote_note":"","_monsterinsights_sitenote_category":0},"product_brand":[],"product_cat":[12291,14777],"product_tag":[],"class_list":{"0":"post-716325","1":"product","2":"type-product","3":"status-publish","5":"product_cat-edebiyat","6":"product_cat-fantastik","7":"pa_cilt-ciltsiz","8":"pa_tur-kitap","9":"pa_yayinevi-epsilon-yayinlari","10":"pa_yazar-george-r-r-martin","12":"first","13":"instock","14":"sale","15":"shipping-taxable","16":"purchasable","17":"product-type-simple"},"_links":{"self":[{"href":"https:\/\/roveyayinevi.com.tr\/index.php\/wp-json\/wp\/v2\/product\/716325","targetHints":{"allow":["GET"]}}],"collection":[{"href":"https:\/\/roveyayinevi.com.tr\/index.php\/wp-json\/wp\/v2\/product"}],"about":[{"href":"https:\/\/roveyayinevi.com.tr\/index.php\/wp-json\/wp\/v2\/types\/product"}],"wp:attachment":[{"href":"https:\/\/roveyayinevi.com.tr\/index.php\/wp-json\/wp\/v2\/media?parent=716325"}],"wp:term":[{"taxonomy":"product_brand","embeddable":true,"href":"https:\/\/roveyayinevi.com.tr\/index.php\/wp-json\/wp\/v2\/product_brand?post=716325"},{"taxonomy":"product_cat","embeddable":true,"href":"https:\/\/roveyayinevi.com.tr\/index.php\/wp-json\/wp\/v2\/product_cat?post=716325"},{"taxonomy":"product_tag","embeddable":true,"href":"https:\/\/roveyayinevi.com.tr\/index.php\/wp-json\/wp\/v2\/product_tag?post=716325"}],"curies":[{"name":"wp","href":"https:\/\/api.w.org\/{rel}","templated":true}]}}