{"id":716324,"date":"2025-08-27T17:41:25","date_gmt":"2025-08-27T14:41:25","guid":{"rendered":"https:\/\/roveyayinevi.com.tr\/index.php\/urun\/sozum-meclisten-disari\/"},"modified":"2025-11-13T05:01:16","modified_gmt":"2025-11-13T02:01:16","slug":"sozum-meclisten-disari","status":"publish","type":"product","link":"https:\/\/roveyayinevi.com.tr\/index.php\/urun\/sozum-meclisten-disari\/","title":{"rendered":"S\u00f6z\u00fcm Meclisten D\u0131\u015far\u0131"},"content":{"rendered":"<p>Milliyet\u00e7ili\u011fin y\u00fckseldi\u011fi bir d\u00f6nemde Oktay Vural\u2019dan ele\u015ftiriler, tutum ve g\u00f6r\u00fc\u015fler&#8230;   Birey, hayat, toplum, millet, k\u00fclt\u00fcr, ahlak, inan\u00e7, d\u00fc\u015f\u00fcnce ve siyaset\u2026 Var olman\u0131n asal fakt\u00f6rleri. Hayat i\u00e7inde ac\u0131, h\u00fcz\u00fcn, umut, sevin\u00e7 ve \u00fclk\u00fclerle yo\u011frularak \u015fekillenen birey ve toplum. Onlar\u0131n \u00fcretti\u011fi de\u011ferler b\u00fct\u00fcn\u00fc ve bu b\u00fct\u00fcnden ortaya \u00e7\u0131kan olaylar, durumlar, eserler\u2026 Hepsi birden insanlar\u0131n d\u00fcnyas\u0131n\u0131, hayat\u0131n ger\u00e7eklerini meydana getiriyor. Buna bir de milliyet\u00e7i bak\u0131\u015f a\u00e7\u0131s\u0131n\u0131 eklerseniz ortaya Oktay Vural\u2019\u0131n ger\u00e7ekleri \u00e7\u0131kar.Milliyet\u00e7i Hareket Partisi\u2019ni temsil sorumlulu\u011funu yerine getirirken TBMM\u2019de s\u00f6zleriyle ve etkinli\u011fiyle bu ger\u00e7ekleri ortaya koyan Oktay Vural \u015fimdi S\u00f6z\u00fcm Meclisten D\u0131\u015far\u0131 diyor ve TBMM d\u0131\u015f\u0131ndayaz\u0131ya d\u00f6k\u00fclenleri, dile gelenleri okurlarla payla\u015f\u0131yor.\u00c7eyrek y\u00fczy\u0131ll\u0131k s\u00fcre\u00e7 i\u00e7inde fikirler, olaylar ve durumlar kar\u015f\u0131s\u0131nda bilim ve fikir adamlar\u0131n\u0131n katk\u0131lar\u0131yla ortaya koydu\u011fu entelekt\u00fcel ve usta siyaset birikiminin bir b\u00f6l\u00fcm\u00fcn\u00fc derledi\u011fi bu eserle \u00f6n\u00fcn\u00fcze getiriyor.K\u00fcresel oyunlardan b\u00f6lgesel geli\u015fmelere, d\u00f6nemsel siyaset tart\u0131\u015fmalar\u0131ndan milliyet\u00e7i tav\u0131rlara kadar merkezinde T\u00fcrkiye\u2019nin oldu\u011fu; her \u015feye yaln\u0131zca T\u00fcrk milleti ger\u00e7e\u011finden bak\u0131ld\u0131\u011f\u0131 konu\u015fma, yaz\u0131 ve yorumlar\u0131n\u0131 bulacaks\u0131n\u0131z bu kitapta.Mill\u00ee ve milletleraras\u0131 seviyede milliyet\u00e7ili\u011fin y\u00fckseli\u015fine \u015fahitlik etti\u011fimiz bir d\u00f6nemde Oktay Vural\u2019\u0131n s\u00fcre\u00e7 i\u00e7inde ortaya koydu\u011fu g\u00f6r\u00fc\u015fler milliyet\u00e7ili\u011fin duygusal boyutunun yan\u0131 s\u0131ra politik boyutunun derinli\u011fini ve direncini yans\u0131t\u0131yor.Tan\u0131d\u0131\u011f\u0131n\u0131z Vural\u2019\u0131n d\u00fc\u015f\u00fcnce d\u00fcnyas\u0131n\u0131 daha iyi anlaman\u0131z\u0131 sa\u011flayacak bu kitapta yer yer T\u00fcrkiye\u2019den siyasi kesitler bulmakla kalmayacak, politik yanl\u0131\u015flara kar\u015f\u0131 yapt\u0131\u011f\u0131 ele\u015ftirileri ve temsil etti\u011fi tutum ve duru\u015fu g\u00f6receksiniz. <\/p>\n","protected":false},"excerpt":{"rendered":"<p>Milliyet\u00e7ili\u011fin y\u00fckseldi\u011fi bir d\u00f6nemde Oktay Vural\u2019dan ele\u015ftiriler, tutum ve g\u00f6r\u00fc\u015fler&#8230; Birey, hayat, toplum, millet, k\u00fclt\u00fcr, ahlak, inan\u00e7, d\u00fc\u015f\u00fcnce ve siyaset\u2026 Var olman\u0131n asal fakt\u00f6rleri. Hayat i\u00e7inde<span class=\"excerpt-hellip\"> [\u2026]<\/span><\/p>\n","protected":false},"featured_media":0,"template":"","meta":{"_monsterinsights_skip_tracking":false,"_monsterinsights_sitenote_active":false,"_monsterinsights_sitenote_note":"","_monsterinsights_sitenote_category":0},"product_brand":[],"product_cat":[12337,14543],"product_tag":[],"class_list":{"0":"post-716324","1":"product","2":"type-product","3":"status-publish","5":"product_cat-politika-siyaset","6":"product_cat-turkiye-siyaseti-ve-politikasi","7":"pa_cilt-ciltsiz","8":"pa_tur-kitap","9":"pa_yayinevi-dogan-kitap","10":"pa_yazar-oktay-vural","12":"first","13":"instock","14":"sale","15":"shipping-taxable","16":"purchasable","17":"product-type-simple"},"_links":{"self":[{"href":"https:\/\/roveyayinevi.com.tr\/index.php\/wp-json\/wp\/v2\/product\/716324","targetHints":{"allow":["GET"]}}],"collection":[{"href":"https:\/\/roveyayinevi.com.tr\/index.php\/wp-json\/wp\/v2\/product"}],"about":[{"href":"https:\/\/roveyayinevi.com.tr\/index.php\/wp-json\/wp\/v2\/types\/product"}],"wp:attachment":[{"href":"https:\/\/roveyayinevi.com.tr\/index.php\/wp-json\/wp\/v2\/media?parent=716324"}],"wp:term":[{"taxonomy":"product_brand","embeddable":true,"href":"https:\/\/roveyayinevi.com.tr\/index.php\/wp-json\/wp\/v2\/product_brand?post=716324"},{"taxonomy":"product_cat","embeddable":true,"href":"https:\/\/roveyayinevi.com.tr\/index.php\/wp-json\/wp\/v2\/product_cat?post=716324"},{"taxonomy":"product_tag","embeddable":true,"href":"https:\/\/roveyayinevi.com.tr\/index.php\/wp-json\/wp\/v2\/product_tag?post=716324"}],"curies":[{"name":"wp","href":"https:\/\/api.w.org\/{rel}","templated":true}]}}