{"id":716323,"date":"2025-08-27T17:41:24","date_gmt":"2025-08-27T14:41:24","guid":{"rendered":"https:\/\/roveyayinevi.com.tr\/index.php\/urun\/yeni-bir-pencere-ac\/"},"modified":"2026-04-16T02:24:36","modified_gmt":"2026-04-15T23:24:36","slug":"yeni-bir-pencere-ac","status":"publish","type":"product","link":"https:\/\/roveyayinevi.com.tr\/index.php\/urun\/yeni-bir-pencere-ac\/","title":{"rendered":"Yeni Bir Pencere A\u00e7"},"content":{"rendered":"<p>Kitap fuar\u0131nda bir okur \u2018\u2019Hocam ben kitap okuyorum ama bende bir de\u011fi\u015fim olmuyor, bir de unutuyorum\u201d demi\u015fti. Yemek yemek gibi, kitap okumak milim milim b\u00fcy\u00fct\u00fcr seni. P\u0131nar gibi yazarlar\u0131n kitaplar\u0131 ise do\u011fal, i\u00e7ten yaz\u0131ld\u0131\u011f\u0131 i\u00e7in Ege \u00e7ipuras\u0131 kadar lezzetli ve yararl\u0131d\u0131r. Amerikan kitaplar\u0131 kolal\u0131, hamburger men\u00fcs\u00fc gibi, hem \u015fi\u015fmanlat\u0131r hem yapay \u00fcr\u00fcn i\u00e7erir hem de yan\u0131nda kolonyal\u0131 mendil bile vermezler. P\u0131nar\u2019la ilgili hep g\u00fczel c\u00fcmleler duydum. Bunun anlam\u0131, kitap size cesaret ve ad\u0131m atma f\u0131rsat\u0131 verecek.   \u00dclkenin en entelekt\u00fcel evlerinden birinde ya\u015f\u0131yor P\u0131nar, e\u015fi Bora \u00d6zkent de yazar. Metrekareye 2 yazar d\u00fc\u015fen ev d\u00fcnyada az bulunur. Ellerine, beynine sa\u011fl\u0131k P\u0131nar \u00d6zkent. \u00dclkede sizin gibi aileler \u00e7o\u011fal\u0131r in\u015fallah Ahmet \u015eerif \u0130zg\u00f6ren    Yeterince iyi de\u011filim. Ya ba\u015far\u0131s\u0131z olursam? El\u00e2lem ne der? Kendimi s\u0131k\u0131\u015fm\u0131\u015f hissediyorum. Ne yapsam olmuyor. Sorun bende galiba!   \u0130\u00e7 sesinden yans\u0131yan c\u00fcmlelerini duyabiliyorum. \u00d6zellikle profesyonel ya\u015fam yolculu\u011fumda, zaman zaman benzer duygular\u0131 derinden hissettim. K\u0131sacas\u0131 ben de senden biriyim. Bug\u00fcnden sonraki ya\u015fam\u0131na cesaretle sahip \u00e7\u0131kabilmen i\u00e7in sana bir mektup yazd\u0131m. Sat\u0131r aralar\u0131nda kendini bulabilmen dile\u011fiyle&#8230; P\u0131nar \u00d6zkent <\/p>\n","protected":false},"excerpt":{"rendered":"<p>Kitap fuar\u0131nda bir okur \u2018\u2019Hocam ben kitap okuyorum ama bende bir de\u011fi\u015fim olmuyor, bir de unutuyorum\u201d demi\u015fti. Yemek yemek gibi, kitap okumak milim milim b\u00fcy\u00fct\u00fcr seni.<span class=\"excerpt-hellip\"> [\u2026]<\/span><\/p>\n","protected":false},"featured_media":0,"template":"","meta":{"_monsterinsights_skip_tracking":false,"_monsterinsights_sitenote_active":false,"_monsterinsights_sitenote_note":"","_monsterinsights_sitenote_category":0},"product_brand":[],"product_cat":[12364,12376],"product_tag":[],"class_list":{"0":"post-716323","1":"product","2":"type-product","3":"status-publish","5":"product_cat-genel-konular","6":"product_cat-kisisel-gelisim","7":"pa_cilt-ciltsiz","8":"pa_tur-kitap","9":"pa_yayinevi-elma-yayinevi","10":"pa_yazar-pinar-ozkent","12":"first","13":"instock","14":"sale","15":"shipping-taxable","16":"purchasable","17":"product-type-simple"},"_links":{"self":[{"href":"https:\/\/roveyayinevi.com.tr\/index.php\/wp-json\/wp\/v2\/product\/716323","targetHints":{"allow":["GET"]}}],"collection":[{"href":"https:\/\/roveyayinevi.com.tr\/index.php\/wp-json\/wp\/v2\/product"}],"about":[{"href":"https:\/\/roveyayinevi.com.tr\/index.php\/wp-json\/wp\/v2\/types\/product"}],"wp:attachment":[{"href":"https:\/\/roveyayinevi.com.tr\/index.php\/wp-json\/wp\/v2\/media?parent=716323"}],"wp:term":[{"taxonomy":"product_brand","embeddable":true,"href":"https:\/\/roveyayinevi.com.tr\/index.php\/wp-json\/wp\/v2\/product_brand?post=716323"},{"taxonomy":"product_cat","embeddable":true,"href":"https:\/\/roveyayinevi.com.tr\/index.php\/wp-json\/wp\/v2\/product_cat?post=716323"},{"taxonomy":"product_tag","embeddable":true,"href":"https:\/\/roveyayinevi.com.tr\/index.php\/wp-json\/wp\/v2\/product_tag?post=716323"}],"curies":[{"name":"wp","href":"https:\/\/api.w.org\/{rel}","templated":true}]}}