{"id":716319,"date":"2025-08-27T17:41:22","date_gmt":"2025-08-27T14:41:22","guid":{"rendered":"https:\/\/roveyayinevi.com.tr\/index.php\/urun\/turkiyede-erkekligin-donusumu-egitim-kultur-etkilesim\/"},"modified":"2026-04-16T02:24:36","modified_gmt":"2026-04-15T23:24:36","slug":"turkiyede-erkekligin-donusumu-egitim-kultur-etkilesim","status":"publish","type":"product","link":"https:\/\/roveyayinevi.com.tr\/index.php\/urun\/turkiyede-erkekligin-donusumu-egitim-kultur-etkilesim\/","title":{"rendered":"T\u00fcrkiye\u2019de Erkekli\u011fin D\u00f6n\u00fc\u015f\u00fcm\u00fc -E\u011fitim  K\u00fclt\u00fcr  Etkile\u015fim"},"content":{"rendered":"<p>Bat\u0131\u2019da 1970\u2019lerin ve 1980\u2019lerin hararetli feminist tart\u0131\u015fmalar\u0131 ve kad\u0131n hareketleri, kad\u0131nl\u0131\u011f\u0131, erkekli\u011fi ve genel olarak toplumsal cinsiyeti masaya yat\u0131r\u0131p toplumda erkek egemenli\u011fine ve ataerkine y\u00f6nelttikleri ele\u015ftiriler arac\u0131l\u0131\u011f\u0131yla erkeklik \u00e7al\u0131\u015fmalar\u0131n\u0131n me\u015fru ve \u00f6zerk bir akademik saha haline gelmesinin \u00f6n\u00fcn\u00fc a\u00e7t\u0131lar. Farkl\u0131\u011f\u0131 vurgulayan postyap\u0131salc\u0131 ve toplumsal in\u015fac\u0131 yakla\u015f\u0131mlar\u0131n r\u00fczg\u00e2r\u0131n\u0131 arkas\u0131na alan d\u00f6nemin kad\u0131n \u00e7al\u0131\u015fmalar\u0131na benzer bi\u00e7imde, erkeklik \u00e7al\u0131\u015fmalar\u0131, erkekli\u011fin t\u0131pk\u0131 kad\u0131nl\u0131k gibi toplumsal cinsiyet rejimi i\u00e7inde in\u015fa edilen toplumsal bir olgu, bir \u201cperformans\u201d oldu\u011funu ve erkeklik deneyimlerinin s\u0131n\u0131fa, etnik k\u00f6kene, hatta ya\u015fa g\u00f6re farkl\u0131l\u0131klar sergileyebildi\u011fini ortaya koydular. Dahas\u0131, bu erkeklikler aras\u0131nda k\u00fclfetli bir hiyerar\u015finin var olabildi\u011fini, erkeklerin de zaman zaman erkeklikten zarar g\u00f6rebildi\u011fini, \u201cegemen erkeklik\u201d tipine direnmenin yollar\u0131n\u0131 bulduklar\u0131n\u0131 da g\u00f6zler \u00f6n\u00fcne serdiler.T\u00fcrkiye\u2019de Erkekli\u011fin D\u00f6n\u00fc\u015f\u00fcm\u00fc: E\u011fitim, K\u00fclt\u00fcr, Etkile\u015fim, T\u00fcrkiye\u2019de erkeklik \u00e7al\u0131\u015fmalar\u0131 konusunda var olan eksikli\u011fi bir nebze olsun gidermeyi ama\u00e7l\u0131yor. T\u00fcrkiye\u2019de erkek olmay\u0131 ve erkeklik pratiklerini, egemen erkeklik anlay\u0131\u015f\u0131ndan mustarip erkek altk\u00fclt\u00fcrlerinin ve erkekli\u011fe ili\u015fkin geleneksel kabulleri, de\u011ferleri, yakla\u015f\u0131mlar\u0131 ve pratikleri d\u00f6n\u00fc\u015ft\u00fcrmeyi hedefleyen toplumsal \u00f6rg\u00fctlerin deneyimlerinden ve faaliyetlerinden hareketle de\u011ferlendiriyor ve T\u00fcrkiye\u2019de farkl\u0131l\u0131klara sayg\u0131l\u0131 bir toplumsal cinsiyet e\u011fitiminin nas\u0131l verilebilece\u011fini tart\u0131\u015f\u0131yor. <\/p>\n","protected":false},"excerpt":{"rendered":"<p>Bat\u0131\u2019da 1970\u2019lerin ve 1980\u2019lerin hararetli feminist tart\u0131\u015fmalar\u0131 ve kad\u0131n hareketleri, kad\u0131nl\u0131\u011f\u0131, erkekli\u011fi ve genel olarak toplumsal cinsiyeti masaya yat\u0131r\u0131p toplumda erkek egemenli\u011fine ve ataerkine y\u00f6nelttikleri ele\u015ftiriler<span class=\"excerpt-hellip\"> [\u2026]<\/span><\/p>\n","protected":false},"featured_media":0,"template":"","meta":{"_monsterinsights_skip_tracking":false,"_monsterinsights_sitenote_active":false,"_monsterinsights_sitenote_note":"","_monsterinsights_sitenote_category":0},"product_brand":[],"product_cat":[12325,12324],"product_tag":[],"class_list":{"0":"post-716319","1":"product","2":"type-product","3":"status-publish","5":"product_cat-diger-sosyoloji","6":"product_cat-sosyoloji","7":"pa_cilt-ciltsiz","8":"pa_tur-kitap","9":"pa_yayinevi-siyasal-kitabevi","10":"pa_yazar-muhittin-sahin","12":"first","13":"instock","14":"sale","15":"shipping-taxable","16":"purchasable","17":"product-type-simple"},"_links":{"self":[{"href":"https:\/\/roveyayinevi.com.tr\/index.php\/wp-json\/wp\/v2\/product\/716319","targetHints":{"allow":["GET"]}}],"collection":[{"href":"https:\/\/roveyayinevi.com.tr\/index.php\/wp-json\/wp\/v2\/product"}],"about":[{"href":"https:\/\/roveyayinevi.com.tr\/index.php\/wp-json\/wp\/v2\/types\/product"}],"wp:attachment":[{"href":"https:\/\/roveyayinevi.com.tr\/index.php\/wp-json\/wp\/v2\/media?parent=716319"}],"wp:term":[{"taxonomy":"product_brand","embeddable":true,"href":"https:\/\/roveyayinevi.com.tr\/index.php\/wp-json\/wp\/v2\/product_brand?post=716319"},{"taxonomy":"product_cat","embeddable":true,"href":"https:\/\/roveyayinevi.com.tr\/index.php\/wp-json\/wp\/v2\/product_cat?post=716319"},{"taxonomy":"product_tag","embeddable":true,"href":"https:\/\/roveyayinevi.com.tr\/index.php\/wp-json\/wp\/v2\/product_tag?post=716319"}],"curies":[{"name":"wp","href":"https:\/\/api.w.org\/{rel}","templated":true}]}}