{"id":716312,"date":"2025-08-27T17:41:17","date_gmt":"2025-08-27T14:41:17","guid":{"rendered":"https:\/\/roveyayinevi.com.tr\/index.php\/urun\/tanri-neden-fikir-degistirdi\/"},"modified":"2026-04-16T02:24:36","modified_gmt":"2026-04-15T23:24:36","slug":"tanri-neden-fikir-degistirdi","status":"publish","type":"product","link":"https:\/\/roveyayinevi.com.tr\/index.php\/urun\/tanri-neden-fikir-degistirdi\/","title":{"rendered":"Tanr\u0131 Neden Fikir De\u011fi\u015ftirdi?"},"content":{"rendered":"<p>Elinizde tuttu\u011funuz bu kitap, Eski Ahit\u2019in ilk kitab\u0131n\u0131n Yarat\u0131l\u0131\u015f ba\u015fl\u0131kl\u0131 ilk d\u00f6rtl\u00fc\u011f\u00fcnde Tanr\u0131\/Elohim diye adland\u0131r\u0131lan Mevcudiyet\u2019in, Quiddity (Ne-lik) ve Haecceity (Bu-luk) durumu hakk\u0131ndad\u0131r. \u0130ncil\u2019e ait Tanr\u0131\/Elohim, Talmud\u2019a ait Tanr\u0131\/Yahve\u2019den farkl\u0131d\u0131r. Bu kitaptaki Mevcudiyet (Presence) anlay\u0131\u015f\u0131, klasik Teoloji\u2019de bahsedilen Mevcudiyet anlay\u0131\u015f\u0131yla bire bir benze\u015fmez ya da e\u015fanlaml\u0131 de\u011fildir. Burada kullan\u0131ld\u0131\u011f\u0131 anlam\u0131yla Mevcudiyet (Presence) Tanr\u0131bilim (H\u0131ristiyanl\u0131k) arac\u0131l\u0131\u011f\u0131yla ara\u015ft\u0131r\u0131lan Mevcudiyet de\u011fil, felsefi ve Akli\/Zihinsel olarak alg\u0131lanan (Heuristic) Mevcudiyet\u2019tir. Bu haliyle \u015fu malum ve mahut \u201ccretio ex nihilio\u201d ve \u201cba\u015flang\u0131\u00e7ta\u201d ifadelerini \u00e7\u00fcr\u00fct\u00fcr. Onun yerine bu kitap, \u201c\u015eey-le\u015ftirememek\u201d anlay\u0131\u015f\u0131n\u0131 y\u00fcceltir, ancak bu da bir\u00e7ok inan\u00e7 sisteminin \u00f6z\u00fcnde var olan \u201cYokluk\u201d ile kar\u0131\u015ft\u0131r\u0131lmamal\u0131d\u0131r. <\/p>\n","protected":false},"excerpt":{"rendered":"<p>Elinizde tuttu\u011funuz bu kitap, Eski Ahit\u2019in ilk kitab\u0131n\u0131n Yarat\u0131l\u0131\u015f ba\u015fl\u0131kl\u0131 ilk d\u00f6rtl\u00fc\u011f\u00fcnde Tanr\u0131\/Elohim diye adland\u0131r\u0131lan Mevcudiyet\u2019in, Quiddity (Ne-lik) ve Haecceity (Bu-luk) durumu hakk\u0131ndad\u0131r. \u0130ncil\u2019e ait Tanr\u0131\/Elohim,<span class=\"excerpt-hellip\"> [\u2026]<\/span><\/p>\n","protected":false},"featured_media":0,"template":"","meta":{"_monsterinsights_skip_tracking":false,"_monsterinsights_sitenote_active":false,"_monsterinsights_sitenote_note":"","_monsterinsights_sitenote_category":0},"product_brand":[],"product_cat":[13072,12291],"product_tag":[],"class_list":{"0":"post-716312","1":"product","2":"type-product","3":"status-publish","5":"product_cat-arastirma-inceleme-referans","6":"product_cat-edebiyat","7":"pa_cilt-ciltsiz","8":"pa_tur-kitap","9":"pa_yayinevi-destek-yayinlari","10":"pa_yazar-aytunc-altindal","12":"first","13":"instock","14":"sale","15":"shipping-taxable","16":"purchasable","17":"product-type-simple"},"_links":{"self":[{"href":"https:\/\/roveyayinevi.com.tr\/index.php\/wp-json\/wp\/v2\/product\/716312","targetHints":{"allow":["GET"]}}],"collection":[{"href":"https:\/\/roveyayinevi.com.tr\/index.php\/wp-json\/wp\/v2\/product"}],"about":[{"href":"https:\/\/roveyayinevi.com.tr\/index.php\/wp-json\/wp\/v2\/types\/product"}],"wp:attachment":[{"href":"https:\/\/roveyayinevi.com.tr\/index.php\/wp-json\/wp\/v2\/media?parent=716312"}],"wp:term":[{"taxonomy":"product_brand","embeddable":true,"href":"https:\/\/roveyayinevi.com.tr\/index.php\/wp-json\/wp\/v2\/product_brand?post=716312"},{"taxonomy":"product_cat","embeddable":true,"href":"https:\/\/roveyayinevi.com.tr\/index.php\/wp-json\/wp\/v2\/product_cat?post=716312"},{"taxonomy":"product_tag","embeddable":true,"href":"https:\/\/roveyayinevi.com.tr\/index.php\/wp-json\/wp\/v2\/product_tag?post=716312"}],"curies":[{"name":"wp","href":"https:\/\/api.w.org\/{rel}","templated":true}]}}