{"id":716310,"date":"2025-08-27T17:41:16","date_gmt":"2025-08-27T14:41:16","guid":{"rendered":"https:\/\/roveyayinevi.com.tr\/index.php\/urun\/kediler-infazlar-ve-hayaletler-uzerine\/"},"modified":"2026-04-16T02:24:36","modified_gmt":"2026-04-15T23:24:36","slug":"kediler-infazlar-ve-hayaletler-uzerine","status":"publish","type":"product","link":"https:\/\/roveyayinevi.com.tr\/index.php\/urun\/kediler-infazlar-ve-hayaletler-uzerine\/","title":{"rendered":"Kediler \u0130nfazlar ve Hayaletler \u00dczerine"},"content":{"rendered":"<p>Geli\u015fmenin zaman diziniyle bir ilgisi varm\u0131\u015f gibi, ya\u015fad\u0131\u011f\u0131m\u0131z zaman\u0131n olumsuzluklar\u0131na nedense her defas\u0131nda \u015fa\u015far dururuz; 21. y\u00fczy\u0131l\u0131n, 20.\u2019sinden daha iyi olmas\u0131 gerekirmi\u015f gibi, ya da 19. y\u00fczy\u0131l\u0131n bir \u00f6ncekinden&#8230; Sonsuz kozmik zaman\u0131 insan \u00f6mr\u00fcyle \u00f6zde\u015fle\u015ftirmekle kalm\u0131yor, d\u00fcnyam\u0131z da ya\u015fland\u0131k\u00e7a olgunla\u015f\u0131p kemale erecekmi\u015f zannediyoruz.Acaba \u00f6yle mi ger\u00e7ekten? Kediler, \u0130nfazlar ve Hayaletler \u00dczerine, romanlar\u0131yla tan\u0131d\u0131\u011f\u0131m\u0131z Mehmet An\u0131l\u2019\u0131n denemelerini bir araya getiriyor. Yazar\u0131n gerek edebiyat ve yazmakla ili\u015fkisi gerekse yarat\u0131c\u0131 yazarl\u0131k at\u00f6lyeleri gibi zamane aray\u0131\u015flar\u0131 merkeze koydu\u011fu bu denemeler, \u00e7eperinde evrim, zaman, \u00f6l\u00fcm, milliyet\u00e7ilik gibi konular\u0131, yan\u0131 s\u0131ra fazlas\u0131yla bize has baz\u0131 k\u00fclt\u00fcrel ar\u0131zalar\u0131m\u0131z\u0131 ele al\u0131yor. En ciddi meseleleri mizahla harmanlarken g\u00fcnl\u00fck hayata dair g\u00fcl\u00fcp ge\u00e7ti\u011fimiz olaylar\u0131n ard\u0131nda yatan ciddi aksakl\u0131klar\u0131 g\u00f6zler \u00f6n\u00fcne seriyor.<\/p>\n","protected":false},"excerpt":{"rendered":"<p>Geli\u015fmenin zaman diziniyle bir ilgisi varm\u0131\u015f gibi, ya\u015fad\u0131\u011f\u0131m\u0131z zaman\u0131n olumsuzluklar\u0131na nedense her defas\u0131nda \u015fa\u015far dururuz; 21. y\u00fczy\u0131l\u0131n, 20.\u2019sinden daha iyi olmas\u0131 gerekirmi\u015f gibi, ya da 19.<span class=\"excerpt-hellip\"> [\u2026]<\/span><\/p>\n","protected":false},"featured_media":0,"template":"","meta":{"_monsterinsights_skip_tracking":false,"_monsterinsights_sitenote_active":false,"_monsterinsights_sitenote_note":"","_monsterinsights_sitenote_category":0},"product_brand":[],"product_cat":[12777,12291],"product_tag":[],"class_list":{"0":"post-716310","1":"product","2":"type-product","3":"status-publish","5":"product_cat-deneme","6":"product_cat-edebiyat","7":"pa_cilt-ciltsiz","8":"pa_tur-kitap","9":"pa_yayinevi-can-yayinlari","10":"pa_yazar-mehmet-anil","12":"first","13":"instock","14":"sale","15":"shipping-taxable","16":"purchasable","17":"product-type-simple"},"_links":{"self":[{"href":"https:\/\/roveyayinevi.com.tr\/index.php\/wp-json\/wp\/v2\/product\/716310","targetHints":{"allow":["GET"]}}],"collection":[{"href":"https:\/\/roveyayinevi.com.tr\/index.php\/wp-json\/wp\/v2\/product"}],"about":[{"href":"https:\/\/roveyayinevi.com.tr\/index.php\/wp-json\/wp\/v2\/types\/product"}],"wp:attachment":[{"href":"https:\/\/roveyayinevi.com.tr\/index.php\/wp-json\/wp\/v2\/media?parent=716310"}],"wp:term":[{"taxonomy":"product_brand","embeddable":true,"href":"https:\/\/roveyayinevi.com.tr\/index.php\/wp-json\/wp\/v2\/product_brand?post=716310"},{"taxonomy":"product_cat","embeddable":true,"href":"https:\/\/roveyayinevi.com.tr\/index.php\/wp-json\/wp\/v2\/product_cat?post=716310"},{"taxonomy":"product_tag","embeddable":true,"href":"https:\/\/roveyayinevi.com.tr\/index.php\/wp-json\/wp\/v2\/product_tag?post=716310"}],"curies":[{"name":"wp","href":"https:\/\/api.w.org\/{rel}","templated":true}]}}