{"id":716307,"date":"2025-08-27T17:41:14","date_gmt":"2025-08-27T14:41:14","guid":{"rendered":"https:\/\/roveyayinevi.com.tr\/index.php\/urun\/ukala-pic\/"},"modified":"2026-04-16T02:24:35","modified_gmt":"2026-04-15T23:24:35","slug":"ukala-pic","status":"publish","type":"product","link":"https:\/\/roveyayinevi.com.tr\/index.php\/urun\/ukala-pic\/","title":{"rendered":"Ukala Pi\u00e7"},"content":{"rendered":"<p>Nebraska\u2019n\u0131n ortas\u0131ndaki bir benzinli\u011fe de\u011fil, en \u00e7\u0131lg\u0131n fantezilerime lay\u0131k biriydi. \u00dclkeyi boydan boya arabamla gezerken Chance ad\u0131nda seksi, ukala bir Avustralyal\u0131 ile kar\u015f\u0131la\u015faca\u011f\u0131m akl\u0131ma bile gelmezdi. Arabam bozulunca bir anla\u015fma yapt\u0131k. Sonra da bir bakt\u0131m beraber yolculuk ediyor, geceleri otel odalar\u0131nda cinsel \u00e7ekimimizin gerginli\u011fi i\u00e7inde oturuyor ve plans\u0131z maceralara \u00e7\u0131k\u0131yorduk. S\u0131radan bir gezi, hayat\u0131m\u0131n en \u00f6nemli yolculu\u011funa d\u00f6n\u00fc\u015fm\u00fc\u015ft\u00fc. \u0130\u015fler ciddiye binene kadar her \u015fey \u00e7ok g\u00fczeldi. Onu istiyordum ama Chance hamlede bulunam\u0131yordu. Onun da beni istedi\u011fini san\u0131yordum ama bir \u015feyler onu bundan al\u0131koyuyordu. O ukala pi\u00e7e \u00e2\u015f\u0131k olmamam gerekiyordu, \u00f6zellikle yollar\u0131m\u0131z\u0131n ayr\u0131laca\u011f\u0131n\u0131 biliyorken. Her g\u00fczel \u015feyin bir sonu vard\u0131r ne de olsa, \u00f6yle de\u011fil mi? Fakat kendi sonumuzun b\u00f6yle olaca\u011f\u0131n\u0131 asla tahmin edemezdim. \u201cZekice ve inan\u0131lmaz ba\u011f\u0131ml\u0131l\u0131k yap\u0131yor! \u015e\u00fcphesiz bu sene okudu\u011fumuz en iyi kitaplardan.\u201d The Rock Stars of Romance   \u201cBu tart\u0131\u015fmas\u0131z senenin en sevdi\u011fim kitab\u0131 oldu!\u201dThree Chicks and Their Books   \u201cBu kitab\u0131 sevdi\u011fimi s\u00f6ylemek bile yetmiyor. Tek oturu\u015fta bitirdim. E\u011fer m\u00fckemmel kitab\u0131n bir form\u00fcl\u00fc olsayd\u0131 bu olurdu. Bu komik, seksi ve tatl\u0131 romans ilk sayfadan sonuncusuna kadar sizi esir alacak.\u201d Kindle Crack <\/p>\n","protected":false},"excerpt":{"rendered":"<p>Nebraska\u2019n\u0131n ortas\u0131ndaki bir benzinli\u011fe de\u011fil, en \u00e7\u0131lg\u0131n fantezilerime lay\u0131k biriydi. \u00dclkeyi boydan boya arabamla gezerken Chance ad\u0131nda seksi, ukala bir Avustralyal\u0131 ile kar\u015f\u0131la\u015faca\u011f\u0131m akl\u0131ma bile gelmezdi.<span class=\"excerpt-hellip\"> [\u2026]<\/span><\/p>\n","protected":false},"featured_media":0,"template":"","meta":{"_monsterinsights_skip_tracking":false,"_monsterinsights_sitenote_active":false,"_monsterinsights_sitenote_note":"","_monsterinsights_sitenote_category":0},"product_brand":[],"product_cat":[14643,12291],"product_tag":[],"class_list":{"0":"post-716307","1":"product","2":"type-product","3":"status-publish","5":"product_cat-ask","6":"product_cat-edebiyat","7":"pa_cilt-ciltsiz","8":"pa_tur-kitap","9":"pa_yayinevi-yabanci-yayinevi","10":"pa_yazar-vi-keeland-penelope-ward","12":"first","13":"instock","14":"sale","15":"shipping-taxable","16":"purchasable","17":"product-type-simple"},"_links":{"self":[{"href":"https:\/\/roveyayinevi.com.tr\/index.php\/wp-json\/wp\/v2\/product\/716307","targetHints":{"allow":["GET"]}}],"collection":[{"href":"https:\/\/roveyayinevi.com.tr\/index.php\/wp-json\/wp\/v2\/product"}],"about":[{"href":"https:\/\/roveyayinevi.com.tr\/index.php\/wp-json\/wp\/v2\/types\/product"}],"wp:attachment":[{"href":"https:\/\/roveyayinevi.com.tr\/index.php\/wp-json\/wp\/v2\/media?parent=716307"}],"wp:term":[{"taxonomy":"product_brand","embeddable":true,"href":"https:\/\/roveyayinevi.com.tr\/index.php\/wp-json\/wp\/v2\/product_brand?post=716307"},{"taxonomy":"product_cat","embeddable":true,"href":"https:\/\/roveyayinevi.com.tr\/index.php\/wp-json\/wp\/v2\/product_cat?post=716307"},{"taxonomy":"product_tag","embeddable":true,"href":"https:\/\/roveyayinevi.com.tr\/index.php\/wp-json\/wp\/v2\/product_tag?post=716307"}],"curies":[{"name":"wp","href":"https:\/\/api.w.org\/{rel}","templated":true}]}}