{"id":716306,"date":"2025-08-27T17:41:13","date_gmt":"2025-08-27T14:41:13","guid":{"rendered":"https:\/\/roveyayinevi.com.tr\/index.php\/urun\/mathilda\/"},"modified":"2026-04-16T02:24:35","modified_gmt":"2026-04-15T23:24:35","slug":"mathilda","status":"publish","type":"product","link":"https:\/\/roveyayinevi.com.tr\/index.php\/urun\/mathilda\/","title":{"rendered":"Mathilda"},"content":{"rendered":"<p>Frankenstein\u2019\u0131n yazar\u0131 Mary Shelley\u2019nin, \u00f6ld\u00fckten sonra ard\u0131nda m\u00fcsvedde halinde b\u0131rakt\u0131\u011f\u0131 b\u00fct\u00fcn romanlar\u0131 ve \u00f6yk\u00fcleri aras\u0131nda tamamlanm\u0131\u015f yeg\u00e2ne eser olan Mathilda, ilk kez T\u00fcrk\u00e7ede. 1819\u2019da yaz\u0131lmas\u0131na ra\u011fmen aksakl\u0131klar sebebiyle yay\u0131mlanamayan ard\u0131ndan da unutulan bu gotik novella ilk kez 1959 y\u0131l\u0131nda okur kar\u015f\u0131s\u0131na \u00e7\u0131kt\u0131. Mary Shelley\u2019nin t\u00fcm yaz\u0131lar\u0131nda oldu\u011fu gibi yine pek \u00e7ok otobiyografik \u00f6\u011fe bar\u0131nd\u0131ran eser, muhtemelen Shelley\u2019nin kendi hayat\u0131ndan en \u00e7ok esinlendi\u011fi eseri. Mathilda, yazar\u0131n annesi Mary Wollstonecraft, babas\u0131 William Godwin ve e\u015fi Percy Bysshe Shelley ile olan ili\u015fkilerini anlamak i\u00e7in \u00f6nemli bir belge niteli\u011fi ta\u015f\u0131yor. Bir baban\u0131n k\u0131z\u0131na olan a\u015fk\u0131, toplumdan soyutlanma ve \u00f6l\u00fcm gibi anlatmas\u0131 zor konular hi\u00e7bir \u015fekilde otobiyografik olmayan olaylar \u00fczerine kurgulansa da, \u00fc\u00e7 ana karakter a\u00e7\u0131k bir \u015fekilde Mary\u2019nin kendisi, Godwin ve Percy Shelley olarak g\u00f6r\u00fclebilir ve kitap i\u00e7erisindeki rolleri de kolayl\u0131kla ger\u00e7eklere tekab\u00fcl edecek \u015fekilde yorumlanabilir. Bu kitapta Mathilda ile birlikte, kitab\u0131n ilk tasla\u011f\u0131 olan Hayaller \u00c2lemi de okur kar\u015f\u0131s\u0131na \u00e7\u0131k\u0131yor. <\/p>\n","protected":false},"excerpt":{"rendered":"<p>Frankenstein\u2019\u0131n yazar\u0131 Mary Shelley\u2019nin, \u00f6ld\u00fckten sonra ard\u0131nda m\u00fcsvedde halinde b\u0131rakt\u0131\u011f\u0131 b\u00fct\u00fcn romanlar\u0131 ve \u00f6yk\u00fcleri aras\u0131nda tamamlanm\u0131\u015f yeg\u00e2ne eser olan Mathilda, ilk kez T\u00fcrk\u00e7ede. 1819\u2019da yaz\u0131lmas\u0131na ra\u011fmen<span class=\"excerpt-hellip\"> [\u2026]<\/span><\/p>\n","protected":false},"featured_media":0,"template":"","meta":{"_monsterinsights_skip_tracking":false,"_monsterinsights_sitenote_active":false,"_monsterinsights_sitenote_note":"","_monsterinsights_sitenote_category":0},"product_brand":[],"product_cat":[12291,17033],"product_tag":[],"class_list":{"0":"post-716306","1":"product","2":"type-product","3":"status-publish","5":"product_cat-edebiyat","6":"product_cat-korku-gerilim","7":"pa_cilt-ciltsiz","8":"pa_tur-kitap","9":"pa_yayinevi-ithaki-yayinlari","10":"pa_yazar-mary-shelley","12":"first","13":"instock","14":"sale","15":"shipping-taxable","16":"purchasable","17":"product-type-simple"},"_links":{"self":[{"href":"https:\/\/roveyayinevi.com.tr\/index.php\/wp-json\/wp\/v2\/product\/716306","targetHints":{"allow":["GET"]}}],"collection":[{"href":"https:\/\/roveyayinevi.com.tr\/index.php\/wp-json\/wp\/v2\/product"}],"about":[{"href":"https:\/\/roveyayinevi.com.tr\/index.php\/wp-json\/wp\/v2\/types\/product"}],"wp:attachment":[{"href":"https:\/\/roveyayinevi.com.tr\/index.php\/wp-json\/wp\/v2\/media?parent=716306"}],"wp:term":[{"taxonomy":"product_brand","embeddable":true,"href":"https:\/\/roveyayinevi.com.tr\/index.php\/wp-json\/wp\/v2\/product_brand?post=716306"},{"taxonomy":"product_cat","embeddable":true,"href":"https:\/\/roveyayinevi.com.tr\/index.php\/wp-json\/wp\/v2\/product_cat?post=716306"},{"taxonomy":"product_tag","embeddable":true,"href":"https:\/\/roveyayinevi.com.tr\/index.php\/wp-json\/wp\/v2\/product_tag?post=716306"}],"curies":[{"name":"wp","href":"https:\/\/api.w.org\/{rel}","templated":true}]}}