{"id":716300,"date":"2025-08-27T17:41:09","date_gmt":"2025-08-27T14:41:09","guid":{"rendered":"https:\/\/roveyayinevi.com.tr\/index.php\/urun\/her-yonuyle-klasik-mitoloji\/"},"modified":"2026-04-08T02:31:29","modified_gmt":"2026-04-07T23:31:29","slug":"her-yonuyle-klasik-mitoloji","status":"publish","type":"product","link":"https:\/\/roveyayinevi.com.tr\/index.php\/urun\/her-yonuyle-klasik-mitoloji\/","title":{"rendered":"Her Y\u00f6n\u00fcyle Klasik Mitoloji"},"content":{"rendered":"<p>Hay\u0131r, t\u00fcm d\u00fcnyada sinemaseverleri pe\u015finden ko\u015fturan yeni bir filmin konusu de\u011fil bunlar; bu, klasik mitoloji. Belki fark\u0131nda olmayabilirsiniz ama Antik Yunan ve Roma mitleridir inan\u0131lmas\u0131 g\u00fc\u00e7, insan\u0131 \u015foke eden ve bol bol dramatik olaylar i\u00e7eren hik\u00e2yelerin kalbinde yatanPeki, b\u00f6ylesine \u00e7ok say\u0131da ve karma\u015f\u0131k ba\u011flant\u0131lar i\u00e7eren anlat\u0131lar\u0131n i\u00e7inden nas\u0131l \u00e7\u0131kacaks\u0131n\u0131z? Endi\u015feye hi\u00e7 mahal yok, zira Her Y\u00f6n\u00fcyle Klasik Mitoloji bu epik hik\u00e2yeleri, kolayca kavraman\u0131za imk\u00e2n tan\u0131yacak bi\u00e7imde anlat\u0131yor. Tanr\u0131 ve tanr\u0131\u00e7alardan canavar ve b\u00fcy\u00fcl\u00fc hayvanlara, klasik mitolojiyi \u00f6\u011frenmek i\u00e7in ihtiya\u00e7 duyaca\u011f\u0131n\u0131z t\u00fcm bilgiler bu aksiyon dolu kitapta sizleri bekliyor! Bu kitap sayesinde, Titanlar\u0131n eski Yunanlar\u0131 nas\u0131l ma\u011flup etti\u011fini, Odysseus\u2019un Kikloplar\u0131 nas\u0131l kand\u0131rd\u0131\u011f\u0131n\u0131, Yunanlar\u0131n Truval\u0131lar\u0131 nas\u0131l alt etti\u011fini, Hades\u2019in Persephone\u2019yi nas\u0131l ka\u00e7\u0131rd\u0131\u011f\u0131n\u0131, Perseus\u2019un Medusa\u2019y\u0131 nas\u0131l katletti\u011fini, Bellerophontes\u2019in Khimaira\u2019y\u0131 nas\u0131l \u00f6ld\u00fcrd\u00fc\u011f\u00fcn\u00fc \u00f6\u011freneceksiniz. Tanr\u0131lar, tanr\u0131\u00e7alar ve aralar\u0131ndaki ba\u011flant\u0131y\u0131 g\u00f6z \u00f6n\u00fcne seren soya\u011fac\u0131 yard\u0131m\u0131yla, bu kitap \u00e2deta mitolojinin yeniden hayat bulmas\u0131n\u0131 ve hayat\u0131n\u0131z\u0131n par\u00e7as\u0131 h\u00e2line gelmesini sa\u011flayacak! <\/p>\n","protected":false},"excerpt":{"rendered":"<p>Hay\u0131r, t\u00fcm d\u00fcnyada sinemaseverleri pe\u015finden ko\u015fturan yeni bir filmin konusu de\u011fil bunlar; bu, klasik mitoloji. Belki fark\u0131nda olmayabilirsiniz ama Antik Yunan ve Roma mitleridir inan\u0131lmas\u0131 g\u00fc\u00e7,<span class=\"excerpt-hellip\"> [\u2026]<\/span><\/p>\n","protected":false},"featured_media":0,"template":"","meta":{"_monsterinsights_skip_tracking":false,"_monsterinsights_sitenote_active":false,"_monsterinsights_sitenote_note":"","_monsterinsights_sitenote_category":0},"product_brand":[],"product_cat":[12364,12376],"product_tag":[],"class_list":{"0":"post-716300","1":"product","2":"type-product","3":"status-publish","5":"product_cat-genel-konular","6":"product_cat-kisisel-gelisim","7":"pa_cilt-ciltsiz","8":"pa_tur-kitap","9":"pa_yayinevi-akil-celen-kitaplar","10":"pa_yazar-nancy-conner","12":"first","13":"instock","14":"sale","15":"shipping-taxable","16":"purchasable","17":"product-type-simple"},"_links":{"self":[{"href":"https:\/\/roveyayinevi.com.tr\/index.php\/wp-json\/wp\/v2\/product\/716300","targetHints":{"allow":["GET"]}}],"collection":[{"href":"https:\/\/roveyayinevi.com.tr\/index.php\/wp-json\/wp\/v2\/product"}],"about":[{"href":"https:\/\/roveyayinevi.com.tr\/index.php\/wp-json\/wp\/v2\/types\/product"}],"wp:attachment":[{"href":"https:\/\/roveyayinevi.com.tr\/index.php\/wp-json\/wp\/v2\/media?parent=716300"}],"wp:term":[{"taxonomy":"product_brand","embeddable":true,"href":"https:\/\/roveyayinevi.com.tr\/index.php\/wp-json\/wp\/v2\/product_brand?post=716300"},{"taxonomy":"product_cat","embeddable":true,"href":"https:\/\/roveyayinevi.com.tr\/index.php\/wp-json\/wp\/v2\/product_cat?post=716300"},{"taxonomy":"product_tag","embeddable":true,"href":"https:\/\/roveyayinevi.com.tr\/index.php\/wp-json\/wp\/v2\/product_tag?post=716300"}],"curies":[{"name":"wp","href":"https:\/\/api.w.org\/{rel}","templated":true}]}}