{"id":716298,"date":"2025-08-27T17:41:08","date_gmt":"2025-08-27T14:41:08","guid":{"rendered":"https:\/\/roveyayinevi.com.tr\/index.php\/urun\/oliver-twist-10\/"},"modified":"2026-04-16T02:24:35","modified_gmt":"2026-04-15T23:24:35","slug":"oliver-twist-10","status":"publish","type":"product","link":"https:\/\/roveyayinevi.com.tr\/index.php\/urun\/oliver-twist-10\/","title":{"rendered":"Oliver Twist"},"content":{"rendered":"<p>Oliver Twist d\u00fc\u015fk\u00fcnler evinde d\u00fcnyaya gelmi\u015f ve annesinin \u00f6l\u00fcm\u00fcyle kimsesiz kalm\u0131\u015ft\u0131r. Bu zavall\u0131 yetim \u00e7ocuk, a\u015f\u00e7\u0131dan bir tas \u00e7orba istedi\u011fi i\u00e7in d\u00fc\u015fk\u00fcnler evinden at\u0131l\u0131p yetimhaneye g\u00f6nderilir. Belli bir ya\u015fa gelince de bir cenaze levaz\u0131mat\u00e7\u0131s\u0131n\u0131n yan\u0131nda i\u015fe sokulur. Oliver, g\u00f6rd\u00fc\u011f\u00fc a\u015fa\u011f\u0131lay\u0131c\u0131 muameleden \u00f6t\u00fcr\u00fc cenaze levaz\u0131mat\u00e7\u0131s\u0131n\u0131n yan\u0131ndan ka\u00e7\u0131p Londra\u2019ya gider. Fakat kader onu tehlikeli bir yankesici \u00e7etesinin a\u011f\u0131na d\u00fc\u015f\u00fcr\u00fcr. Brownlow ad\u0131nda bir beyefendi Oliver\u2019\u0131 sokaklardan kurtar\u0131p evine al\u0131r. Fakat yankesiciler k\u00fc\u00e7\u00fck \u00e7ocu\u011fun pe\u015fini b\u0131rakmaz. Sonras\u0131nda maceradan maceraya s\u00fcr\u00fcklenen Oliver,  ya\u015fad\u0131\u011f\u0131 olaylar sayesinde ailesiyle ilgili ger\u00e7eklere ad\u0131m ad\u0131m yakla\u015fmaya ba\u015flar. <\/p>\n","protected":false},"excerpt":{"rendered":"<p>Oliver Twist d\u00fc\u015fk\u00fcnler evinde d\u00fcnyaya gelmi\u015f ve annesinin \u00f6l\u00fcm\u00fcyle kimsesiz kalm\u0131\u015ft\u0131r. Bu zavall\u0131 yetim \u00e7ocuk, a\u015f\u00e7\u0131dan bir tas \u00e7orba istedi\u011fi i\u00e7in d\u00fc\u015fk\u00fcnler evinden at\u0131l\u0131p yetimhaneye g\u00f6nderilir.<span class=\"excerpt-hellip\"> [\u2026]<\/span><\/p>\n","protected":false},"featured_media":0,"template":"","meta":{"_monsterinsights_skip_tracking":false,"_monsterinsights_sitenote_active":false,"_monsterinsights_sitenote_note":"","_monsterinsights_sitenote_category":0},"product_brand":[],"product_cat":[12274,12467],"product_tag":[],"class_list":{"0":"post-716298","1":"product","2":"type-product","3":"status-publish","5":"product_cat-cocuk-ve-genclik-kitaplari","6":"product_cat-dunya-klasikleri","7":"pa_cilt-ciltsiz","8":"pa_tur-kitap","9":"pa_yayinevi-fark-yayinlari","10":"pa_yazar-charles-dickens","12":"first","13":"instock","14":"sale","15":"shipping-taxable","16":"purchasable","17":"product-type-simple"},"_links":{"self":[{"href":"https:\/\/roveyayinevi.com.tr\/index.php\/wp-json\/wp\/v2\/product\/716298","targetHints":{"allow":["GET"]}}],"collection":[{"href":"https:\/\/roveyayinevi.com.tr\/index.php\/wp-json\/wp\/v2\/product"}],"about":[{"href":"https:\/\/roveyayinevi.com.tr\/index.php\/wp-json\/wp\/v2\/types\/product"}],"wp:attachment":[{"href":"https:\/\/roveyayinevi.com.tr\/index.php\/wp-json\/wp\/v2\/media?parent=716298"}],"wp:term":[{"taxonomy":"product_brand","embeddable":true,"href":"https:\/\/roveyayinevi.com.tr\/index.php\/wp-json\/wp\/v2\/product_brand?post=716298"},{"taxonomy":"product_cat","embeddable":true,"href":"https:\/\/roveyayinevi.com.tr\/index.php\/wp-json\/wp\/v2\/product_cat?post=716298"},{"taxonomy":"product_tag","embeddable":true,"href":"https:\/\/roveyayinevi.com.tr\/index.php\/wp-json\/wp\/v2\/product_tag?post=716298"}],"curies":[{"name":"wp","href":"https:\/\/api.w.org\/{rel}","templated":true}]}}