{"id":716296,"date":"2025-08-27T17:41:06","date_gmt":"2025-08-27T14:41:06","guid":{"rendered":"https:\/\/roveyayinevi.com.tr\/index.php\/urun\/sirk-kopegi-2\/"},"modified":"2026-04-16T02:24:35","modified_gmt":"2026-04-15T23:24:35","slug":"sirk-kopegi-2","status":"publish","type":"product","link":"https:\/\/roveyayinevi.com.tr\/index.php\/urun\/sirk-kopegi-2\/","title":{"rendered":"Sirk K\u00f6pe\u011fi"},"content":{"rendered":"<p>Hen\u00fcz yavruyken birbirlerinden ayr\u0131lm\u0131\u015f olan Jerry ve Michael karde\u015fler, Kennan \u00e7iftinin \u00e7abalar\u0131 sayesinde tekrar bir araya gelirler. Fakat bu birliktelik, Michael\u2019\u0131n kumsalda oynarken Dag Daughtry adl\u0131 bir kamarot taraf\u0131ndan bulunmas\u0131yla bozuluverir. Dag Daughtry, g\u00f6r\u00fcr g\u00f6rmez \u00e7ok sevdi\u011fi Michael\u2019\u0131 \u00e7al\u0131\u015ft\u0131\u011f\u0131 gemiye bindirip gizlice e\u011fitmeye ba\u015flar. Parlak zek\u00e2s\u0131 sayesinde kendisine \u00f6\u011fretilen her \u015feyi \u00e7abucak kavrayan Michael, girdi\u011fi her ortamda dikkatleri \u00fczerinde toplamaktad\u0131r. Fakat yetenekleri, onun Daughtry\u2019den \u00e7al\u0131nmas\u0131na ve ac\u0131mas\u0131z hayvan terbiyecilerinin eline d\u00fc\u015fmesine sebep olur. \u00d6nce karde\u015fi Jerry\u2019den, sonra da biricik dostu Daughtry\u2019den ayr\u0131lmak zorunda kalan Michael\u2019\u0131 art\u0131k \u00e7ok zorlu bir hayat beklemektedir.<\/p>\n","protected":false},"excerpt":{"rendered":"<p>Hen\u00fcz yavruyken birbirlerinden ayr\u0131lm\u0131\u015f olan Jerry ve Michael karde\u015fler, Kennan \u00e7iftinin \u00e7abalar\u0131 sayesinde tekrar bir araya gelirler. Fakat bu birliktelik, Michael\u2019\u0131n kumsalda oynarken Dag Daughtry adl\u0131<span class=\"excerpt-hellip\"> [\u2026]<\/span><\/p>\n","protected":false},"featured_media":0,"template":"","meta":{"_monsterinsights_skip_tracking":false,"_monsterinsights_sitenote_active":false,"_monsterinsights_sitenote_note":"","_monsterinsights_sitenote_category":0},"product_brand":[],"product_cat":[12274,12467],"product_tag":[],"class_list":{"0":"post-716296","1":"product","2":"type-product","3":"status-publish","5":"product_cat-cocuk-ve-genclik-kitaplari","6":"product_cat-dunya-klasikleri","7":"pa_cilt-ciltsiz","8":"pa_tur-kitap","9":"pa_yayinevi-fark-yayinlari","10":"pa_yazar-jack-london","12":"first","13":"instock","14":"sale","15":"shipping-taxable","16":"purchasable","17":"product-type-simple"},"_links":{"self":[{"href":"https:\/\/roveyayinevi.com.tr\/index.php\/wp-json\/wp\/v2\/product\/716296","targetHints":{"allow":["GET"]}}],"collection":[{"href":"https:\/\/roveyayinevi.com.tr\/index.php\/wp-json\/wp\/v2\/product"}],"about":[{"href":"https:\/\/roveyayinevi.com.tr\/index.php\/wp-json\/wp\/v2\/types\/product"}],"wp:attachment":[{"href":"https:\/\/roveyayinevi.com.tr\/index.php\/wp-json\/wp\/v2\/media?parent=716296"}],"wp:term":[{"taxonomy":"product_brand","embeddable":true,"href":"https:\/\/roveyayinevi.com.tr\/index.php\/wp-json\/wp\/v2\/product_brand?post=716296"},{"taxonomy":"product_cat","embeddable":true,"href":"https:\/\/roveyayinevi.com.tr\/index.php\/wp-json\/wp\/v2\/product_cat?post=716296"},{"taxonomy":"product_tag","embeddable":true,"href":"https:\/\/roveyayinevi.com.tr\/index.php\/wp-json\/wp\/v2\/product_tag?post=716296"}],"curies":[{"name":"wp","href":"https:\/\/api.w.org\/{rel}","templated":true}]}}