{"id":716292,"date":"2025-08-27T17:41:04","date_gmt":"2025-08-27T14:41:04","guid":{"rendered":"https:\/\/roveyayinevi.com.tr\/index.php\/urun\/dijital-fotograf-akademisi-4-portre-fotograf-nasil-cekilir\/"},"modified":"2026-04-16T02:24:35","modified_gmt":"2026-04-15T23:24:35","slug":"dijital-fotograf-akademisi-4-portre-fotograf-nasil-cekilir","status":"publish","type":"product","link":"https:\/\/roveyayinevi.com.tr\/index.php\/urun\/dijital-fotograf-akademisi-4-portre-fotograf-nasil-cekilir\/","title":{"rendered":"Dijital Foto\u011fraf Akademisi 4 &#8211; Portre Foto\u011fraf Nas\u0131l \u00c7ekilir ?"},"content":{"rendered":"<p>\u0130nsan\u0131n, ya\u015fam\u0131n oda\u011f\u0131nda oldu\u011fu bir \u00e7a\u011fda, bir g\u00f6r\u00fcnt\u00fcleme ayg\u0131t\u0131n\u0131n ilk objesi olmas\u0131na \u015fa\u015f\u0131rmamak gerekir, \u00e7\u00fcnk\u00fc her g\u00fcn onlarca, y\u00fczlerce, belki de binlerce insanla, yani portreyle kar\u015f\u0131la\u015fmaktay\u0131z. O nedenle g\u00f6r\u00fcnt\u00fcleme ayg\u0131tlar\u0131n\u0131n en yayg\u0131n\u0131 olan foto\u011fraf makinesinin tabii ki ilk objelerinden biri portredir. Portre foto\u011fraflar\u0131 \u00e7ekmek, hem \u00e7ok keyiflidir hem de detaylara dikkat edilmesi ve foto\u011fraf tekni\u011fine dair baz\u0131 kurallar\u0131n bilinmesi halinde yarat\u0131c\u0131l\u0131\u011f\u0131n\u0131z\u0131 kullanman\u0131z i\u00e7in \u00e7ok elveri\u015flidir.  Prof. Dr. \u00d6zer Kanburo\u011flu (AFIAP), Dijital Foto\u011fraf Akademisi serisinin d\u00f6rd\u00fcnc\u00fc kitab\u0131 olan Portre Foto\u011fraflar\u0131 Nas\u0131l \u00c7ekilir? ile portre foto\u011fraf\u00e7\u0131l\u0131\u011f\u0131n\u0131n farkl\u0131 tiplerini bol \u00f6rneklemeler yaparak a\u00e7\u0131klarken ne tip dijital foto\u011fraf makineleri, objektifler, yard\u0131mc\u0131 malzemeler, \u0131\u015f\u0131kland\u0131rmalar ve pozland\u0131rmalar kullan\u0131larak bir portrenin nas\u0131l do\u011fru foto\u011fraflanaca\u011f\u0131n\u0131 anlat\u0131yor.  Portre \u00e7ekimlerinin temel \u00f6zellikleri nelerdir? I\u015f\u0131k nas\u0131l kontrol edilir? Hangi \u00f6l\u00e7\u00fcm moduylapozland\u0131rma nas\u0131l \u00f6l\u00e7\u00fcl\u00fcr? Kompozisyon nas\u0131l d\u00fczenlenir? Foto\u011fraflar \u00e7ekim sonras\u0131nda nas\u0131l i\u015flenir? T\u00fcm bu sorular\u0131n cevab\u0131 ve daha fazlas\u0131, \u00f6rnek foto\u011fraflarla bu kitapta.  <\/p>\n","protected":false},"excerpt":{"rendered":"<p>\u0130nsan\u0131n, ya\u015fam\u0131n oda\u011f\u0131nda oldu\u011fu bir \u00e7a\u011fda, bir g\u00f6r\u00fcnt\u00fcleme ayg\u0131t\u0131n\u0131n ilk objesi olmas\u0131na \u015fa\u015f\u0131rmamak gerekir, \u00e7\u00fcnk\u00fc her g\u00fcn onlarca, y\u00fczlerce, belki de binlerce insanla, yani portreyle kar\u015f\u0131la\u015fmaktay\u0131z.<span class=\"excerpt-hellip\"> [\u2026]<\/span><\/p>\n","protected":false},"featured_media":0,"template":"","meta":{"_monsterinsights_skip_tracking":false,"_monsterinsights_sitenote_active":false,"_monsterinsights_sitenote_note":"","_monsterinsights_sitenote_category":0},"product_brand":[],"product_cat":[12409,12408],"product_tag":[],"class_list":{"0":"post-716292","1":"product","2":"type-product","3":"status-publish","5":"product_cat-fotograf-sinema-tiyatro","6":"product_cat-sanat","7":"pa_cilt-ciltsiz","8":"pa_tur-kitap","9":"pa_yayinevi-inkilap-kitabevi","10":"pa_yazar-ozer-kanburoglu","12":"first","13":"instock","14":"sale","15":"shipping-taxable","16":"purchasable","17":"product-type-simple"},"_links":{"self":[{"href":"https:\/\/roveyayinevi.com.tr\/index.php\/wp-json\/wp\/v2\/product\/716292","targetHints":{"allow":["GET"]}}],"collection":[{"href":"https:\/\/roveyayinevi.com.tr\/index.php\/wp-json\/wp\/v2\/product"}],"about":[{"href":"https:\/\/roveyayinevi.com.tr\/index.php\/wp-json\/wp\/v2\/types\/product"}],"wp:attachment":[{"href":"https:\/\/roveyayinevi.com.tr\/index.php\/wp-json\/wp\/v2\/media?parent=716292"}],"wp:term":[{"taxonomy":"product_brand","embeddable":true,"href":"https:\/\/roveyayinevi.com.tr\/index.php\/wp-json\/wp\/v2\/product_brand?post=716292"},{"taxonomy":"product_cat","embeddable":true,"href":"https:\/\/roveyayinevi.com.tr\/index.php\/wp-json\/wp\/v2\/product_cat?post=716292"},{"taxonomy":"product_tag","embeddable":true,"href":"https:\/\/roveyayinevi.com.tr\/index.php\/wp-json\/wp\/v2\/product_tag?post=716292"}],"curies":[{"name":"wp","href":"https:\/\/api.w.org\/{rel}","templated":true}]}}