{"id":716291,"date":"2025-08-27T17:41:03","date_gmt":"2025-08-27T14:41:03","guid":{"rendered":"https:\/\/roveyayinevi.com.tr\/index.php\/urun\/dijital-fotograf-akademisi-3-makro-fotograflar-nasil-cekilir\/"},"modified":"2026-04-16T02:24:35","modified_gmt":"2026-04-15T23:24:35","slug":"dijital-fotograf-akademisi-3-makro-fotograflar-nasil-cekilir","status":"publish","type":"product","link":"https:\/\/roveyayinevi.com.tr\/index.php\/urun\/dijital-fotograf-akademisi-3-makro-fotograflar-nasil-cekilir\/","title":{"rendered":"Dijital Foto\u011fraf Akademisi 3 &#8211; Makro Foto\u011fraflar Nas\u0131l \u00c7ekilir?"},"content":{"rendered":"<p>Foto\u011fraf\u00e7\u0131l\u0131\u011f\u0131 amat\u00f6r ya da profesyonel olarak yapan bir\u00e7ok foto\u011fraf\u00e7\u0131, foto\u011fraf hayat\u0131n\u0131n belli bir b\u00f6l\u00fcm\u00fcnde \u00f6n\u00fcndeki makro d\u00fcnyay\u0131 k\u00fc\u00e7\u00fck bir sens\u00f6re ya da eski analog sistemde filme s\u0131\u011fd\u0131rmak istemi\u015ftir. Baz\u0131 amat\u00f6r ya da profesyonel foto\u011fraf\u00e7\u0131lar ise bir foto\u011fraf dili olarak t\u00fcm hayatlar\u0131n\u0131 bu tip makro \u00e7ekimlere adam\u0131\u015ft\u0131r. Makro foto\u011fraf\u00e7\u0131l\u0131k klasik \u00e7ekimlerden farkl\u0131d\u0131r ve bu farkl\u0131l\u0131\u011f\u0131n\u0131n temelinde \u00e7\u0131plak g\u00f6zle g\u00f6r\u00fclmesi imk\u00e2ns\u0131za yak\u0131n olan objelerin \u00e7ok \u00f6zel foto\u011fraflar\u0131n\u0131n \u00e7ekimi yatmaktad\u0131r. Do\u011fru teknik ve donan\u0131mla \u00e7ekilen makro foto\u011fraflar, bamba\u015fka bir d\u00fcnyan\u0131n kap\u0131lar\u0131n\u0131 aralar. Prof. Dr. \u00d6zer Kanburo\u011flu (AFIAP), Dijital Foto\u011fraf Akademisi serisinin \u00fc\u00e7\u00fcnc\u00fc kitab\u0131 olan Makro Foto\u011fraflar Nas\u0131l \u00c7ekilir? ile makro foto\u011fraf\u00e7\u0131l\u0131\u011f\u0131n temel prensiplerinden ba\u015flayarak, bu \u00e7ekimlerin ne tip foto\u011fraf makineleri, objektifler ve yard\u0131mc\u0131 malzemelerle yap\u0131labilece\u011fini, bu \u00e7ekimlerde kompozisyonun nas\u0131l kurulaca\u011f\u0131n\u0131, ne tip tekniklerle hangi sonu\u00e7lara ula\u015f\u0131labilece\u011fini ayr\u0131nt\u0131l\u0131 \u015fekilde anlat\u0131yor.  Makro \u00e7ekimlerinin genel \u00f6zellikleri nelerdir? Foto\u011fraf makinesinin ayarlar\u0131 nerede olmal\u0131d\u0131r? Hangi pozland\u0131rma \u00f6ncelikleriyle nas\u0131l \u00e7ekim yap\u0131l\u0131r? Makro \u00e7ekimlerinde kar\u015f\u0131la\u015f\u0131lan problemler nas\u0131l \u00e7\u00f6z\u00fcl\u00fcr? Do\u011fada makro \u00e7ekim haz\u0131rl\u0131\u011f\u0131 nelerdir? T\u00fcm bu sorular\u0131n cevab\u0131 ve daha fazlas\u0131, \u00f6rnek foto\u011fraflarla bu kitapta. <\/p>\n","protected":false},"excerpt":{"rendered":"<p>Foto\u011fraf\u00e7\u0131l\u0131\u011f\u0131 amat\u00f6r ya da profesyonel olarak yapan bir\u00e7ok foto\u011fraf\u00e7\u0131, foto\u011fraf hayat\u0131n\u0131n belli bir b\u00f6l\u00fcm\u00fcnde \u00f6n\u00fcndeki makro d\u00fcnyay\u0131 k\u00fc\u00e7\u00fck bir sens\u00f6re ya da eski analog sistemde filme<span class=\"excerpt-hellip\"> [\u2026]<\/span><\/p>\n","protected":false},"featured_media":0,"template":"","meta":{"_monsterinsights_skip_tracking":false,"_monsterinsights_sitenote_active":false,"_monsterinsights_sitenote_note":"","_monsterinsights_sitenote_category":0},"product_brand":[],"product_cat":[12409,12408],"product_tag":[],"class_list":{"0":"post-716291","1":"product","2":"type-product","3":"status-publish","5":"product_cat-fotograf-sinema-tiyatro","6":"product_cat-sanat","7":"pa_cilt-ciltsiz","8":"pa_tur-kitap","9":"pa_yayinevi-inkilap-kitabevi","10":"pa_yazar-ozer-kanburoglu","12":"first","13":"instock","14":"sale","15":"shipping-taxable","16":"purchasable","17":"product-type-simple"},"_links":{"self":[{"href":"https:\/\/roveyayinevi.com.tr\/index.php\/wp-json\/wp\/v2\/product\/716291","targetHints":{"allow":["GET"]}}],"collection":[{"href":"https:\/\/roveyayinevi.com.tr\/index.php\/wp-json\/wp\/v2\/product"}],"about":[{"href":"https:\/\/roveyayinevi.com.tr\/index.php\/wp-json\/wp\/v2\/types\/product"}],"wp:attachment":[{"href":"https:\/\/roveyayinevi.com.tr\/index.php\/wp-json\/wp\/v2\/media?parent=716291"}],"wp:term":[{"taxonomy":"product_brand","embeddable":true,"href":"https:\/\/roveyayinevi.com.tr\/index.php\/wp-json\/wp\/v2\/product_brand?post=716291"},{"taxonomy":"product_cat","embeddable":true,"href":"https:\/\/roveyayinevi.com.tr\/index.php\/wp-json\/wp\/v2\/product_cat?post=716291"},{"taxonomy":"product_tag","embeddable":true,"href":"https:\/\/roveyayinevi.com.tr\/index.php\/wp-json\/wp\/v2\/product_tag?post=716291"}],"curies":[{"name":"wp","href":"https:\/\/api.w.org\/{rel}","templated":true}]}}