{"id":716286,"date":"2025-08-27T17:41:00","date_gmt":"2025-08-27T14:41:00","guid":{"rendered":"https:\/\/roveyayinevi.com.tr\/index.php\/urun\/kimligi-mechul\/"},"modified":"2026-04-16T02:24:35","modified_gmt":"2026-04-15T23:24:35","slug":"kimligi-mechul","status":"publish","type":"product","link":"https:\/\/roveyayinevi.com.tr\/index.php\/urun\/kimligi-mechul\/","title":{"rendered":"Kimli\u011fi Me\u00e7hul"},"content":{"rendered":"<p>&#8220;Anlat\u0131yorum, o halde var\u0131m\u201dEvet do\u011fru okudunuz d\u00fc\u015f\u00fcncelerin yan\u0131 s\u0131ra duygular\u0131 da her zaman anlatmak gerek \u00f6enmeli olan.Hayata anlam kazand\u0131rmak hayatta b,r k\u0131v\u0131lc\u0131m\u0131n insan\u0131 inan\u0131lmaz b\u00fcy\u00fck yang\u0131nlar \u00e7\u0131karabilece\u011fini bilmek.\u00d6l\u00fcm nedir ger\u00e7ekten? diye sordu biyolojik silah uzaman\u0131 kad\u0131n.R\u00fcya gibi bir di\u011fer kad\u0131n kalp sadece bir organd\u0131r, oysa y\u00fcrek gibi duygusal yakla\u015f\u0131mlarda bulunurken \u00e7ok istedi\u011fi her\u015feyin mutlaka ger\u00e7ekle\u015fece\u011fine de inan\u0131yor.Bir ba\u015fka kad\u0131na duydu\u011fu a\u015fk\u0131 Estrella&#8217;n\u0131n y\u0131ld\u0131z anlam\u0131na geld\u011fini s\u00f6yleyerek anlat\u0131yor ve roman yazar\u0131 arkada\u015f\u0131na keskin \u00f6nerilerde bulunuyor. Sadece a\u015fk yaz diye hayk\u0131rm\u0131\u015ft\u0131m &#8230;Herkes kendince hennemini ya\u015far.Ac\u0131 veren hat\u0131ralar\u0131 unutarak huzurlu bir hayata ba\u015flanabilir mi? Peki kendine faydas\u0131 olmayan\u0131n kime faydas\u0131 olabilir ki?Bir\u00e7 \u00f6l\u00fcnt alihsiz yolcusumuyuz, dengesiz ve hatta tutars\u0131zm\u0131y\u0131z?Hayat\u0131n ola\u011fan seyrinde herkesin ilgisini \u00e7ekenin, ye\u015fil d\u00fczl\u00fcklerde bulunmamla ilgili  oldu\u011funu \u00f6\u011frenmi\u015ftim art\u0131k.En diplerine d\u00fc\u015ft\u00fc\u011f\u00fcm karanl\u0131k ve kasvetli u\u00e7urumlar\u0131n korkun\u00e7 i\u011fren\u00e7 ve \u00e7amurlu diplerinde olmamla hi\u00e7 kimsenin ilgilenmedi\u011finin de ay\u0131rd\u0131na varabiliyordum.Oysa Vazge\u00e7memekti \u00f6nemli olan\u2026 Antakya gibisi yoktur bu memlekette.Yazar\u0131, \u00e7izeri, d\u00fc\u015f\u00fcneni ve okuru ile g\u00fczide fevkalade. Necdet \u00d6zkaya bu antik \u015fehrin \u00e7a\u011fda\u015f ve usta kalemidir.C\u00fcmlelerinin i\u00e7inden, bu engin k\u00fclt\u00fcrel miras damlar ve damlad\u0131\u011f\u0131 yere b\u00fcy\u00fck keyif verir. <\/p>\n","protected":false},"excerpt":{"rendered":"<p>&#8220;Anlat\u0131yorum, o halde var\u0131m\u201dEvet do\u011fru okudunuz d\u00fc\u015f\u00fcncelerin yan\u0131 s\u0131ra duygular\u0131 da her zaman anlatmak gerek \u00f6enmeli olan.Hayata anlam kazand\u0131rmak hayatta b,r k\u0131v\u0131lc\u0131m\u0131n insan\u0131 inan\u0131lmaz b\u00fcy\u00fck yang\u0131nlar<span class=\"excerpt-hellip\"> [\u2026]<\/span><\/p>\n","protected":false},"featured_media":0,"template":"","meta":{"_monsterinsights_skip_tracking":false,"_monsterinsights_sitenote_active":false,"_monsterinsights_sitenote_note":"","_monsterinsights_sitenote_category":0},"product_brand":[],"product_cat":[12291,12711],"product_tag":[],"class_list":{"0":"post-716286","1":"product","2":"type-product","3":"status-publish","5":"product_cat-edebiyat","6":"product_cat-roman-oyku","7":"pa_cilt-ciltsiz","8":"pa_tur-kitap","9":"pa_yayinevi-yeni-insan-yayinlari","10":"pa_yazar-necdet-ozkaya","12":"first","13":"instock","14":"sale","15":"shipping-taxable","16":"purchasable","17":"product-type-simple"},"_links":{"self":[{"href":"https:\/\/roveyayinevi.com.tr\/index.php\/wp-json\/wp\/v2\/product\/716286","targetHints":{"allow":["GET"]}}],"collection":[{"href":"https:\/\/roveyayinevi.com.tr\/index.php\/wp-json\/wp\/v2\/product"}],"about":[{"href":"https:\/\/roveyayinevi.com.tr\/index.php\/wp-json\/wp\/v2\/types\/product"}],"wp:attachment":[{"href":"https:\/\/roveyayinevi.com.tr\/index.php\/wp-json\/wp\/v2\/media?parent=716286"}],"wp:term":[{"taxonomy":"product_brand","embeddable":true,"href":"https:\/\/roveyayinevi.com.tr\/index.php\/wp-json\/wp\/v2\/product_brand?post=716286"},{"taxonomy":"product_cat","embeddable":true,"href":"https:\/\/roveyayinevi.com.tr\/index.php\/wp-json\/wp\/v2\/product_cat?post=716286"},{"taxonomy":"product_tag","embeddable":true,"href":"https:\/\/roveyayinevi.com.tr\/index.php\/wp-json\/wp\/v2\/product_tag?post=716286"}],"curies":[{"name":"wp","href":"https:\/\/api.w.org\/{rel}","templated":true}]}}