{"id":716284,"date":"2025-08-27T17:40:59","date_gmt":"2025-08-27T14:40:59","guid":{"rendered":"https:\/\/roveyayinevi.com.tr\/index.php\/urun\/oluler-ansiklopedisi\/"},"modified":"2026-04-16T02:24:35","modified_gmt":"2026-04-15T23:24:35","slug":"oluler-ansiklopedisi","status":"publish","type":"product","link":"https:\/\/roveyayinevi.com.tr\/index.php\/urun\/oluler-ansiklopedisi\/","title":{"rendered":"\u00d6l\u00fcler Ansiklopedisi"},"content":{"rendered":"<p>Tarih ile kurmacay\u0131 k\u0131l\u0131 k\u0131rk yaran bir dille harmanlad\u0131\u011f\u0131 oyunbaz metinleriyle, Joyce ile Borges aras\u0131nda bir yerde konumlanan Yugoslav yazar Danilo Ki\u0161, 20. y\u00fczy\u0131lda Avrupa\u2019n\u0131n yeti\u015ftirdi\u011fi en \u00f6zg\u00fcn kalemlerden biri olarak g\u00f6steriliyor. \u00d6l\u00fcler Ansiklopedisi onun en bilinen kitab\u0131. \u0130\u00e7inde a\u015fk\u0131n ve \u00f6l\u00fcm\u00fcn anlam\u0131 \u00fczerine efk\u00e2r tozlar\u0131 serpen dokuz \u00f6yk\u00fc var. Her birinde ayr\u0131 bir t\u0131n\u0131, aralar\u0131nda hissedilir bir i\u00e7 uyum&#8230; Bir derlemeden \u00e7ok, \u00f6zenle bir araya getirilmi\u015f dokuz par\u00e7al\u0131k bir alb\u00fcm tad\u0131 var bu kitapta. <\/p>\n","protected":false},"excerpt":{"rendered":"<p>Tarih ile kurmacay\u0131 k\u0131l\u0131 k\u0131rk yaran bir dille harmanlad\u0131\u011f\u0131 oyunbaz metinleriyle, Joyce ile Borges aras\u0131nda bir yerde konumlanan Yugoslav yazar Danilo Ki\u0161, 20. y\u00fczy\u0131lda Avrupa\u2019n\u0131n yeti\u015ftirdi\u011fi<span class=\"excerpt-hellip\"> [\u2026]<\/span><\/p>\n","protected":false},"featured_media":0,"template":"","meta":{"_monsterinsights_skip_tracking":false,"_monsterinsights_sitenote_active":false,"_monsterinsights_sitenote_note":"","_monsterinsights_sitenote_category":0},"product_brand":[],"product_cat":[13661,12291],"product_tag":[],"class_list":{"0":"post-716284","1":"product","2":"type-product","3":"status-publish","5":"product_cat-diger-ulke-edebiyatlari","6":"product_cat-edebiyat","7":"pa_cilt-ciltsiz","8":"pa_tur-kitap","9":"pa_yayinevi-kirmizi-kedi-yayinevi","10":"pa_yazar-danilo-kis","12":"first","13":"instock","14":"sale","15":"shipping-taxable","16":"purchasable","17":"product-type-simple"},"_links":{"self":[{"href":"https:\/\/roveyayinevi.com.tr\/index.php\/wp-json\/wp\/v2\/product\/716284","targetHints":{"allow":["GET"]}}],"collection":[{"href":"https:\/\/roveyayinevi.com.tr\/index.php\/wp-json\/wp\/v2\/product"}],"about":[{"href":"https:\/\/roveyayinevi.com.tr\/index.php\/wp-json\/wp\/v2\/types\/product"}],"wp:attachment":[{"href":"https:\/\/roveyayinevi.com.tr\/index.php\/wp-json\/wp\/v2\/media?parent=716284"}],"wp:term":[{"taxonomy":"product_brand","embeddable":true,"href":"https:\/\/roveyayinevi.com.tr\/index.php\/wp-json\/wp\/v2\/product_brand?post=716284"},{"taxonomy":"product_cat","embeddable":true,"href":"https:\/\/roveyayinevi.com.tr\/index.php\/wp-json\/wp\/v2\/product_cat?post=716284"},{"taxonomy":"product_tag","embeddable":true,"href":"https:\/\/roveyayinevi.com.tr\/index.php\/wp-json\/wp\/v2\/product_tag?post=716284"}],"curies":[{"name":"wp","href":"https:\/\/api.w.org\/{rel}","templated":true}]}}