{"id":716274,"date":"2025-08-27T17:40:52","date_gmt":"2025-08-27T14:40:52","guid":{"rendered":"https:\/\/roveyayinevi.com.tr\/index.php\/urun\/narcos-jaguarin-pencesi\/"},"modified":"2026-04-16T02:24:35","modified_gmt":"2026-04-15T23:24:35","slug":"narcos-jaguarin-pencesi","status":"publish","type":"product","link":"https:\/\/roveyayinevi.com.tr\/index.php\/urun\/narcos-jaguarin-pencesi\/","title":{"rendered":"Narcos &#8211; Jaguar\u0131n Pen\u00e7esi"},"content":{"rendered":"<p>Narcos dizisi ile ba\u011flant\u0131l\u0131 ilk resmi roman olan JAGUAR\u2019IN PEN\u00c7ES\u0130, Pablo Escobar\u2019\u0131n liderli\u011findeki Medell\u00edn kartelinin i\u00e7 y\u00fcz\u00fcn\u00fc Jose Aguilar Gonzales\u2019in g\u00f6z\u00fcnden anlat\u0131yor.Gen\u00e7 ve idealist bir polis memuru olan Gonzales, kendini bir anda uyu\u015fturucu baronu Pablo Escobar\u2019a hizmet ederken bulur. Escobar\u2019\u0131n az\u0131l\u0131 tetik\u00e7ilerinden birine d\u00f6n\u00fc\u015fen Aguilar, memleketi Medell\u00edn\u2019de kokainle kararan hayatlara tan\u0131kl\u0131k eder ve kendi ya\u015fam\u0131nda da bir dizi felaketle y\u00fczle\u015fmek zorunda kal\u0131r. Olaylar Aguilar\u2019\u0131 geri d\u00f6n\u00fc\u015f\u00fc olmayan bir yolun e\u015fi\u011fine getirmi\u015ftir; ya t\u00fcm kay\u0131plar\u0131 pahas\u0131na hayatta kalmak i\u00e7in kartele hizmet etmeyi s\u00fcrd\u00fcrecek ya da kartelin ba\u015f\u0131ndaki g\u00fc\u00e7l\u00fc, karizmatik ve \u00f6l\u00fcmc\u00fcl tiran\u0131 kar\u015f\u0131s\u0131na alacakt\u0131r. <\/p>\n","protected":false},"excerpt":{"rendered":"<p>Narcos dizisi ile ba\u011flant\u0131l\u0131 ilk resmi roman olan JAGUAR\u2019IN PEN\u00c7ES\u0130, Pablo Escobar\u2019\u0131n liderli\u011findeki Medell\u00edn kartelinin i\u00e7 y\u00fcz\u00fcn\u00fc Jose Aguilar Gonzales\u2019in g\u00f6z\u00fcnden anlat\u0131yor.Gen\u00e7 ve idealist bir polis<span class=\"excerpt-hellip\"> [\u2026]<\/span><\/p>\n","protected":false},"featured_media":0,"template":"","meta":{"_monsterinsights_skip_tracking":false,"_monsterinsights_sitenote_active":false,"_monsterinsights_sitenote_note":"","_monsterinsights_sitenote_category":0},"product_brand":[],"product_cat":[12291,12711],"product_tag":[],"class_list":{"0":"post-716274","1":"product","2":"type-product","3":"status-publish","5":"product_cat-edebiyat","6":"product_cat-roman-oyku","7":"pa_cilt-ciltsiz","8":"pa_tur-kitap","9":"pa_yayinevi-epsilon-yayinlari","10":"pa_yazar-jeff-mariotte","12":"first","13":"instock","14":"sale","15":"shipping-taxable","16":"purchasable","17":"product-type-simple"},"_links":{"self":[{"href":"https:\/\/roveyayinevi.com.tr\/index.php\/wp-json\/wp\/v2\/product\/716274","targetHints":{"allow":["GET"]}}],"collection":[{"href":"https:\/\/roveyayinevi.com.tr\/index.php\/wp-json\/wp\/v2\/product"}],"about":[{"href":"https:\/\/roveyayinevi.com.tr\/index.php\/wp-json\/wp\/v2\/types\/product"}],"wp:attachment":[{"href":"https:\/\/roveyayinevi.com.tr\/index.php\/wp-json\/wp\/v2\/media?parent=716274"}],"wp:term":[{"taxonomy":"product_brand","embeddable":true,"href":"https:\/\/roveyayinevi.com.tr\/index.php\/wp-json\/wp\/v2\/product_brand?post=716274"},{"taxonomy":"product_cat","embeddable":true,"href":"https:\/\/roveyayinevi.com.tr\/index.php\/wp-json\/wp\/v2\/product_cat?post=716274"},{"taxonomy":"product_tag","embeddable":true,"href":"https:\/\/roveyayinevi.com.tr\/index.php\/wp-json\/wp\/v2\/product_tag?post=716274"}],"curies":[{"name":"wp","href":"https:\/\/api.w.org\/{rel}","templated":true}]}}