{"id":716273,"date":"2025-08-27T17:40:52","date_gmt":"2025-08-27T14:40:52","guid":{"rendered":"https:\/\/roveyayinevi.com.tr\/index.php\/urun\/kiyilarina-vur-adamin\/"},"modified":"2026-04-16T02:24:35","modified_gmt":"2026-04-15T23:24:35","slug":"kiyilarina-vur-adamin","status":"publish","type":"product","link":"https:\/\/roveyayinevi.com.tr\/index.php\/urun\/kiyilarina-vur-adamin\/","title":{"rendered":"K\u0131y\u0131lar\u0131na Vur Adam\u0131n"},"content":{"rendered":"<p>Cesur K\u0131z\u0131l, baz\u0131 haks\u0131z ve yanl\u0131\u015f kararlar\u0131n alt\u0131na imza atm\u0131\u015f bir Askeri H\u00e2kim\u2019dir. \u0130damlar\u0131n, y\u0131llarca yat\u0131lan hapis cezalar\u0131n\u0131n, i\u015fkencelerin ve adaletsizliklerin hesab\u0131n\u0131n sorulaca\u011f\u0131 g\u00fcnler geldi\u011finde \u00f6l\u00fcm tehditleri almaya ba\u015flar. Evlendi\u011fi T\u00fcrk\u00e7e \u00d6\u011fretmeninden \u00fc\u00e7 o\u011flu ve bir k\u0131z\u0131 olur.Emekli olduktan sonra da s\u00fcren \u00f6l\u00fcm tehditleri y\u00fcz\u00fcnden Sapanca G\u00f6l\u00fc\u2019n\u00fc g\u00f6ren bir siteye ta\u015f\u0131n\u0131rlar. Ya\u015fad\u0131\u011f\u0131 vicdan azab\u0131 ve bunal\u0131mlar, yetmi\u015f iki ya\u015f\u0131na ula\u015fan bu adam\u0131 hayat\u0131n ve \u00f6nemli kavramlar\u0131n sorguland\u0131\u011f\u0131 farkl\u0131 ve tuhaf bir boyuta ta\u015f\u0131r. \u00c7ocuklar\u0131na her hafta G\u00f6rev\u2019ler verir ve istedi\u011fi kavramlar\u0131 anlatmalar\u0131n\u0131 ister. K\u00f6t\u00fcl\u00fck, iyilik, nefret, a\u015fk, h\u00fcz\u00fcn, mutluluk, hayat, \u00f6l\u00fcm, sevgi ve bilgelik gibi kavramlar\u0131 d\u00fc\u015f\u00fcnen, sorgulayan ve ula\u015ft\u0131klar\u0131 sentezlerin t\u00fcm\u00fcn\u00fc aktaran d\u00f6rt bilge, bunlar\u0131 Mistik G\u00f6l\u2019\u00fcn ortas\u0131ndaki Gizemli Ada\u2019n\u0131n en y\u00fcksek da\u011f\u0131n\u0131n zirvesindeki d\u00fcz ve beyaz kayalara da yazacaklard\u0131r. T\u00fcm bulu\u015fmalar\u0131nda, Ah\u015fap \u0130skele\u2019deki Eski Kay\u0131k\u2019la ula\u015f\u0131rlar adaya ve da\u011f\u0131n kayalar\u0131na yazarlar ula\u015ft\u0131klar\u0131 sonu\u00e7lar\u0131&#8230; K\u0131y\u0131lar\u0131na Vur Adam\u0131n, Mistik G\u00f6l D\u00f6rtl\u00fcs\u00fc\u2019n\u00fcn ilk kitab\u0131d\u0131r. Roman boyunca simgelerle, s\u00fcrprizlerle kar\u015f\u0131la\u015facak, \u015fa\u015f\u0131racak ve s\u00fcr\u00fckleyici anlat\u0131n\u0131n arkas\u0131nda gizlice akan \u015fiirsellikle nitelikli edebiyat\u0131n, okuman\u0131n doyumsuz hazlar\u0131na ula\u015facaks\u0131n\u0131z. Uzun bir yolculu\u011fa \u00e7\u0131k\u0131yoruz, hayat\u0131 ve hayatla ilgili her kavram\u0131 sorgulamaya; yol arkada\u015f\u0131m\u0131z olur musunuz? <\/p>\n","protected":false},"excerpt":{"rendered":"<p>Cesur K\u0131z\u0131l, baz\u0131 haks\u0131z ve yanl\u0131\u015f kararlar\u0131n alt\u0131na imza atm\u0131\u015f bir Askeri H\u00e2kim\u2019dir. \u0130damlar\u0131n, y\u0131llarca yat\u0131lan hapis cezalar\u0131n\u0131n, i\u015fkencelerin ve adaletsizliklerin hesab\u0131n\u0131n sorulaca\u011f\u0131 g\u00fcnler geldi\u011finde \u00f6l\u00fcm<span class=\"excerpt-hellip\"> [\u2026]<\/span><\/p>\n","protected":false},"featured_media":0,"template":"","meta":{"_monsterinsights_skip_tracking":false,"_monsterinsights_sitenote_active":false,"_monsterinsights_sitenote_note":"","_monsterinsights_sitenote_category":0},"product_brand":[],"product_cat":[12291,12711],"product_tag":[],"class_list":{"0":"post-716273","1":"product","2":"type-product","3":"status-publish","5":"product_cat-edebiyat","6":"product_cat-roman-oyku","7":"pa_cilt-ciltsiz","8":"pa_tur-kitap","9":"pa_yayinevi-yeni-insan-yayinlari","10":"pa_yazar-necdet-ozkaya","12":"first","13":"instock","14":"sale","15":"shipping-taxable","16":"purchasable","17":"product-type-simple"},"_links":{"self":[{"href":"https:\/\/roveyayinevi.com.tr\/index.php\/wp-json\/wp\/v2\/product\/716273","targetHints":{"allow":["GET"]}}],"collection":[{"href":"https:\/\/roveyayinevi.com.tr\/index.php\/wp-json\/wp\/v2\/product"}],"about":[{"href":"https:\/\/roveyayinevi.com.tr\/index.php\/wp-json\/wp\/v2\/types\/product"}],"wp:attachment":[{"href":"https:\/\/roveyayinevi.com.tr\/index.php\/wp-json\/wp\/v2\/media?parent=716273"}],"wp:term":[{"taxonomy":"product_brand","embeddable":true,"href":"https:\/\/roveyayinevi.com.tr\/index.php\/wp-json\/wp\/v2\/product_brand?post=716273"},{"taxonomy":"product_cat","embeddable":true,"href":"https:\/\/roveyayinevi.com.tr\/index.php\/wp-json\/wp\/v2\/product_cat?post=716273"},{"taxonomy":"product_tag","embeddable":true,"href":"https:\/\/roveyayinevi.com.tr\/index.php\/wp-json\/wp\/v2\/product_tag?post=716273"}],"curies":[{"name":"wp","href":"https:\/\/api.w.org\/{rel}","templated":true}]}}