{"id":716272,"date":"2025-08-27T17:40:51","date_gmt":"2025-08-27T14:40:51","guid":{"rendered":"https:\/\/roveyayinevi.com.tr\/index.php\/urun\/goc-ve-kultur\/"},"modified":"2026-04-16T02:24:35","modified_gmt":"2026-04-15T23:24:35","slug":"goc-ve-kultur","status":"publish","type":"product","link":"https:\/\/roveyayinevi.com.tr\/index.php\/urun\/goc-ve-kultur\/","title":{"rendered":"G\u00f6\u00e7 ve K\u00fclt\u00fcr"},"content":{"rendered":"<p>T\u00fcrk k\u00fclt\u00fcr\u00fcn\u00fcn tarihsel ve sosyolojik tecr\u00fcbesi bu kitab\u0131n temel problemi olarak al\u0131nm\u0131\u015ft\u0131r. \u00c7\u00fcnk\u00fc tarihsel ve sosyolojik boyut g\u00f6\u00e7 ve k\u00fclt\u00fcr\u00fcn iki temel aya\u011f\u0131n\u0131 te\u015fkil eder.  Bu ba\u011flamda g\u00f6\u00e7\u00fcn toplumsal tarihimizdeki yeri ile modern hayata getirdi\u011fi etkiler k\u00fclt\u00fcrel ve e\u011fitimsel tecr\u00fcbeler \u00fczerinden incelenmektedir.  Yurt D\u0131\u015f\u0131 G\u00f6\u00e7ler Almanya \u00f6rne\u011finde, Balkan g\u00f6\u00e7leri ve g\u00f6\u00e7te \u0130stanbul tecr\u00fcbesi tarihsel boyutta, Suriyeliler g\u00fcncel boyutta, k\u00f6yden mahalleye evrilen s\u00fcre\u00e7 ise i\u00e7 g\u00f6\u00e7\u00fcn kentle\u015fme istikametindeki yeni a\u00e7\u0131l\u0131mlar\u0131 olarak kitab\u0131n temel konular\u0131n\u0131 olu\u015fturmaktad\u0131r.  \u00d6zg\u00fcn g\u00f6zlem ve deneyimleriyle g\u00f6\u00e7\u00fcn tarihsel ve g\u00fcncel tan\u0131klar\u0131 da bu kitab\u0131n teorik boyutunu zenginle\u015ftiren bir detay olarak sunulmaktad\u0131r\u2026<\/p>\n","protected":false},"excerpt":{"rendered":"<p>T\u00fcrk k\u00fclt\u00fcr\u00fcn\u00fcn tarihsel ve sosyolojik tecr\u00fcbesi bu kitab\u0131n temel problemi olarak al\u0131nm\u0131\u015ft\u0131r. \u00c7\u00fcnk\u00fc tarihsel ve sosyolojik boyut g\u00f6\u00e7 ve k\u00fclt\u00fcr\u00fcn iki temel aya\u011f\u0131n\u0131 te\u015fkil eder. Bu<span class=\"excerpt-hellip\"> [\u2026]<\/span><\/p>\n","protected":false},"featured_media":0,"template":"","meta":{"_monsterinsights_skip_tracking":false,"_monsterinsights_sitenote_active":false,"_monsterinsights_sitenote_note":"","_monsterinsights_sitenote_category":0},"product_brand":[],"product_cat":[13633,12324],"product_tag":[],"class_list":{"0":"post-716272","1":"product","2":"type-product","3":"status-publish","5":"product_cat-kultur-ve-bilim","6":"product_cat-sosyoloji","7":"pa_cilt-ciltsiz","8":"pa_tur-kitap","9":"pa_yayinevi-bilge-kultur-sanat","10":"pa_yazar-ismail-dogan","12":"first","13":"instock","14":"sale","15":"shipping-taxable","16":"purchasable","17":"product-type-simple"},"_links":{"self":[{"href":"https:\/\/roveyayinevi.com.tr\/index.php\/wp-json\/wp\/v2\/product\/716272","targetHints":{"allow":["GET"]}}],"collection":[{"href":"https:\/\/roveyayinevi.com.tr\/index.php\/wp-json\/wp\/v2\/product"}],"about":[{"href":"https:\/\/roveyayinevi.com.tr\/index.php\/wp-json\/wp\/v2\/types\/product"}],"wp:attachment":[{"href":"https:\/\/roveyayinevi.com.tr\/index.php\/wp-json\/wp\/v2\/media?parent=716272"}],"wp:term":[{"taxonomy":"product_brand","embeddable":true,"href":"https:\/\/roveyayinevi.com.tr\/index.php\/wp-json\/wp\/v2\/product_brand?post=716272"},{"taxonomy":"product_cat","embeddable":true,"href":"https:\/\/roveyayinevi.com.tr\/index.php\/wp-json\/wp\/v2\/product_cat?post=716272"},{"taxonomy":"product_tag","embeddable":true,"href":"https:\/\/roveyayinevi.com.tr\/index.php\/wp-json\/wp\/v2\/product_tag?post=716272"}],"curies":[{"name":"wp","href":"https:\/\/api.w.org\/{rel}","templated":true}]}}