{"id":716271,"date":"2025-08-27T17:40:51","date_gmt":"2025-08-27T14:40:51","guid":{"rendered":"https:\/\/roveyayinevi.com.tr\/index.php\/urun\/klara-milic\/"},"modified":"2026-04-16T02:24:35","modified_gmt":"2026-04-15T23:24:35","slug":"klara-milic","status":"publish","type":"product","link":"https:\/\/roveyayinevi.com.tr\/index.php\/urun\/klara-milic\/","title":{"rendered":"Klara Mili\u00e7"},"content":{"rendered":"<p>\u0130van Sergeyevi\u00e7Turgenyev (1818-1883): Avrupa\u2019da ve \u00fclkemizde eserleri ilk\u00f6nce \u00e7evrilen 19. y\u00fczy\u0131l Rus romanc\u0131lar\u0131 aras\u0131nda yer al\u0131r. Moskova, Petersburg ve Paris \u00fcniversitelerinde \u00f6\u011frenim g\u00f6ren Turgenyev, d\u00f6neminin Avrupal\u0131 bak\u0131\u015f a\u00e7\u0131s\u0131na sahip tek Rus yazar\u0131 olarak an\u0131l\u0131r. Zay\u0131f iradeli Rus ayd\u0131nlar\u0131n\u0131, serflerin ya\u015fant\u0131s\u0131n\u0131, toprak sahibi soylular\u0131n a\u015fklar\u0131n\u0131 ve kendisini yak\u0131n hissetmedi\u011fi radikal gen\u00e7 ku\u015fa\u011f\u0131 tarafs\u0131z ve ger\u00e7ek\u00e7i bir dille eserlerine aktarm\u0131\u015ft\u0131r. 1882 y\u0131l\u0131nda kaleme ald\u0131\u011f\u0131 ve son eserlerinden olan KlaraMili\u00e7\u2019te ise Turgenyev toplumsal meselelerden uzakla\u015f\u0131p mutluluk, a\u015fk, ac\u0131, \u00f6l\u00fcm ve varolu\u015fun s\u0131rlar\u0131 gibi insanl\u0131\u011f\u0131n sonsuz meselelerine odaklan\u0131r. Turgenyev d\u00fcnyada oldu\u011fu gibi \u00fclkemizde de pek \u00e7ok yazar\u0131 etkilemi\u015f, hatta Sabahattin Ali K\u00fcrk Mantolu Madonna eserinde KlaraMili\u00e7\u2019e at\u0131fta bulunmu\u015ftur.<\/p>\n","protected":false},"excerpt":{"rendered":"<p>\u0130van Sergeyevi\u00e7Turgenyev (1818-1883): Avrupa\u2019da ve \u00fclkemizde eserleri ilk\u00f6nce \u00e7evrilen 19. y\u00fczy\u0131l Rus romanc\u0131lar\u0131 aras\u0131nda yer al\u0131r. Moskova, Petersburg ve Paris \u00fcniversitelerinde \u00f6\u011frenim g\u00f6ren Turgenyev, d\u00f6neminin Avrupal\u0131<span class=\"excerpt-hellip\"> [\u2026]<\/span><\/p>\n","protected":false},"featured_media":0,"template":"","meta":{"_monsterinsights_skip_tracking":false,"_monsterinsights_sitenote_active":false,"_monsterinsights_sitenote_note":"","_monsterinsights_sitenote_category":0},"product_brand":[],"product_cat":[12291,12711],"product_tag":[],"class_list":{"0":"post-716271","1":"product","2":"type-product","3":"status-publish","5":"product_cat-edebiyat","6":"product_cat-roman-oyku","7":"pa_cilt-ciltsiz","8":"pa_tur-kitap","9":"pa_yayinevi-is-bankasi-kultur-yayinlari","10":"pa_yazar-ivan-sergeyevic-turgenyev","12":"first","13":"instock","14":"sale","15":"shipping-taxable","16":"purchasable","17":"product-type-simple"},"_links":{"self":[{"href":"https:\/\/roveyayinevi.com.tr\/index.php\/wp-json\/wp\/v2\/product\/716271","targetHints":{"allow":["GET"]}}],"collection":[{"href":"https:\/\/roveyayinevi.com.tr\/index.php\/wp-json\/wp\/v2\/product"}],"about":[{"href":"https:\/\/roveyayinevi.com.tr\/index.php\/wp-json\/wp\/v2\/types\/product"}],"wp:attachment":[{"href":"https:\/\/roveyayinevi.com.tr\/index.php\/wp-json\/wp\/v2\/media?parent=716271"}],"wp:term":[{"taxonomy":"product_brand","embeddable":true,"href":"https:\/\/roveyayinevi.com.tr\/index.php\/wp-json\/wp\/v2\/product_brand?post=716271"},{"taxonomy":"product_cat","embeddable":true,"href":"https:\/\/roveyayinevi.com.tr\/index.php\/wp-json\/wp\/v2\/product_cat?post=716271"},{"taxonomy":"product_tag","embeddable":true,"href":"https:\/\/roveyayinevi.com.tr\/index.php\/wp-json\/wp\/v2\/product_tag?post=716271"}],"curies":[{"name":"wp","href":"https:\/\/api.w.org\/{rel}","templated":true}]}}