{"id":716266,"date":"2025-08-27T17:40:48","date_gmt":"2025-08-27T14:40:48","guid":{"rendered":"https:\/\/roveyayinevi.com.tr\/index.php\/urun\/gucunu-kendinden-alan-cocuk\/"},"modified":"2026-04-16T02:24:35","modified_gmt":"2026-04-15T23:24:35","slug":"gucunu-kendinden-alan-cocuk","status":"publish","type":"product","link":"https:\/\/roveyayinevi.com.tr\/index.php\/urun\/gucunu-kendinden-alan-cocuk\/","title":{"rendered":"G\u00fcc\u00fcn\u00fc Kendinden Alan \u00c7ocuk"},"content":{"rendered":"<p>Beyin bilimi ve davran\u0131\u015fsal terapi, \u00e7ocuklar\u0131n i\u00e7indeki g\u00fcc\u00fc \u00e7\u0131karmak i\u00e7in bir araya geliyor!\u00c7a\u011f\u0131m\u0131z\u0131n \u201cstres\u201d denilen vebas\u0131n\u0131n yeti\u015fkinler \u00fczerindeki y\u0131k\u0131c\u0131 etkilerine a\u015finay\u0131z. Peki ya \u00e7ocuklar?\u00dcnl\u00fc n\u00f6ropsikolog Doktor William Stixrud ve \u00e7ocuklar\u0131n hayatlar\u0131nda harikalar yaratan bir e\u011fitimci olan Ned Johnson, uzun y\u0131llar \u00e7ocuklarla birlikte \u00e7al\u0131\u015ft\u0131ktan sonra, onlar\u0131n gelecekteki ba\u015far\u0131lar\u0131n\u0131 ve nas\u0131l bir yeti\u015fkine d\u00f6n\u00fc\u015feceklerini etkileyen b\u00fcy\u00fck bir \u015fey ke\u015ffetti: Stres. \u00c7ocuklar\u0131n sa\u011fl\u0131kl\u0131 geli\u015fmesinin \u00f6n\u00fcndeki belki de en b\u00fcy\u00fck engellerden biri zehirli stres. Panzehri ise \u00e7ocuklar\u0131n sorumluluk alma ve kontrol becerilerini g\u00fc\u00e7lendirmek.Tecr\u00fcbe, beyin bilimi ve davran\u0131\u015fsal terapiyi bir arayan getiren bu kitap, \u00e7ocuklar\u0131n\u0131za parlak bir gelece\u011fe giden yolu g\u00f6sterebilmeniz i\u00e7in yaz\u0131ld\u0131. \u00c7\u00fcnk\u00fc ebeveynler olarak yapabilece\u011finiz en g\u00fczel \u015fey bu: Yol g\u00f6stermek. Yol boyunca direksiyonu elinde tutmas\u0131 gerekense kendi g\u00fcc\u00fcne inanan \u00e7ocu\u011funuz. G\u00fcc\u00fcn\u00fc Kendinden Alan \u00c7ocuk, yaln\u0131zca ebeveynler i\u00e7in de\u011fil, \u00f6\u011fretmenler, uzmanlar, profesyoneller k\u0131sacas\u0131 \u00e7ocuklarla ileti\u015fim h\u00e2linde olan herkes i\u00e7in bir ba\u015fucu kayna\u011f\u0131.<\/p>\n","protected":false},"excerpt":{"rendered":"<p>Beyin bilimi ve davran\u0131\u015fsal terapi, \u00e7ocuklar\u0131n i\u00e7indeki g\u00fcc\u00fc \u00e7\u0131karmak i\u00e7in bir araya geliyor!\u00c7a\u011f\u0131m\u0131z\u0131n \u201cstres\u201d denilen vebas\u0131n\u0131n yeti\u015fkinler \u00fczerindeki y\u0131k\u0131c\u0131 etkilerine a\u015finay\u0131z. Peki ya \u00e7ocuklar?\u00dcnl\u00fc n\u00f6ropsikolog Doktor<span class=\"excerpt-hellip\"> [\u2026]<\/span><\/p>\n","protected":false},"featured_media":0,"template":"","meta":{"_monsterinsights_skip_tracking":false,"_monsterinsights_sitenote_active":false,"_monsterinsights_sitenote_note":"","_monsterinsights_sitenote_category":0},"product_brand":[],"product_cat":[17996,12364],"product_tag":[],"class_list":{"0":"post-716266","1":"product","2":"type-product","3":"status-publish","5":"product_cat-ebeveyn-kitaplari","6":"product_cat-genel-konular","7":"pa_cilt-ciltsiz","8":"pa_tur-kitap","9":"pa_yayinevi-beyaz-balina-yayinlari","10":"pa_yazar-william-stixrud-ned-johnson","12":"first","13":"instock","14":"sale","15":"shipping-taxable","16":"purchasable","17":"product-type-simple"},"_links":{"self":[{"href":"https:\/\/roveyayinevi.com.tr\/index.php\/wp-json\/wp\/v2\/product\/716266","targetHints":{"allow":["GET"]}}],"collection":[{"href":"https:\/\/roveyayinevi.com.tr\/index.php\/wp-json\/wp\/v2\/product"}],"about":[{"href":"https:\/\/roveyayinevi.com.tr\/index.php\/wp-json\/wp\/v2\/types\/product"}],"wp:attachment":[{"href":"https:\/\/roveyayinevi.com.tr\/index.php\/wp-json\/wp\/v2\/media?parent=716266"}],"wp:term":[{"taxonomy":"product_brand","embeddable":true,"href":"https:\/\/roveyayinevi.com.tr\/index.php\/wp-json\/wp\/v2\/product_brand?post=716266"},{"taxonomy":"product_cat","embeddable":true,"href":"https:\/\/roveyayinevi.com.tr\/index.php\/wp-json\/wp\/v2\/product_cat?post=716266"},{"taxonomy":"product_tag","embeddable":true,"href":"https:\/\/roveyayinevi.com.tr\/index.php\/wp-json\/wp\/v2\/product_tag?post=716266"}],"curies":[{"name":"wp","href":"https:\/\/api.w.org\/{rel}","templated":true}]}}