{"id":716265,"date":"2025-08-27T17:40:47","date_gmt":"2025-08-27T14:40:47","guid":{"rendered":"https:\/\/roveyayinevi.com.tr\/index.php\/urun\/arinma-terapisi\/"},"modified":"2026-04-16T02:24:34","modified_gmt":"2026-04-15T23:24:34","slug":"arinma-terapisi","status":"publish","type":"product","link":"https:\/\/roveyayinevi.com.tr\/index.php\/urun\/arinma-terapisi\/","title":{"rendered":"Ar\u0131nma Terapisi"},"content":{"rendered":"<p>Merhaba. Ar\u0131nma Terapisi sohbetine ho\u015f geldiniz. Haydi gel, birlikte \u015fu hayat\u0131 anlaml\u0131 bir ya\u015fama d\u00f6n\u00fc\u015ft\u00fcrelim. Co\u015fku dolu bir yolculu\u011fa \u00e7\u0131kal\u0131m. Haydi gel, yaln\u0131zl\u0131\u011f\u0131m\u0131z\u0131 payla\u015fal\u0131m, kimsesizli\u011fimize son verelim. Ya\u015fam\u0131 el ele, sevgi dolu birlikte deneyimleyelim. Mucizelere inan, g\u00fcven bana\u2026 Haydi, tut elimden\u2026 Merhaba. Ar\u0131nma Terapisi sohbetine ho\u015f geldiniz. Haydi gel, birlikte \u015fu hayat\u0131 anlaml\u0131 bir ya\u015fama d\u00f6n\u00fc\u015ft\u00fcrelim. Co\u015fku dolu bir yolculu\u011fa \u00e7\u0131kal\u0131m. Haydi gel, yaln\u0131zl\u0131\u011f\u0131m\u0131z\u0131 payla\u015fal\u0131m, kimsesizli\u011fimize son verelim. Ya\u015fam\u0131 el ele, sevgi dolu birlikte deneyimleyelim. Mucizelere inan, g\u00fcven bana\u2026 Haydi, tut elimden\u2026 <\/p>\n","protected":false},"excerpt":{"rendered":"<p>Merhaba. Ar\u0131nma Terapisi sohbetine ho\u015f geldiniz. Haydi gel, birlikte \u015fu hayat\u0131 anlaml\u0131 bir ya\u015fama d\u00f6n\u00fc\u015ft\u00fcrelim. Co\u015fku dolu bir yolculu\u011fa \u00e7\u0131kal\u0131m. Haydi gel, yaln\u0131zl\u0131\u011f\u0131m\u0131z\u0131 payla\u015fal\u0131m, kimsesizli\u011fimize son<span class=\"excerpt-hellip\"> [\u2026]<\/span><\/p>\n","protected":false},"featured_media":0,"template":"","meta":{"_monsterinsights_skip_tracking":false,"_monsterinsights_sitenote_active":false,"_monsterinsights_sitenote_note":"","_monsterinsights_sitenote_category":0},"product_brand":[],"product_cat":[12364,12376],"product_tag":[],"class_list":{"0":"post-716265","1":"product","2":"type-product","3":"status-publish","5":"product_cat-genel-konular","6":"product_cat-kisisel-gelisim","7":"pa_cilt-ciltsiz","8":"pa_tur-kitap","9":"pa_yayinevi-hayat-yayinlari","10":"pa_yazar-selahattin-yaylamaz","12":"first","13":"instock","14":"sale","15":"shipping-taxable","16":"purchasable","17":"product-type-simple"},"_links":{"self":[{"href":"https:\/\/roveyayinevi.com.tr\/index.php\/wp-json\/wp\/v2\/product\/716265","targetHints":{"allow":["GET"]}}],"collection":[{"href":"https:\/\/roveyayinevi.com.tr\/index.php\/wp-json\/wp\/v2\/product"}],"about":[{"href":"https:\/\/roveyayinevi.com.tr\/index.php\/wp-json\/wp\/v2\/types\/product"}],"wp:attachment":[{"href":"https:\/\/roveyayinevi.com.tr\/index.php\/wp-json\/wp\/v2\/media?parent=716265"}],"wp:term":[{"taxonomy":"product_brand","embeddable":true,"href":"https:\/\/roveyayinevi.com.tr\/index.php\/wp-json\/wp\/v2\/product_brand?post=716265"},{"taxonomy":"product_cat","embeddable":true,"href":"https:\/\/roveyayinevi.com.tr\/index.php\/wp-json\/wp\/v2\/product_cat?post=716265"},{"taxonomy":"product_tag","embeddable":true,"href":"https:\/\/roveyayinevi.com.tr\/index.php\/wp-json\/wp\/v2\/product_tag?post=716265"}],"curies":[{"name":"wp","href":"https:\/\/api.w.org\/{rel}","templated":true}]}}