{"id":716263,"date":"2025-08-27T17:40:45","date_gmt":"2025-08-27T14:40:45","guid":{"rendered":"https:\/\/roveyayinevi.com.tr\/index.php\/urun\/pekinde-mavi-bir-gokyuzu\/"},"modified":"2026-04-16T02:24:34","modified_gmt":"2026-04-15T23:24:34","slug":"pekinde-mavi-bir-gokyuzu","status":"publish","type":"product","link":"https:\/\/roveyayinevi.com.tr\/index.php\/urun\/pekinde-mavi-bir-gokyuzu\/","title":{"rendered":"Pekin\u2019de Mavi Bir G\u00f6ky\u00fcz\u00fc"},"content":{"rendered":"<p>Son otuz y\u0131l zarf\u0131nda \u00c7in\u2019in ekonomisi h\u0131zla b\u00fcy\u00fcd\u00fc ama kent merkezlerinin \u00e7evre niteli\u011fi a\u011f\u0131r sanayi \u00fcretimi ve k\u00f6m\u00fcr t\u00fcketimi nedeniyle bir o kadar \u00e7arp\u0131c\u0131 bi\u00e7imde azald\u0131. \u00c7in bug\u00fcn d\u00fcnyada en \u00e7ok sera gaz\u0131 \u00fcreten \u00fclke konumunda ve d\u00fcnyadaki en kirli \u015fehirlerin \u00e7o\u011fu \u00c7in\u2019de.Pekin\u2019de Mavi Bir G\u00f6ky\u00fcz\u00fc, \u00c7in\u2019deki kentsel geli\u015fmenin yerel ve k\u00fcresel d\u00fczeydeki \u00e7evre sorunlar\u0131n\u0131 nas\u0131l etkiledi\u011fini ele al\u0131yor. \u00dclkedeki yurtta\u015flar\u0131n, ailelerin ve devletin g\u00fcnl\u00fck gidi\u015fata ba\u011fl\u0131 olarak yapt\u0131\u011f\u0131 tercihlere odaklanan Matthew Kahn ve Siqi Zheng, \u00c7in\u2019in \u015fehirlerinde ya\u015fayan insanlar\u0131n g\u00fcnden g\u00fcne daha temiz ya\u015fama ko\u015fullar\u0131 talep etmesini inceliyor ve s\u00fcrd\u00fcr\u00fclebilir kentsel b\u00fcy\u00fcme a\u00e7\u0131s\u0131ndan \u00c7in\u2019in hangi yolda oldu\u011funu de\u011ferlendirmeye a\u00e7\u0131yor.Kahn ve Zheng, \u00c7in\u2019deki \u015fehirlerin durumuna gerek \u00fcst ve orta s\u0131n\u0131f\u0131n gerekse yoksullar\u0131n g\u00f6z\u00fcnden bak\u0131yor. \u015eehirlerde ya\u015fayan ebeveynler \u00e7ocuklar\u0131n\u0131 \u00e7evresel risklerden korumay\u0131 arzuluyor ve orta s\u0131n\u0131f\u0131n daha iyi hayat ko\u015fullar\u0131 talebi, devlet yetkilileri \u00fczerinde daha \u00e7evreci politikalara d\u00f6n\u00fck olarak bask\u0131 do\u011furuyor. Amerikan \u015fehirlerinin tarihsel evrimini bir kar\u015f\u0131la\u015ft\u0131rma arac\u0131 olarak kullanan yazarlar, \u00f6n\u00fcm\u00fczdeki y\u0131llarda \u00c7in\u2019in \u00e7evresel ilerleme konusunda ne gibi s\u00fcre\u00e7lerden ge\u00e7ebilece\u011fine dair \u00f6ng\u00f6r\u00fclerde de bulunuyor. \u00c7in\u2019in \u015fehirlerindeki yak\u0131c\u0131 ekonomi ve \u00e7evre meselelerine e\u011filen Pekin\u2019de Mavi Bir G\u00f6ky\u00fcz\u00fc, daha temiz bir \u00c7in\u2019in sosyal a\u00e7\u0131dan hem \u00fclkenin kendisi hem de d\u00fcnya i\u00e7in daha fazla istikrar sa\u011flayaca\u011f\u0131n\u0131 ortaya koyuyor.<\/p>\n","protected":false},"excerpt":{"rendered":"<p>Son otuz y\u0131l zarf\u0131nda \u00c7in\u2019in ekonomisi h\u0131zla b\u00fcy\u00fcd\u00fc ama kent merkezlerinin \u00e7evre niteli\u011fi a\u011f\u0131r sanayi \u00fcretimi ve k\u00f6m\u00fcr t\u00fcketimi nedeniyle bir o kadar \u00e7arp\u0131c\u0131 bi\u00e7imde azald\u0131.<span class=\"excerpt-hellip\"> [\u2026]<\/span><\/p>\n","protected":false},"featured_media":0,"template":"","meta":{"_monsterinsights_skip_tracking":false,"_monsterinsights_sitenote_active":false,"_monsterinsights_sitenote_note":"","_monsterinsights_sitenote_category":0},"product_brand":[],"product_cat":[13044,13043],"product_tag":[],"class_list":{"0":"post-716263","1":"product","2":"type-product","3":"status-publish","5":"product_cat-dunya-ekonomisi","6":"product_cat-ekonomi","7":"pa_cilt-ciltsiz","8":"pa_tur-kitap","9":"pa_yayinevi-koc-universitesi-yayinlari","10":"pa_yazar-matthew-kahn-siqi-zheng","12":"first","13":"instock","14":"sale","15":"shipping-taxable","16":"purchasable","17":"product-type-simple"},"_links":{"self":[{"href":"https:\/\/roveyayinevi.com.tr\/index.php\/wp-json\/wp\/v2\/product\/716263","targetHints":{"allow":["GET"]}}],"collection":[{"href":"https:\/\/roveyayinevi.com.tr\/index.php\/wp-json\/wp\/v2\/product"}],"about":[{"href":"https:\/\/roveyayinevi.com.tr\/index.php\/wp-json\/wp\/v2\/types\/product"}],"wp:attachment":[{"href":"https:\/\/roveyayinevi.com.tr\/index.php\/wp-json\/wp\/v2\/media?parent=716263"}],"wp:term":[{"taxonomy":"product_brand","embeddable":true,"href":"https:\/\/roveyayinevi.com.tr\/index.php\/wp-json\/wp\/v2\/product_brand?post=716263"},{"taxonomy":"product_cat","embeddable":true,"href":"https:\/\/roveyayinevi.com.tr\/index.php\/wp-json\/wp\/v2\/product_cat?post=716263"},{"taxonomy":"product_tag","embeddable":true,"href":"https:\/\/roveyayinevi.com.tr\/index.php\/wp-json\/wp\/v2\/product_tag?post=716263"}],"curies":[{"name":"wp","href":"https:\/\/api.w.org\/{rel}","templated":true}]}}