{"id":716260,"date":"2025-08-27T17:40:43","date_gmt":"2025-08-27T14:40:43","guid":{"rendered":"https:\/\/roveyayinevi.com.tr\/index.php\/urun\/son-kurtlar\/"},"modified":"2026-04-16T02:24:34","modified_gmt":"2026-04-15T23:24:34","slug":"son-kurtlar","status":"publish","type":"product","link":"https:\/\/roveyayinevi.com.tr\/index.php\/urun\/son-kurtlar\/","title":{"rendered":"Son Kurtlar"},"content":{"rendered":"<p>Kars-Sar\u0131kam\u0131\u015f civar\u0131nda ya\u015fayan bir kurt s\u00fcr\u00fcs\u00fcn\u00fcn yok olu\u015f \u00f6yk\u00fcs\u00fc\u2026 Kitab\u0131n ana kahraman\u0131 Araz gen\u00e7 bir kurt ve onun g\u00f6z\u00fcnden kurtlar\u0131n birbirleriyle, di\u011fer hayvan ve insanlarla ili\u015fkileri anlat\u0131l\u0131yor\u2026Anadolu\u2019nun hoyrat co\u011frafyas\u0131nda binlerce y\u0131ld\u0131r var olma m\u00fccadelesini s\u00fcrd\u00fcren, d\u00fcnyan\u0131n en ak\u0131ll\u0131 ve organize canl\u0131lar\u0131 aras\u0131nda en ba\u015fta gelen kurtlar\u0131n gizemli d\u00fcnyas\u0131na bir yolculuk\u2026Ekolojik bak\u0131\u015fl\u0131 bir kurgu\u2026Liderlik kavram\u0131na farkl\u0131 bir bak\u0131\u015f\u2026Bu kitab\u0131n as\u0131l k\u00f6t\u00fc kahramanlar\u0131 ise insanlar. Onlar\u0131n di\u011fer canl\u0131 ve cans\u0131z varl\u0131klara sayg\u0131 g\u00f6stermeyen iflah olmaz bencilli\u011fi eserde yarg\u0131lan\u0131yor\u2026\u201c\u0130nsan denilen canl\u0131dan m\u00fcmk\u00fcn oldu\u011funca uzak kalman\u0131z sizlerin ya\u015faman\u0131z i\u00e7in \u00e7ok \u00f6nemli yavrular\u0131m. Bu iki ayakl\u0131 yarat\u0131k kendini bizlerden ak\u0131ll\u0131 sand\u0131\u011f\u0131ndan bu d\u00fcnyan\u0131n efendisi oldu\u011funu iddia ediyor ve di\u011fer varl\u0131klara \u00e7ok k\u00f6t\u00fc davran\u0131yor. Ayn\u0131 zamanda \u00e7ok a\u00e7g\u00f6zl\u00fc bunlar\u2026Her \u015feye sahip olmak istiyorlar, hep kendi \u00e7\u0131karlar\u0131n\u0131 \u00f6n planda tutup, di\u011fer canl\u0131lar\u0131 yok say\u0131yorlar. Oysa ya\u015fad\u0131\u011f\u0131m\u0131z d\u00fcnya ne kadar c\u00f6mert ve kollay\u0131c\u0131 ba\u011fr\u0131nda ya\u015fayan canl\u0131lara\u2026Bir tek insan b\u00fct\u00fcn bu uyumu bozuyor. Bence b\u00f6yle devam ederse kendi soylar\u0131n\u0131 da yok eder bunlar. D\u00fcnya ana, bir g\u00fcn onlara \u00f6yle bir darbe vuracak ki ne o g\u00fcvendikleri ak\u0131llar\u0131 ne de bu ak\u0131lla yapt\u0131klar\u0131 aletler onlara yard\u0131mc\u0131 olacak\u2026\u201d<\/p>\n","protected":false},"excerpt":{"rendered":"<p>Kars-Sar\u0131kam\u0131\u015f civar\u0131nda ya\u015fayan bir kurt s\u00fcr\u00fcs\u00fcn\u00fcn yok olu\u015f \u00f6yk\u00fcs\u00fc\u2026 Kitab\u0131n ana kahraman\u0131 Araz gen\u00e7 bir kurt ve onun g\u00f6z\u00fcnden kurtlar\u0131n birbirleriyle, di\u011fer hayvan ve insanlarla ili\u015fkileri<span class=\"excerpt-hellip\"> [\u2026]<\/span><\/p>\n","protected":false},"featured_media":0,"template":"","meta":{"_monsterinsights_skip_tracking":false,"_monsterinsights_sitenote_active":false,"_monsterinsights_sitenote_note":"","_monsterinsights_sitenote_category":0},"product_brand":[],"product_cat":[12291,12745],"product_tag":[],"class_list":{"0":"post-716260","1":"product","2":"type-product","3":"status-publish","5":"product_cat-edebiyat","6":"product_cat-tarihi-roman","7":"pa_cilt-ciltsiz","8":"pa_tur-kitap","9":"pa_yayinevi-kitap-saati-yayinevi","10":"pa_yazar-y-haluk-aytekin","12":"first","13":"instock","14":"sale","15":"shipping-taxable","16":"purchasable","17":"product-type-simple"},"_links":{"self":[{"href":"https:\/\/roveyayinevi.com.tr\/index.php\/wp-json\/wp\/v2\/product\/716260","targetHints":{"allow":["GET"]}}],"collection":[{"href":"https:\/\/roveyayinevi.com.tr\/index.php\/wp-json\/wp\/v2\/product"}],"about":[{"href":"https:\/\/roveyayinevi.com.tr\/index.php\/wp-json\/wp\/v2\/types\/product"}],"wp:attachment":[{"href":"https:\/\/roveyayinevi.com.tr\/index.php\/wp-json\/wp\/v2\/media?parent=716260"}],"wp:term":[{"taxonomy":"product_brand","embeddable":true,"href":"https:\/\/roveyayinevi.com.tr\/index.php\/wp-json\/wp\/v2\/product_brand?post=716260"},{"taxonomy":"product_cat","embeddable":true,"href":"https:\/\/roveyayinevi.com.tr\/index.php\/wp-json\/wp\/v2\/product_cat?post=716260"},{"taxonomy":"product_tag","embeddable":true,"href":"https:\/\/roveyayinevi.com.tr\/index.php\/wp-json\/wp\/v2\/product_tag?post=716260"}],"curies":[{"name":"wp","href":"https:\/\/api.w.org\/{rel}","templated":true}]}}