{"id":716259,"date":"2025-08-27T17:40:43","date_gmt":"2025-08-27T14:40:43","guid":{"rendered":"https:\/\/roveyayinevi.com.tr\/index.php\/urun\/matedin-hezari-gulbun\/"},"modified":"2026-04-16T02:24:34","modified_gmt":"2026-04-15T23:24:34","slug":"matedin-hezari-gulbun","status":"publish","type":"product","link":"https:\/\/roveyayinevi.com.tr\/index.php\/urun\/matedin-hezari-gulbun\/","title":{"rendered":"Matedin Hezar&#8217;\u0131 G\u00fclb\u00fcn"},"content":{"rendered":"<p>\u201cS\u00f6yle art\u0131k el-hayat; Sen mi yok edersin \u00f6l\u00fcm\u00fc, Yoksa ben mi ya\u015fat\u0131r\u0131m seni&#8230;\u201d\u201c\u015eahin g\u00f6zl\u00fc kartal\u0131m ben, u\u00e7maya ba\u015flad\u0131\u011f\u0131m an d\u00fcnyam tersine d\u00f6ner&#8230;\u201d<\/p>\n","protected":false},"excerpt":{"rendered":"<p>\u201cS\u00f6yle art\u0131k el-hayat; Sen mi yok edersin \u00f6l\u00fcm\u00fc, Yoksa ben mi ya\u015fat\u0131r\u0131m seni&#8230;\u201d\u201c\u015eahin g\u00f6zl\u00fc kartal\u0131m ben, u\u00e7maya ba\u015flad\u0131\u011f\u0131m an d\u00fcnyam tersine d\u00f6ner&#8230;\u201d<\/p>\n","protected":false},"featured_media":0,"template":"","meta":{"_monsterinsights_skip_tracking":false,"_monsterinsights_sitenote_active":false,"_monsterinsights_sitenote_note":"","_monsterinsights_sitenote_category":0},"product_brand":[],"product_cat":[12291,12509],"product_tag":[],"class_list":{"0":"post-716259","1":"product","2":"type-product","3":"status-publish","5":"product_cat-edebiyat","6":"product_cat-siir","7":"pa_cilt-ciltsiz","8":"pa_tur-kitap","9":"pa_yayinevi-kitap-saati-yayinevi","10":"pa_yazar-abdulkadir-celik","12":"first","13":"instock","14":"sale","15":"shipping-taxable","16":"purchasable","17":"product-type-simple"},"_links":{"self":[{"href":"https:\/\/roveyayinevi.com.tr\/index.php\/wp-json\/wp\/v2\/product\/716259","targetHints":{"allow":["GET"]}}],"collection":[{"href":"https:\/\/roveyayinevi.com.tr\/index.php\/wp-json\/wp\/v2\/product"}],"about":[{"href":"https:\/\/roveyayinevi.com.tr\/index.php\/wp-json\/wp\/v2\/types\/product"}],"wp:attachment":[{"href":"https:\/\/roveyayinevi.com.tr\/index.php\/wp-json\/wp\/v2\/media?parent=716259"}],"wp:term":[{"taxonomy":"product_brand","embeddable":true,"href":"https:\/\/roveyayinevi.com.tr\/index.php\/wp-json\/wp\/v2\/product_brand?post=716259"},{"taxonomy":"product_cat","embeddable":true,"href":"https:\/\/roveyayinevi.com.tr\/index.php\/wp-json\/wp\/v2\/product_cat?post=716259"},{"taxonomy":"product_tag","embeddable":true,"href":"https:\/\/roveyayinevi.com.tr\/index.php\/wp-json\/wp\/v2\/product_tag?post=716259"}],"curies":[{"name":"wp","href":"https:\/\/api.w.org\/{rel}","templated":true}]}}