{"id":716254,"date":"2025-08-27T17:40:39","date_gmt":"2025-08-27T14:40:39","guid":{"rendered":"https:\/\/roveyayinevi.com.tr\/index.php\/urun\/cordelianin-renkleri\/"},"modified":"2026-04-03T02:30:56","modified_gmt":"2026-04-02T23:30:56","slug":"cordelianin-renkleri","status":"publish","type":"product","link":"https:\/\/roveyayinevi.com.tr\/index.php\/urun\/cordelianin-renkleri\/","title":{"rendered":"Cordelia&#8217;n\u0131n Renkleri"},"content":{"rendered":"<p>Milano. Kas\u0131m. Cordelia kendi renginin gizemini ke\u015ffetmeye karar verir. Ya\u015f\u0131n\u0131 daha k\u00fc\u00e7\u00fck g\u00f6stermekle birlikte; sekiz ya\u015f\u0131nda, s\u0131ska, sar\u0131 sa\u00e7l\u0131, mavi g\u00f6zl\u00fc bir \u00e7ocuktur. \u0130\u00e7ine kapan\u0131kt\u0131r, \u00e7ok konu\u015fmay\u0131 sevmez ve yanl\u0131\u015f bir karar oldu\u011funu bilmesine ra\u011fmen art\u0131k hi\u00e7 konu\u015fmamay\u0131 tercih etmektedir.Milano. Kas\u0131m. Cordelia kendi renginin gizemini ke\u015ffetmeye karar verir. Ya\u015f\u0131n\u0131 daha k\u00fc\u00e7\u00fck g\u00f6stermekle birlikte; sekiz ya\u015f\u0131nda, s\u0131ska, sar\u0131 sa\u00e7l\u0131, mavi g\u00f6zl\u00fc bir \u00e7ocuktur. \u0130\u00e7ine kapan\u0131kt\u0131r, \u00e7ok konu\u015fmay\u0131 sevmez ve yanl\u0131\u015f bir karar oldu\u011funu bilmesine ra\u011fmen art\u0131k hi\u00e7 konu\u015fmamay\u0131 tercih etmektedir.B\u00fcy\u00fcklere de \u00f6nerilir, b\u00fcy\u00fck olsunlar diye.<\/p>\n","protected":false},"excerpt":{"rendered":"<p>Milano. Kas\u0131m. Cordelia kendi renginin gizemini ke\u015ffetmeye karar verir. Ya\u015f\u0131n\u0131 daha k\u00fc\u00e7\u00fck g\u00f6stermekle birlikte; sekiz ya\u015f\u0131nda, s\u0131ska, sar\u0131 sa\u00e7l\u0131, mavi g\u00f6zl\u00fc bir \u00e7ocuktur. \u0130\u00e7ine kapan\u0131kt\u0131r, \u00e7ok<span class=\"excerpt-hellip\"> [\u2026]<\/span><\/p>\n","protected":false},"featured_media":0,"template":"","meta":{"_monsterinsights_skip_tracking":false,"_monsterinsights_sitenote_active":false,"_monsterinsights_sitenote_note":"","_monsterinsights_sitenote_category":0},"product_brand":[],"product_cat":[12291,12711],"product_tag":[],"class_list":{"0":"post-716254","1":"product","2":"type-product","3":"status-publish","5":"product_cat-edebiyat","6":"product_cat-roman-oyku","7":"pa_cilt-ciltsiz","8":"pa_tur-kitap","9":"pa_yayinevi-kitap-saati-yayinevi","10":"pa_yazar-nicoletta-vallorani","12":"first","13":"instock","14":"sale","15":"shipping-taxable","16":"purchasable","17":"product-type-simple"},"_links":{"self":[{"href":"https:\/\/roveyayinevi.com.tr\/index.php\/wp-json\/wp\/v2\/product\/716254","targetHints":{"allow":["GET"]}}],"collection":[{"href":"https:\/\/roveyayinevi.com.tr\/index.php\/wp-json\/wp\/v2\/product"}],"about":[{"href":"https:\/\/roveyayinevi.com.tr\/index.php\/wp-json\/wp\/v2\/types\/product"}],"wp:attachment":[{"href":"https:\/\/roveyayinevi.com.tr\/index.php\/wp-json\/wp\/v2\/media?parent=716254"}],"wp:term":[{"taxonomy":"product_brand","embeddable":true,"href":"https:\/\/roveyayinevi.com.tr\/index.php\/wp-json\/wp\/v2\/product_brand?post=716254"},{"taxonomy":"product_cat","embeddable":true,"href":"https:\/\/roveyayinevi.com.tr\/index.php\/wp-json\/wp\/v2\/product_cat?post=716254"},{"taxonomy":"product_tag","embeddable":true,"href":"https:\/\/roveyayinevi.com.tr\/index.php\/wp-json\/wp\/v2\/product_tag?post=716254"}],"curies":[{"name":"wp","href":"https:\/\/api.w.org\/{rel}","templated":true}]}}