{"id":716253,"date":"2025-08-27T17:40:39","date_gmt":"2025-08-27T14:40:39","guid":{"rendered":"https:\/\/roveyayinevi.com.tr\/index.php\/urun\/ben-hayrandim-anneme\/"},"modified":"2026-04-12T02:29:53","modified_gmt":"2026-04-11T23:29:53","slug":"ben-hayrandim-anneme","status":"publish","type":"product","link":"https:\/\/roveyayinevi.com.tr\/index.php\/urun\/ben-hayrandim-anneme\/","title":{"rendered":"Ben Hayrand\u0131m Anneme"},"content":{"rendered":"<p>Bilemiyorum; ne desem annemm, bir tanem&#8230;\u201cBug\u00fcn, g\u00fcnlerden May\u0131s 2.Pazar ve ben seni \u00e7ok \u00f6zledim\u201dHer Anne s\u00f6z\u00fcnde burnumun dire\u011fi s\u0131zlarG\u00f6z p\u0131narlar\u0131ma h\u00fccum eder ya\u015flarD\u00f6k\u00fclmekten aciz, oldu\u011fu yerde birikir\u0130\u00e7im burkulur, bir ho\u015f olurBu 7. \u201cAnneler G\u00fcn\u00fc\u201d sensizBen, kimselere diyemiyorum art\u0131k\u201cG\u00fcn\u00fcn\u00fcz Kutlu Olsun, nice y\u0131llara\u201d diyeBilemiyorum; ne desem Bilemiyorum, duygular\u0131m\u0131 nas\u0131l ifade edebilirHangi kelime\u2026.<\/p>\n","protected":false},"excerpt":{"rendered":"<p>Bilemiyorum; ne desem annemm, bir tanem&#8230;\u201cBug\u00fcn, g\u00fcnlerden May\u0131s 2.Pazar ve ben seni \u00e7ok \u00f6zledim\u201dHer Anne s\u00f6z\u00fcnde burnumun dire\u011fi s\u0131zlarG\u00f6z p\u0131narlar\u0131ma h\u00fccum eder ya\u015flarD\u00f6k\u00fclmekten aciz, oldu\u011fu yerde<span class=\"excerpt-hellip\"> [\u2026]<\/span><\/p>\n","protected":false},"featured_media":0,"template":"","meta":{"_monsterinsights_skip_tracking":false,"_monsterinsights_sitenote_active":false,"_monsterinsights_sitenote_note":"","_monsterinsights_sitenote_category":0},"product_brand":[],"product_cat":[12291,12509],"product_tag":[],"class_list":{"0":"post-716253","1":"product","2":"type-product","3":"status-publish","5":"product_cat-edebiyat","6":"product_cat-siir","7":"pa_cilt-ciltsiz","8":"pa_tur-kitap","9":"pa_yayinevi-kitap-saati-yayinevi","10":"pa_yazar-perihan-metin","12":"first","13":"instock","14":"sale","15":"shipping-taxable","16":"purchasable","17":"product-type-simple"},"_links":{"self":[{"href":"https:\/\/roveyayinevi.com.tr\/index.php\/wp-json\/wp\/v2\/product\/716253","targetHints":{"allow":["GET"]}}],"collection":[{"href":"https:\/\/roveyayinevi.com.tr\/index.php\/wp-json\/wp\/v2\/product"}],"about":[{"href":"https:\/\/roveyayinevi.com.tr\/index.php\/wp-json\/wp\/v2\/types\/product"}],"wp:attachment":[{"href":"https:\/\/roveyayinevi.com.tr\/index.php\/wp-json\/wp\/v2\/media?parent=716253"}],"wp:term":[{"taxonomy":"product_brand","embeddable":true,"href":"https:\/\/roveyayinevi.com.tr\/index.php\/wp-json\/wp\/v2\/product_brand?post=716253"},{"taxonomy":"product_cat","embeddable":true,"href":"https:\/\/roveyayinevi.com.tr\/index.php\/wp-json\/wp\/v2\/product_cat?post=716253"},{"taxonomy":"product_tag","embeddable":true,"href":"https:\/\/roveyayinevi.com.tr\/index.php\/wp-json\/wp\/v2\/product_tag?post=716253"}],"curies":[{"name":"wp","href":"https:\/\/api.w.org\/{rel}","templated":true}]}}