{"id":716250,"date":"2025-08-27T17:40:37","date_gmt":"2025-08-27T14:40:37","guid":{"rendered":"https:\/\/roveyayinevi.com.tr\/index.php\/urun\/merkur-geri-gitti\/"},"modified":"2026-04-16T02:24:34","modified_gmt":"2026-04-15T23:24:34","slug":"merkur-geri-gitti","status":"publish","type":"product","link":"https:\/\/roveyayinevi.com.tr\/index.php\/urun\/merkur-geri-gitti\/","title":{"rendered":"Merk\u00fcr Geri Gitti"},"content":{"rendered":"<p>Gezegenlerin konumlar\u0131, hareketleri ve birbirleriyle etkile\u015fimleri bedenimizi ve zihnimizi nas\u0131l etkiliyor? Merk\u00fcr\u2019\u00fcn yava\u015flamas\u0131, nas\u0131l oluyor da D\u00fcnya\u2019da hem elektronik aletleri hem de ili\u015fkileri bozuyor? Bur\u00e7lar\u0131na g\u00f6re insanlar nas\u0131l oluyor da bamba\u015fka huylara, enerjilere,y\u00f6nelimlere ve hik\u00e2yelere sahip olabiliyorlar? Burak Ali Kartal, su\u00e7 d\u00fcnyas\u0131n\u0131n efsaneleri aras\u0131nda yer alan seri katillerin ve d*land\u0131r\u0131c\u0131lar\u0131n, bur\u00e7lar\u0131na g\u00f6re hangi d\u00fcrt\u00fclerle ve ne \u015fekilde su\u00e7 i\u015flediklerini anlat\u0131yor. Bu \u00fcrk\u00fct\u00fcc\u00fc ve d\u00fc\u015f\u00fcnd\u00fcr\u00fcc\u00fc s\u0131n\u0131fland\u0131rman\u0131n ba\u015f\u0131nda ise diyor ki; \u201cMerk\u00fcr\u2019\u00fcn etkilerine inan\u0131n ama her \u015fey i\u00e7in de Merk\u00fcr\u2019\u00fc su\u00e7lamay\u0131n.\u201d <\/p>\n","protected":false},"excerpt":{"rendered":"<p>Gezegenlerin konumlar\u0131, hareketleri ve birbirleriyle etkile\u015fimleri bedenimizi ve zihnimizi nas\u0131l etkiliyor? Merk\u00fcr\u2019\u00fcn yava\u015flamas\u0131, nas\u0131l oluyor da D\u00fcnya\u2019da hem elektronik aletleri hem de ili\u015fkileri bozuyor? Bur\u00e7lar\u0131na g\u00f6re<span class=\"excerpt-hellip\"> [\u2026]<\/span><\/p>\n","protected":false},"featured_media":0,"template":"","meta":{"_monsterinsights_skip_tracking":false,"_monsterinsights_sitenote_active":false,"_monsterinsights_sitenote_note":"","_monsterinsights_sitenote_category":0},"product_brand":[],"product_cat":[19840,12364],"product_tag":[],"class_list":{"0":"post-716250","1":"product","2":"type-product","3":"status-publish","5":"product_cat-astroloji","6":"product_cat-genel-konular","7":"pa_cilt-ciltsiz","8":"pa_tur-kitap","9":"pa_yayinevi-kara-karga-yayinlari","10":"pa_yazar-burak-ali-kartal","12":"first","13":"instock","14":"sale","15":"shipping-taxable","16":"purchasable","17":"product-type-simple"},"_links":{"self":[{"href":"https:\/\/roveyayinevi.com.tr\/index.php\/wp-json\/wp\/v2\/product\/716250","targetHints":{"allow":["GET"]}}],"collection":[{"href":"https:\/\/roveyayinevi.com.tr\/index.php\/wp-json\/wp\/v2\/product"}],"about":[{"href":"https:\/\/roveyayinevi.com.tr\/index.php\/wp-json\/wp\/v2\/types\/product"}],"wp:attachment":[{"href":"https:\/\/roveyayinevi.com.tr\/index.php\/wp-json\/wp\/v2\/media?parent=716250"}],"wp:term":[{"taxonomy":"product_brand","embeddable":true,"href":"https:\/\/roveyayinevi.com.tr\/index.php\/wp-json\/wp\/v2\/product_brand?post=716250"},{"taxonomy":"product_cat","embeddable":true,"href":"https:\/\/roveyayinevi.com.tr\/index.php\/wp-json\/wp\/v2\/product_cat?post=716250"},{"taxonomy":"product_tag","embeddable":true,"href":"https:\/\/roveyayinevi.com.tr\/index.php\/wp-json\/wp\/v2\/product_tag?post=716250"}],"curies":[{"name":"wp","href":"https:\/\/api.w.org\/{rel}","templated":true}]}}