{"id":716249,"date":"2025-08-27T17:40:37","date_gmt":"2025-08-27T14:40:37","guid":{"rendered":"https:\/\/roveyayinevi.com.tr\/index.php\/urun\/sayilarla-seks-cinsel-davranislarin-istatistigi\/"},"modified":"2026-04-16T02:24:34","modified_gmt":"2026-04-15T23:24:34","slug":"sayilarla-seks-cinsel-davranislarin-istatistigi","status":"publish","type":"product","link":"https:\/\/roveyayinevi.com.tr\/index.php\/urun\/sayilarla-seks-cinsel-davranislarin-istatistigi\/","title":{"rendered":"Say\u0131larla Seks &#8211; Cinsel Davran\u0131\u015flar\u0131n \u0130statisti\u011fi"},"content":{"rendered":"<p>Cinsel davran\u0131\u015flar hakk\u0131nda bilgi sahibi olmak istememiz i\u00e7in bir\u00e7ok sebep vard\u0131r. Cinsellik ya\u015fad\u0131\u011f\u0131m\u0131z toplumlar\u0131 \u015fekillendirir: N\u00fcfus de\u011fi\u015fimlerini ara\u015ft\u0131ran n\u00fcfus bilimcileri; cinsel aktivite, do\u011fum kontrol y\u00f6ntemlerinin kullan\u0131m\u0131 ve k\u00fcrtaj oranlar\u0131n\u0131 kullanarak hangi bireylerde ne kadar yeni do\u011fumun olaca\u011f\u0131n\u0131 tahmin etmeye \u00e7al\u0131\u015f\u0131r. Cinsel aktivite n\u00fcfusun cinsiyet da\u011f\u0131l\u0131m\u0131n\u0131 da \u015fekillendirir. Doktorlar ve sa\u011fl\u0131k ara\u015ft\u0131rmac\u0131lar\u0131, hastal\u0131klar\u0131n bula\u015fma olas\u0131l\u0131klar\u0131n\u0131 ara\u015ft\u0131rmak ve \u015fanss\u0131z ki\u015filere y\u00f6nelik sa\u011fl\u0131k hizmetlerini planlamak ad\u0131na insanlar\u0131n neler ya\u015fad\u0131klar\u0131n\u0131 ve hangi \u00f6nlemleri ald\u0131\u011f\u0131n\u0131 bilmek isterler. Psikologlar, insanlar\u0131n cinsel hayat kalitesini ve hayata dair memnuniyetlerini \u00f6\u011frenmek isteyebilir. Psikiyatristler, ak\u0131l hastal\u0131klar\u0131n\u0131 tespit etmek ve rahats\u0131zl\u0131klar\u0131n tedavisini yapmak, ila\u00e7 firmalar\u0131 da yeni tedaviler geli\u015ftirmek ve \u00fcr\u00fcn sat\u0131\u015f\u0131n\u0131 gercekle\u015ftirmek ister. Bizim gibiler ise yaln\u0131zca ola\u011fan\u00fcst\u00fc insan davran\u0131\u015flar\u0131 \u00f6l\u00e7e\u011finin neresinde oldu\u011fumuzu merak ediyor olabilir. \u00c7ok mu seks yap\u0131yorum? Yeterince yapm\u0131yor muyum? Do\u011fru insanla m\u0131 yap\u0131yorum? Erken mi ba\u015flad\u0131m, ge\u00e7 mi? Benim deneyimlerim farkl\u0131 m\u0131? Ya da en az\u0131ndan ba\u015fkalar\u0131 ger\u00e7ekten farkl\u0131 m\u0131? Cinsel davran\u0131\u015flar\u0131m\u0131z\u0131n hayat\u0131m\u0131za ciddi bir etkisi var: toplumun bize bak\u0131\u015f a\u00e7\u0131\u015f\u0131, kiminle evlendi\u011fimiz, ili\u015fkilerimizin kal\u0131c\u0131l\u0131\u011f\u0131, sa\u011fl\u0131\u011f\u0131m\u0131z, \u00e7ocuk sahibi olup olmad\u0131\u011f\u0131m\u0131z. T\u00fcm bunlar seks ile \u015fekilleniyor ve bize seks ile ilgili s\u00f6ylenenlerin (h\u00fck\u00fcmet istatistiklerinden koca kar\u0131 masallar\u0131na kadar) ger\u00e7ekten say\u0131lar\u0131n s\u00f6yledi\u011fi \u015fey olup olmad\u0131\u011f\u0131n\u0131 merak etmekte hakl\u0131y\u0131z\u2026 <\/p>\n","protected":false},"excerpt":{"rendered":"<p>Cinsel davran\u0131\u015flar hakk\u0131nda bilgi sahibi olmak istememiz i\u00e7in bir\u00e7ok sebep vard\u0131r. Cinsellik ya\u015fad\u0131\u011f\u0131m\u0131z toplumlar\u0131 \u015fekillendirir: N\u00fcfus de\u011fi\u015fimlerini ara\u015ft\u0131ran n\u00fcfus bilimcileri; cinsel aktivite, do\u011fum kontrol y\u00f6ntemlerinin kullan\u0131m\u0131<span class=\"excerpt-hellip\"> [\u2026]<\/span><\/p>\n","protected":false},"featured_media":0,"template":"","meta":{"_monsterinsights_skip_tracking":false,"_monsterinsights_sitenote_active":false,"_monsterinsights_sitenote_note":"","_monsterinsights_sitenote_category":0},"product_brand":[],"product_cat":[13005,40995],"product_tag":[],"class_list":{"0":"post-716249","1":"product","2":"type-product","3":"status-publish","5":"product_cat-bilim-muhendislik","6":"product_cat-sosyal-bilimler","7":"pa_cilt-ciltsiz","8":"pa_tur-kitap","9":"pa_yayinevi-ayrinti-yayinlari","10":"pa_yazar-david-spiegelhalter","12":"first","13":"instock","14":"sale","15":"shipping-taxable","16":"purchasable","17":"product-type-simple"},"_links":{"self":[{"href":"https:\/\/roveyayinevi.com.tr\/index.php\/wp-json\/wp\/v2\/product\/716249","targetHints":{"allow":["GET"]}}],"collection":[{"href":"https:\/\/roveyayinevi.com.tr\/index.php\/wp-json\/wp\/v2\/product"}],"about":[{"href":"https:\/\/roveyayinevi.com.tr\/index.php\/wp-json\/wp\/v2\/types\/product"}],"wp:attachment":[{"href":"https:\/\/roveyayinevi.com.tr\/index.php\/wp-json\/wp\/v2\/media?parent=716249"}],"wp:term":[{"taxonomy":"product_brand","embeddable":true,"href":"https:\/\/roveyayinevi.com.tr\/index.php\/wp-json\/wp\/v2\/product_brand?post=716249"},{"taxonomy":"product_cat","embeddable":true,"href":"https:\/\/roveyayinevi.com.tr\/index.php\/wp-json\/wp\/v2\/product_cat?post=716249"},{"taxonomy":"product_tag","embeddable":true,"href":"https:\/\/roveyayinevi.com.tr\/index.php\/wp-json\/wp\/v2\/product_tag?post=716249"}],"curies":[{"name":"wp","href":"https:\/\/api.w.org\/{rel}","templated":true}]}}