{"id":716246,"date":"2025-08-27T17:40:35","date_gmt":"2025-08-27T14:40:35","guid":{"rendered":"https:\/\/roveyayinevi.com.tr\/index.php\/urun\/akiskan-hayat\/"},"modified":"2026-04-16T02:24:34","modified_gmt":"2026-04-15T23:24:34","slug":"akiskan-hayat","status":"publish","type":"product","link":"https:\/\/roveyayinevi.com.tr\/index.php\/urun\/akiskan-hayat\/","title":{"rendered":"Ak\u0131\u015fkan Hayat"},"content":{"rendered":"<p>Bu kitap, buz \u00fcst\u00fcnde g\u00fcvende kalabilmek i\u00e7in s\u00fcrekli b\u00fcy\u00fck bir h\u0131zla oradan oraya ko\u015fturmak zorunda kalan insanlara yaz\u0131lm\u0131\u015f bir kitap. Ak\u0131c\u0131la\u015fan, kat\u0131 ve dura\u011fan hi\u00e7bir \u015feyin kalmad\u0131\u011f\u0131 bir ya\u015fam i\u00e7inde kal\u0131c\u0131 anlamlar arayan insanlar\u0131n ba\u015fucunda tutaca\u011f\u0131 bir eser. D\u00fcnya \u00fczerinde her insan\u0131n yak\u0131c\u0131l\u0131\u011f\u0131n\u0131 hissetti\u011fi sava\u015flar, kitlesel g\u00f6\u00e7ler, \u00e7evresel tahribatlar gibi k\u00fcresel sorunlar kar\u015f\u0131s\u0131nda kendisini aciz hissedenlerin, bu ya\u015fam\u0131 kavramas\u0131na yard\u0131mc\u0131 olacak \u00f6neriler ve yorumlarla dolu. En \u00f6nemlisi de d\u00fcnyay\u0131 insanl\u0131k i\u00e7in daha ya\u015fan\u0131labilir bir yere d\u00f6n\u00fc\u015ft\u00fcrme olas\u0131l\u0131\u011f\u0131n\u0131 yeniden masaya yat\u0131ran bir giri\u015fim&#8230; Bauman bu eserde bizleri gezegenin sorunlar\u0131na yerel \u00e7\u00f6z\u00fcmler getirerek zaman kaybetmek yerine, k\u00fcresel bir sorumluluk almaya \u00e7a\u011f\u0131r\u0131yor. \u0130nsanlar\u0131n k\u00fcresel \u00f6l\u00e7ekte yaratt\u0131klar\u0131 etkile\u015fim a\u011f\u0131yla bu sorunlar\u0131n a\u015f\u0131labilece\u011fini s\u00f6yl\u00fcyor. Kamusal alan\u0131n tart\u0131\u015fmalar\u0131n, y\u00fczle\u015fmelerin ve uzla\u015fmalar\u0131n s\u00fcrd\u00fcr\u00fcld\u00fc\u011f\u00fc bir diyalog zeminine d\u00f6n\u00fc\u015fmesi gerekti\u011fini s\u00f6yleyen Bauman, ulus-devletlerin tahakk\u00fcm\u00fcyle kurulacak bir kamusall\u0131\u011f\u0131n k\u00fcresel sorunlara \u00e7\u00f6z\u00fcm getiremeyece\u011fini belirtiyor. Ona g\u00f6re ya\u015fad\u0131\u011f\u0131m\u0131z ak\u0131\u015fkan toplum kal\u0131c\u0131 bar\u0131\u015f\u0131 ve huzuru ancak herkesin birbiri i\u00e7in sorumluluk ald\u0131\u011f\u0131, birbiriyle ilgilendi\u011fi ve birbirlerinin sorunlar\u0131na politik \u00e7\u00f6z\u00fcmler sundu\u011fu bir zeminde tesis edebilir. Bunun ilk ad\u0131m\u0131ysa art\u0131k f\u0131rt\u0131nalardan korunabilece\u011fimiz ve sadece bize has bir s\u0131\u011f\u0131na\u011f\u0131n olmad\u0131\u011f\u0131n\u0131 fark etmekten ge\u00e7iyor. \u0130\u015fte Bauman bu eserle okurlar\u0131na her an sezdikleri, \u015f\u00fcphe duyduklar\u0131 ve iliklerinde hissettikleri bir \u00e7aresizli\u011fi anlamland\u0131r\u0131p ona kar\u015f\u0131 \u00f6nlemler alman\u0131n ara\u00e7lar\u0131n\u0131 sunuyor&#8230; <\/p>\n","protected":false},"excerpt":{"rendered":"<p>Bu kitap, buz \u00fcst\u00fcnde g\u00fcvende kalabilmek i\u00e7in s\u00fcrekli b\u00fcy\u00fck bir h\u0131zla oradan oraya ko\u015fturmak zorunda kalan insanlara yaz\u0131lm\u0131\u015f bir kitap. Ak\u0131c\u0131la\u015fan, kat\u0131 ve dura\u011fan hi\u00e7bir \u015feyin<span class=\"excerpt-hellip\"> [\u2026]<\/span><\/p>\n","protected":false},"featured_media":0,"template":"","meta":{"_monsterinsights_skip_tracking":false,"_monsterinsights_sitenote_active":false,"_monsterinsights_sitenote_note":"","_monsterinsights_sitenote_category":0},"product_brand":[],"product_cat":[16038,12388],"product_tag":[],"class_list":{"0":"post-716246","1":"product","2":"type-product","3":"status-publish","5":"product_cat-arastirma-inceleme-referans-felsefe","6":"product_cat-felsefe","7":"pa_cilt-ciltsiz","8":"pa_tur-kitap","9":"pa_yayinevi-ayrinti-yayinlari","10":"pa_yazar-zygmunt-bauman","12":"first","13":"instock","14":"sale","15":"shipping-taxable","16":"purchasable","17":"product-type-simple"},"_links":{"self":[{"href":"https:\/\/roveyayinevi.com.tr\/index.php\/wp-json\/wp\/v2\/product\/716246","targetHints":{"allow":["GET"]}}],"collection":[{"href":"https:\/\/roveyayinevi.com.tr\/index.php\/wp-json\/wp\/v2\/product"}],"about":[{"href":"https:\/\/roveyayinevi.com.tr\/index.php\/wp-json\/wp\/v2\/types\/product"}],"wp:attachment":[{"href":"https:\/\/roveyayinevi.com.tr\/index.php\/wp-json\/wp\/v2\/media?parent=716246"}],"wp:term":[{"taxonomy":"product_brand","embeddable":true,"href":"https:\/\/roveyayinevi.com.tr\/index.php\/wp-json\/wp\/v2\/product_brand?post=716246"},{"taxonomy":"product_cat","embeddable":true,"href":"https:\/\/roveyayinevi.com.tr\/index.php\/wp-json\/wp\/v2\/product_cat?post=716246"},{"taxonomy":"product_tag","embeddable":true,"href":"https:\/\/roveyayinevi.com.tr\/index.php\/wp-json\/wp\/v2\/product_tag?post=716246"}],"curies":[{"name":"wp","href":"https:\/\/api.w.org\/{rel}","templated":true}]}}