{"id":716245,"date":"2025-08-27T17:40:34","date_gmt":"2025-08-27T14:40:34","guid":{"rendered":"https:\/\/roveyayinevi.com.tr\/index.php\/urun\/nobel-konusmasi-bob-dylan\/"},"modified":"2026-04-16T02:24:34","modified_gmt":"2026-04-15T23:24:34","slug":"nobel-konusmasi-bob-dylan","status":"publish","type":"product","link":"https:\/\/roveyayinevi.com.tr\/index.php\/urun\/nobel-konusmasi-bob-dylan\/","title":{"rendered":"Nobel Konu\u015fmas\u0131 Bob Dylan"},"content":{"rendered":"<p>\u201cNobel Edebiyat \u00d6d\u00fcl\u00fc\u2019n\u00fc ald\u0131\u011f\u0131mda, \u015fark\u0131lar\u0131m\u0131n acaba edebiyatla tam olarak ne gibi bir ilgisi var diye d\u00fc\u015f\u00fcnmeye ba\u015flad\u0131m. Bunun \u00fczerine kafa patlat\u0131p aralar\u0131ndaki ba\u011flant\u0131y\u0131 g\u00f6rmek istedim. Sizlere bunu ifade etmeye \u00e7al\u0131\u015faca\u011f\u0131m. B\u00fcy\u00fck bir ihtimalle bunu dolayl\u0131 bir \u015fekilde yapaca\u011f\u0131m&#8230;\u201d Bob Dylan\u2019a \u201cAmerikan m\u00fczik gelene\u011finde yeni \u015fiirsel anlat\u0131mlar yaratt\u0131\u011f\u0131\u201d gerek\u00e7esiyle, 2016 Nobel Edebiyat \u00d6d\u00fcl\u00fc verildi\u011finde b\u00fcy\u00fck tart\u0131\u015fma \u00e7\u0131km\u0131\u015ft\u0131\u2026 Bob Dylan\u2019\u0131n \u015fark\u0131lar\u0131 gibi do\u011fal, i\u00e7ten, b\u00fct\u00fcn ya\u015famsal ve edebi \u201ck\u00f6klerini\u201d a\u00e7\u0131k eden  konu\u015fma metni, herkese gerekli cevab\u0131 veriyor! <\/p>\n","protected":false},"excerpt":{"rendered":"<p>\u201cNobel Edebiyat \u00d6d\u00fcl\u00fc\u2019n\u00fc ald\u0131\u011f\u0131mda, \u015fark\u0131lar\u0131m\u0131n acaba edebiyatla tam olarak ne gibi bir ilgisi var diye d\u00fc\u015f\u00fcnmeye ba\u015flad\u0131m. Bunun \u00fczerine kafa patlat\u0131p aralar\u0131ndaki ba\u011flant\u0131y\u0131 g\u00f6rmek istedim. Sizlere<span class=\"excerpt-hellip\"> [\u2026]<\/span><\/p>\n","protected":false},"featured_media":0,"template":"","meta":{"_monsterinsights_skip_tracking":false,"_monsterinsights_sitenote_active":false,"_monsterinsights_sitenote_note":"","_monsterinsights_sitenote_category":0},"product_brand":[],"product_cat":[14009,12291],"product_tag":[],"class_list":{"0":"post-716245","1":"product","2":"type-product","3":"status-publish","5":"product_cat-biyografi-otobiyografi-edebiyat","6":"product_cat-edebiyat","7":"pa_cilt-ciltsiz","8":"pa_tur-kitap","9":"pa_yayinevi-kirmizi-kedi-yayinevi","10":"pa_yazar-bob-dylan","12":"first","13":"instock","14":"sale","15":"shipping-taxable","16":"purchasable","17":"product-type-simple"},"_links":{"self":[{"href":"https:\/\/roveyayinevi.com.tr\/index.php\/wp-json\/wp\/v2\/product\/716245","targetHints":{"allow":["GET"]}}],"collection":[{"href":"https:\/\/roveyayinevi.com.tr\/index.php\/wp-json\/wp\/v2\/product"}],"about":[{"href":"https:\/\/roveyayinevi.com.tr\/index.php\/wp-json\/wp\/v2\/types\/product"}],"wp:attachment":[{"href":"https:\/\/roveyayinevi.com.tr\/index.php\/wp-json\/wp\/v2\/media?parent=716245"}],"wp:term":[{"taxonomy":"product_brand","embeddable":true,"href":"https:\/\/roveyayinevi.com.tr\/index.php\/wp-json\/wp\/v2\/product_brand?post=716245"},{"taxonomy":"product_cat","embeddable":true,"href":"https:\/\/roveyayinevi.com.tr\/index.php\/wp-json\/wp\/v2\/product_cat?post=716245"},{"taxonomy":"product_tag","embeddable":true,"href":"https:\/\/roveyayinevi.com.tr\/index.php\/wp-json\/wp\/v2\/product_tag?post=716245"}],"curies":[{"name":"wp","href":"https:\/\/api.w.org\/{rel}","templated":true}]}}