{"id":716241,"date":"2025-08-27T17:40:31","date_gmt":"2025-08-27T14:40:31","guid":{"rendered":"https:\/\/roveyayinevi.com.tr\/index.php\/urun\/evden-uzakta\/"},"modified":"2026-04-16T02:24:34","modified_gmt":"2026-04-15T23:24:34","slug":"evden-uzakta","status":"publish","type":"product","link":"https:\/\/roveyayinevi.com.tr\/index.php\/urun\/evden-uzakta\/","title":{"rendered":"Evden Uzakta"},"content":{"rendered":"<p>Bu kitap, memleketinden ayr\u0131l\u0131p b\u00fcy\u00fck \u015fehre okumaya \u00e7\u0131kan ama geri d\u00f6nemeyenlerin, \u015fehrin ve hayat\u0131n ko\u015fturmacas\u0131ndan her s\u0131yr\u0131ld\u0131\u011f\u0131nda, i\u00e7indeki ta\u015fral\u0131yla ba\u015f ba\u015fa, bir nargilenin duman\u0131nda memleket meselelerini dumanalt\u0131 eden, g\u00fcna\u015f\u0131r\u0131 \u00e7ay oca\u011f\u0131nda toplanan, \u015fiirlerini yay\u0131nlatamad\u0131\u011f\u0131 ta\u015fra dergisine k\u0131z\u0131p dergi \u00e7\u0131karan, kasaban\u0131n okumu\u015f \u00e7ocuklar\u0131n\u0131n, \u015fehre gelirken yeti\u015fti\u011fi k\u00fc\u00e7\u00fck kasabay\u0131, okudu\u011fu yat\u0131l\u0131y\u0131 da yan\u0131nda getiren, b\u00fcy\u00fck \u015fehrin heng\u00e2mesine direnen ta\u015fra \u00e7ocuklar\u0131n\u0131n hik\u00e2yesini anlat\u0131yor.\u0130\u00e7inde, mahallenin abilerini, ablalar\u0131n\u0131 ve delilerini; lisede dersten \u00e7ok an\u0131lar\u0131n\u0131 anlatan \u201cbaba\u201d l\u00e2kapl\u0131 edebiyat hocas\u0131 gibi iz b\u0131rakan hocalar\u0131, okul \u00e7\u0131k\u0131\u015f\u0131 edilen b\u00fcy\u00fck kavgalar\u0131; okumaya \u00e7\u0131k\u0131l\u0131p geride b\u0131rak\u0131lan evleri ve evdekileri bulabilece\u011finiz; hep b\u0131y\u0131k alt\u0131 muz\u0131r bir tebess\u00fcm bar\u0131nd\u0131rsa da, i\u00e7ten i\u00e7e pek h\u00fcz\u00fcnl\u00fc bir ta\u015fra hik\u00e2yesi&#8230;<\/p>\n","protected":false},"excerpt":{"rendered":"<p>Bu kitap, memleketinden ayr\u0131l\u0131p b\u00fcy\u00fck \u015fehre okumaya \u00e7\u0131kan ama geri d\u00f6nemeyenlerin, \u015fehrin ve hayat\u0131n ko\u015fturmacas\u0131ndan her s\u0131yr\u0131ld\u0131\u011f\u0131nda, i\u00e7indeki ta\u015fral\u0131yla ba\u015f ba\u015fa, bir nargilenin duman\u0131nda memleket meselelerini<span class=\"excerpt-hellip\"> [\u2026]<\/span><\/p>\n","protected":false},"featured_media":0,"template":"","meta":{"_monsterinsights_skip_tracking":false,"_monsterinsights_sitenote_active":false,"_monsterinsights_sitenote_note":"","_monsterinsights_sitenote_category":0},"product_brand":[],"product_cat":[12777,12291],"product_tag":[],"class_list":{"0":"post-716241","1":"product","2":"type-product","3":"status-publish","5":"product_cat-deneme","6":"product_cat-edebiyat","7":"pa_cilt-ciltsiz","8":"pa_tur-kitap","9":"pa_yayinevi-liman-kitaplar","10":"pa_yazar-harun-kaban","12":"first","13":"instock","14":"sale","15":"shipping-taxable","16":"purchasable","17":"product-type-simple"},"_links":{"self":[{"href":"https:\/\/roveyayinevi.com.tr\/index.php\/wp-json\/wp\/v2\/product\/716241","targetHints":{"allow":["GET"]}}],"collection":[{"href":"https:\/\/roveyayinevi.com.tr\/index.php\/wp-json\/wp\/v2\/product"}],"about":[{"href":"https:\/\/roveyayinevi.com.tr\/index.php\/wp-json\/wp\/v2\/types\/product"}],"wp:attachment":[{"href":"https:\/\/roveyayinevi.com.tr\/index.php\/wp-json\/wp\/v2\/media?parent=716241"}],"wp:term":[{"taxonomy":"product_brand","embeddable":true,"href":"https:\/\/roveyayinevi.com.tr\/index.php\/wp-json\/wp\/v2\/product_brand?post=716241"},{"taxonomy":"product_cat","embeddable":true,"href":"https:\/\/roveyayinevi.com.tr\/index.php\/wp-json\/wp\/v2\/product_cat?post=716241"},{"taxonomy":"product_tag","embeddable":true,"href":"https:\/\/roveyayinevi.com.tr\/index.php\/wp-json\/wp\/v2\/product_tag?post=716241"}],"curies":[{"name":"wp","href":"https:\/\/api.w.org\/{rel}","templated":true}]}}