{"id":716238,"date":"2025-08-27T17:40:29","date_gmt":"2025-08-27T14:40:29","guid":{"rendered":"https:\/\/roveyayinevi.com.tr\/index.php\/urun\/cerrahilik-metinleri\/"},"modified":"2026-04-16T02:24:34","modified_gmt":"2026-04-15T23:24:34","slug":"cerrahilik-metinleri","status":"publish","type":"product","link":"https:\/\/roveyayinevi.com.tr\/index.php\/urun\/cerrahilik-metinleri\/","title":{"rendered":"Cerrahilik Metinleri"},"content":{"rendered":"<p>Cerr\u00e2h\u00eelik Metinleri isimli bu eser, tasavvuf tarihimizin \u00e7ok dikkat \u00e7eken -\u015f\u00f6hret olmam\u0131\u015f ama Musul\u2019dan Rumeli\u2019ye kadar yay\u0131lm\u0131\u015f-Cerr\u00e2h\u00ee tar\u00eekat\u0131 \u015feyhlerinin konu ve \u015fah\u0131slarla ilgili bilgilerini bize aktar\u0131yor. \u00c7ok \u00f6nemli bir tasavvuf ekolleri (tar\u00eekatlar) yazar\u0131 olan Har\u00eer\u00eez\u00e2de Kem\u00e2leddin Efendi\u2019nin Hz. P\u00eer N\u00fbredd\u00een-i Cerr\u00e2h\u00ee hakk\u0131ndaki biyografik bilgilerin yer ald\u0131\u011f\u0131 eseri de bir Cerr\u00e2h\u00eelik metni olmas\u0131 a\u00e7\u0131s\u0131ndan ayr\u0131ca \u00f6nemli\u2026 Ayn\u0131 konu hakk\u0131nda muhtelif yazarlar\u0131n bilgi veg\u00f6r\u00fc\u015flerini bir arada toplayan Mehmet Cem\u00e2l \u00d6zt\u00fcrk\u2019\u00fcn bu \u00e7al\u0131\u015fmas\u0131, bizce \u00f6rnek bir \u00e7al\u0131\u015fma. B\u00f6yle, \u201cbir konu hakk\u0131nda\u201d de\u011fi\u015fik yazarlar\u0131n bilgi ve g\u00f6r\u00fc\u015flerinin bir arada yay\u0131mlanmas\u0131, okuyucunun kendince objektif bir karara varmas\u0131n\u0131n en do\u011fru yolu. Bu eserin bu bak\u0131mdan bir \u00f6rnek olu\u015fturup, ba\u015fkalar\u0131na da te\u015fvik olmas\u0131n\u0131 dileriz. <\/p>\n","protected":false},"excerpt":{"rendered":"<p>Cerr\u00e2h\u00eelik Metinleri isimli bu eser, tasavvuf tarihimizin \u00e7ok dikkat \u00e7eken -\u015f\u00f6hret olmam\u0131\u015f ama Musul\u2019dan Rumeli\u2019ye kadar yay\u0131lm\u0131\u015f-Cerr\u00e2h\u00ee tar\u00eekat\u0131 \u015feyhlerinin konu ve \u015fah\u0131slarla ilgili bilgilerini bize aktar\u0131yor.<span class=\"excerpt-hellip\"> [\u2026]<\/span><\/p>\n","protected":false},"featured_media":0,"template":"","meta":{"_monsterinsights_skip_tracking":false,"_monsterinsights_sitenote_active":false,"_monsterinsights_sitenote_note":"","_monsterinsights_sitenote_category":0},"product_brand":[],"product_cat":[12718,12719,15238],"product_tag":[],"class_list":{"0":"post-716238","1":"product","2":"type-product","3":"status-publish","5":"product_cat-din","6":"product_cat-islam","7":"product_cat-tasavvuf","8":"pa_cilt-ciltsiz","9":"pa_tur-kitap","10":"pa_yayinevi-ketebe-yayinlari","11":"pa_yazar-mehmet-cemal-ozturk","13":"first","14":"instock","15":"sale","16":"shipping-taxable","17":"purchasable","18":"product-type-simple"},"_links":{"self":[{"href":"https:\/\/roveyayinevi.com.tr\/index.php\/wp-json\/wp\/v2\/product\/716238","targetHints":{"allow":["GET"]}}],"collection":[{"href":"https:\/\/roveyayinevi.com.tr\/index.php\/wp-json\/wp\/v2\/product"}],"about":[{"href":"https:\/\/roveyayinevi.com.tr\/index.php\/wp-json\/wp\/v2\/types\/product"}],"wp:attachment":[{"href":"https:\/\/roveyayinevi.com.tr\/index.php\/wp-json\/wp\/v2\/media?parent=716238"}],"wp:term":[{"taxonomy":"product_brand","embeddable":true,"href":"https:\/\/roveyayinevi.com.tr\/index.php\/wp-json\/wp\/v2\/product_brand?post=716238"},{"taxonomy":"product_cat","embeddable":true,"href":"https:\/\/roveyayinevi.com.tr\/index.php\/wp-json\/wp\/v2\/product_cat?post=716238"},{"taxonomy":"product_tag","embeddable":true,"href":"https:\/\/roveyayinevi.com.tr\/index.php\/wp-json\/wp\/v2\/product_tag?post=716238"}],"curies":[{"name":"wp","href":"https:\/\/api.w.org\/{rel}","templated":true}]}}