{"id":716236,"date":"2025-08-27T17:39:54","date_gmt":"2025-08-27T14:39:54","guid":{"rendered":"https:\/\/roveyayinevi.com.tr\/index.php\/urun\/beden-egitimi-ve-spor-yuksekokulu-ogrencilerinin-futbol-musabakalarina-katilim-kararlarini-etkileyen-faktorler\/"},"modified":"2026-04-16T02:24:34","modified_gmt":"2026-04-15T23:24:34","slug":"beden-egitimi-ve-spor-yuksekokulu-ogrencilerinin-futbol-musabakalarina-katilim-kararlarini-etkileyen-faktorler","status":"publish","type":"product","link":"https:\/\/roveyayinevi.com.tr\/index.php\/urun\/beden-egitimi-ve-spor-yuksekokulu-ogrencilerinin-futbol-musabakalarina-katilim-kararlarini-etkileyen-faktorler\/","title":{"rendered":"Beden E\u011fitimi ve Spor Y\u00fcksekokulu \u00d6\u011frencilerinin Futbol M\u00fcsabakalar\u0131na Kat\u0131l\u0131m Kararlar\u0131n\u0131 Etkileyen Fakt\u00f6rler"},"content":{"rendered":"<p>\u0130\u00e7indekiler Giri\u015f Genel Bilgiler Gere\u00e7 ve Y\u00f6ntem Tart\u0131\u015fma Sonu\u00e7lar Kaynaklar Ekler G\u00fcn\u00fcm\u00fczde toplumlar\u0131n, di\u011fer toplumlarla aralar\u0131ndaki bar\u0131\u015f,sevgi ve karde\u015flik ili\u015fkilerini ya\u015fama ge\u00e7irmede spor olgusu, \u00f6nemli bir i\u015flev g\u00f6rmektedir. Futbol ise belli kitleler i\u00e7in kumar, i\u00e7ki ve ila\u00e7 ba\u011f\u0131ml\u0131l\u0131\u011f\u0131 gibi vazge\u00e7ilmez bir d\u00fcrt\u00fc haline gelmi\u015ftir. Futbolun bu denli ilgi ve \u00f6zellikle de seyirci a\u00e7\u0131s\u0131ndan \u00e7ok b\u00fcy\u00fck \u00e7ekicili\u011finin olmas\u0131 futbolun ba\u015fl\u0131 ba\u015f\u0131na bir sekt\u00f6r olarak ele al\u0131nmas\u0131na yol a\u00e7ar. <\/p>\n","protected":false},"excerpt":{"rendered":"<p>\u0130\u00e7indekiler Giri\u015f Genel Bilgiler Gere\u00e7 ve Y\u00f6ntem Tart\u0131\u015fma Sonu\u00e7lar Kaynaklar Ekler G\u00fcn\u00fcm\u00fczde toplumlar\u0131n, di\u011fer toplumlarla aralar\u0131ndaki bar\u0131\u015f,sevgi ve karde\u015flik ili\u015fkilerini ya\u015fama ge\u00e7irmede spor olgusu, \u00f6nemli bir<span class=\"excerpt-hellip\"> [\u2026]<\/span><\/p>\n","protected":false},"featured_media":0,"template":"","meta":{"_monsterinsights_skip_tracking":false,"_monsterinsights_sitenote_active":false,"_monsterinsights_sitenote_note":"","_monsterinsights_sitenote_category":0},"product_brand":[],"product_cat":[12567,12566],"product_tag":[],"class_list":{"0":"post-716236","1":"product","2":"type-product","3":"status-publish","5":"product_cat-diger-egitim","6":"product_cat-egitim","7":"pa_cilt-ciltsiz","8":"pa_tur-kitap","9":"pa_yayinevi-gazi-kitabevi","10":"pa_yazar-murat-atasoy","12":"first","13":"instock","14":"sale","15":"shipping-taxable","16":"purchasable","17":"product-type-simple"},"_links":{"self":[{"href":"https:\/\/roveyayinevi.com.tr\/index.php\/wp-json\/wp\/v2\/product\/716236","targetHints":{"allow":["GET"]}}],"collection":[{"href":"https:\/\/roveyayinevi.com.tr\/index.php\/wp-json\/wp\/v2\/product"}],"about":[{"href":"https:\/\/roveyayinevi.com.tr\/index.php\/wp-json\/wp\/v2\/types\/product"}],"wp:attachment":[{"href":"https:\/\/roveyayinevi.com.tr\/index.php\/wp-json\/wp\/v2\/media?parent=716236"}],"wp:term":[{"taxonomy":"product_brand","embeddable":true,"href":"https:\/\/roveyayinevi.com.tr\/index.php\/wp-json\/wp\/v2\/product_brand?post=716236"},{"taxonomy":"product_cat","embeddable":true,"href":"https:\/\/roveyayinevi.com.tr\/index.php\/wp-json\/wp\/v2\/product_cat?post=716236"},{"taxonomy":"product_tag","embeddable":true,"href":"https:\/\/roveyayinevi.com.tr\/index.php\/wp-json\/wp\/v2\/product_tag?post=716236"}],"curies":[{"name":"wp","href":"https:\/\/api.w.org\/{rel}","templated":true}]}}