{"id":716235,"date":"2025-08-27T17:39:53","date_gmt":"2025-08-27T14:39:53","guid":{"rendered":"https:\/\/roveyayinevi.com.tr\/index.php\/urun\/bagimsizlik-devrimcisi\/"},"modified":"2026-04-03T02:30:55","modified_gmt":"2026-04-02T23:30:55","slug":"bagimsizlik-devrimcisi","status":"publish","type":"product","link":"https:\/\/roveyayinevi.com.tr\/index.php\/urun\/bagimsizlik-devrimcisi\/","title":{"rendered":"Ba\u011f\u0131ms\u0131zl\u0131k Devrimcisi"},"content":{"rendered":"<p>2019 y\u0131l\u0131 Ceyhun Atuf Kansu\u2019nun 100. do\u011fum y\u0131ld\u00f6n\u00fcm\u00fc. Ayn\u0131 zamanda \u201cYa ba\u011f\u0131ms\u0131zl\u0131k, ya \u00f6l\u00fcm\u201d sesleni\u015fi ile ulusal kurtulu\u015fun ate\u015fini kavlayan Mustafa Kemal Atat\u00fcrk\u2019\u00fcn Samsun\u2019a \u00e7\u0131k\u0131\u015f\u0131n\u0131n, Erzurum ve Sivas Kongreleri ile halk\u0131 \u00f6rg\u00fctleyi\u015finin de 100. y\u0131l\u0131. Bu kitap, Ceyhun Atuf Kansu\u2019nun ola\u011fan\u00fcst\u00fc birikim ve duyarl\u0131\u011f\u0131 ile kaleme ald\u0131\u011f\u0131, \u015fimdiye de\u011fin kitapla\u015fmam\u0131\u015f kimi yaz\u0131lar\u0131ndan olu\u015fan bir ba\u011f\u0131ms\u0131zl\u0131k ve devrimcilik se\u00e7kisidir. \u201cAtat\u00fcrk, gelecek ku\u015faklar\u0131n gerektik\u00e7e devletin temellerini yenileyeceklerini, tazeleyeceklerini biliyordu. Durgun, gelenek\u00e7i, bo\u015f inan\u00e7\u00e7\u0131 orta\u00e7a\u011f Do\u011fu uygarl\u0131\u011f\u0131 yerine, daha do\u011frusu bu uygarl\u0131\u011f\u0131n olu\u015fturdu\u011fu kafa yap\u0131s\u0131 yerine, diri, devrimci, deneyci \u00e7a\u011fda\u015f uygarl\u0131\u011f\u0131 se\u00e7mesindeki \u00fclk\u00fc buydu. As\u0131l i\u015fi, Cumhuriyet yeniden do\u011fu\u015funun uyand\u0131rd\u0131\u011f\u0131 kafalardan bekliyordu. Devletler, yarat\u0131c\u0131 ku\u015faklar\u0131yla temellerini yenilerlerdi. Onun i\u00e7in, Atat\u00fcrk\u2019e kar\u015f\u0131 en b\u00fcy\u00fck hainlik, O\u2019nu dondurmak, O\u2019nun yeni devletini eskimi\u015f yozla\u015fm\u0131\u015f yollarla y\u00f6netmek, devlete verdi\u011fi taze halk kan\u0131n\u0131 eski, durgun Osmanl\u0131 kan\u0131yla a\u011fulamakt\u0131r.\u201d  <\/p>\n","protected":false},"excerpt":{"rendered":"<p>2019 y\u0131l\u0131 Ceyhun Atuf Kansu\u2019nun 100. do\u011fum y\u0131ld\u00f6n\u00fcm\u00fc. Ayn\u0131 zamanda \u201cYa ba\u011f\u0131ms\u0131zl\u0131k, ya \u00f6l\u00fcm\u201d sesleni\u015fi ile ulusal kurtulu\u015fun ate\u015fini kavlayan Mustafa Kemal Atat\u00fcrk\u2019\u00fcn Samsun\u2019a \u00e7\u0131k\u0131\u015f\u0131n\u0131n, Erzurum<span class=\"excerpt-hellip\"> [\u2026]<\/span><\/p>\n","protected":false},"featured_media":0,"template":"","meta":{"_monsterinsights_skip_tracking":false,"_monsterinsights_sitenote_active":false,"_monsterinsights_sitenote_note":"","_monsterinsights_sitenote_category":0},"product_brand":[],"product_cat":[12777,12291],"product_tag":[],"class_list":{"0":"post-716235","1":"product","2":"type-product","3":"status-publish","5":"product_cat-deneme","6":"product_cat-edebiyat","7":"pa_cilt-ciltsiz","8":"pa_tur-kitap","9":"pa_yayinevi-telgrafhane-yayinlari","10":"pa_yazar-ceyhun-atuf-kansu","12":"first","13":"instock","14":"sale","15":"shipping-taxable","16":"purchasable","17":"product-type-simple"},"_links":{"self":[{"href":"https:\/\/roveyayinevi.com.tr\/index.php\/wp-json\/wp\/v2\/product\/716235","targetHints":{"allow":["GET"]}}],"collection":[{"href":"https:\/\/roveyayinevi.com.tr\/index.php\/wp-json\/wp\/v2\/product"}],"about":[{"href":"https:\/\/roveyayinevi.com.tr\/index.php\/wp-json\/wp\/v2\/types\/product"}],"wp:attachment":[{"href":"https:\/\/roveyayinevi.com.tr\/index.php\/wp-json\/wp\/v2\/media?parent=716235"}],"wp:term":[{"taxonomy":"product_brand","embeddable":true,"href":"https:\/\/roveyayinevi.com.tr\/index.php\/wp-json\/wp\/v2\/product_brand?post=716235"},{"taxonomy":"product_cat","embeddable":true,"href":"https:\/\/roveyayinevi.com.tr\/index.php\/wp-json\/wp\/v2\/product_cat?post=716235"},{"taxonomy":"product_tag","embeddable":true,"href":"https:\/\/roveyayinevi.com.tr\/index.php\/wp-json\/wp\/v2\/product_tag?post=716235"}],"curies":[{"name":"wp","href":"https:\/\/api.w.org\/{rel}","templated":true}]}}