{"id":716231,"date":"2025-08-27T17:39:51","date_gmt":"2025-08-27T14:39:51","guid":{"rendered":"https:\/\/roveyayinevi.com.tr\/index.php\/urun\/gantz-cilt-6\/"},"modified":"2026-04-16T02:24:34","modified_gmt":"2026-04-15T23:24:34","slug":"gantz-cilt-6","status":"publish","type":"product","link":"https:\/\/roveyayinevi.com.tr\/index.php\/urun\/gantz-cilt-6\/","title":{"rendered":"Gantz Cilt 6"},"content":{"rendered":"<p>Tuhaf giysiler i\u00e7erisinde ve tuhaf silahlarla, tuhaf uzayl\u0131larla sava\u015fan kahramanlar\u0131m\u0131z\u0131n tuhaf \u00f6yk\u00fcs\u00fc kald\u0131\u011f\u0131 yerden devam ediyor. Gantz\u2019\u0131n hedefinde iki uzayl\u0131 var bu sefer. Bakal\u0131m ge\u00e7mi\u015f maceralardan kazand\u0131\u011f\u0131 deneyimler sayesinde kendine g\u00fcveni tavan yapan ve bir sonraki d\u00f6v\u00fc\u015f\u00fc iple \u00e7eken Kurono ve di\u011ferleri, daha \u00f6nce hi\u00e7 kar\u015f\u0131la\u015fmad\u0131klar\u0131 t\u00fcrden bir d\u00fc\u015fman kar\u015f\u0131s\u0131nda ne yapacak? B\u00fcy\u00fck bir keyifle okuyup devam\u0131n\u0131 heyecanla bekledi\u011finiz yeti\u015fkin mangas\u0131 Gantz, hi\u00e7 d\u00fc\u015fmeyen temposuyla devam ediyor. <\/p>\n","protected":false},"excerpt":{"rendered":"<p>Tuhaf giysiler i\u00e7erisinde ve tuhaf silahlarla, tuhaf uzayl\u0131larla sava\u015fan kahramanlar\u0131m\u0131z\u0131n tuhaf \u00f6yk\u00fcs\u00fc kald\u0131\u011f\u0131 yerden devam ediyor. Gantz\u2019\u0131n hedefinde iki uzayl\u0131 var bu sefer. Bakal\u0131m ge\u00e7mi\u015f maceralardan<span class=\"excerpt-hellip\"> [\u2026]<\/span><\/p>\n","protected":false},"featured_media":0,"template":"","meta":{"_monsterinsights_skip_tracking":false,"_monsterinsights_sitenote_active":false,"_monsterinsights_sitenote_note":"","_monsterinsights_sitenote_category":0},"product_brand":[],"product_cat":[12274,12284],"product_tag":[],"class_list":{"0":"post-716231","1":"product","2":"type-product","3":"status-publish","5":"product_cat-cocuk-ve-genclik-kitaplari","6":"product_cat-hikayeler","7":"pa_cilt-ciltsiz","8":"pa_tur-kitap","9":"pa_yayinevi-kurukafa","10":"pa_yazar-hiroya-oku","12":"first","13":"instock","14":"sale","15":"shipping-taxable","16":"purchasable","17":"product-type-simple"},"_links":{"self":[{"href":"https:\/\/roveyayinevi.com.tr\/index.php\/wp-json\/wp\/v2\/product\/716231","targetHints":{"allow":["GET"]}}],"collection":[{"href":"https:\/\/roveyayinevi.com.tr\/index.php\/wp-json\/wp\/v2\/product"}],"about":[{"href":"https:\/\/roveyayinevi.com.tr\/index.php\/wp-json\/wp\/v2\/types\/product"}],"wp:attachment":[{"href":"https:\/\/roveyayinevi.com.tr\/index.php\/wp-json\/wp\/v2\/media?parent=716231"}],"wp:term":[{"taxonomy":"product_brand","embeddable":true,"href":"https:\/\/roveyayinevi.com.tr\/index.php\/wp-json\/wp\/v2\/product_brand?post=716231"},{"taxonomy":"product_cat","embeddable":true,"href":"https:\/\/roveyayinevi.com.tr\/index.php\/wp-json\/wp\/v2\/product_cat?post=716231"},{"taxonomy":"product_tag","embeddable":true,"href":"https:\/\/roveyayinevi.com.tr\/index.php\/wp-json\/wp\/v2\/product_tag?post=716231"}],"curies":[{"name":"wp","href":"https:\/\/api.w.org\/{rel}","templated":true}]}}