{"id":716229,"date":"2025-08-27T17:39:49","date_gmt":"2025-08-27T14:39:49","guid":{"rendered":"https:\/\/roveyayinevi.com.tr\/index.php\/urun\/benim-kadinlarim\/"},"modified":"2026-04-15T02:33:25","modified_gmt":"2026-04-14T23:33:25","slug":"benim-kadinlarim","status":"publish","type":"product","link":"https:\/\/roveyayinevi.com.tr\/index.php\/urun\/benim-kadinlarim\/","title":{"rendered":"Benim Kad\u0131nlar\u0131m"},"content":{"rendered":"<p>Hi\u00e7biri benim de\u011fildi asl\u0131nda; Onlar yolcu, ben ise hanc\u0131yd\u0131m&#8230; Hep birine bak\u0131p \u00e7\u0131kt\u0131lar hayat\u0131mdan. Ama iyi ki bakt\u0131lar; Ben onlara kar\u015f\u0131l\u0131ks\u0131z sevgiyi tatt\u0131rd\u0131m, Onlarsa bana hayat\u0131n ta\u015fl\u0131 yollar\u0131n\u0131&#8230; <\/p>\n","protected":false},"excerpt":{"rendered":"<p>Hi\u00e7biri benim de\u011fildi asl\u0131nda; Onlar yolcu, ben ise hanc\u0131yd\u0131m&#8230; Hep birine bak\u0131p \u00e7\u0131kt\u0131lar hayat\u0131mdan. Ama iyi ki bakt\u0131lar; Ben onlara kar\u015f\u0131l\u0131ks\u0131z sevgiyi tatt\u0131rd\u0131m, Onlarsa bana hayat\u0131n<span class=\"excerpt-hellip\"> [\u2026]<\/span><\/p>\n","protected":false},"featured_media":0,"template":"","meta":{"_monsterinsights_skip_tracking":false,"_monsterinsights_sitenote_active":false,"_monsterinsights_sitenote_note":"","_monsterinsights_sitenote_category":0},"product_brand":[],"product_cat":[12777,12291],"product_tag":[],"class_list":{"0":"post-716229","1":"product","2":"type-product","3":"status-publish","5":"product_cat-deneme","6":"product_cat-edebiyat","7":"pa_cilt-ciltsiz","8":"pa_tur-kitap","9":"pa_yayinevi-flora-kitap","10":"pa_yazar-gokhan-saracoglu","12":"first","13":"instock","14":"sale","15":"shipping-taxable","16":"purchasable","17":"product-type-simple"},"_links":{"self":[{"href":"https:\/\/roveyayinevi.com.tr\/index.php\/wp-json\/wp\/v2\/product\/716229","targetHints":{"allow":["GET"]}}],"collection":[{"href":"https:\/\/roveyayinevi.com.tr\/index.php\/wp-json\/wp\/v2\/product"}],"about":[{"href":"https:\/\/roveyayinevi.com.tr\/index.php\/wp-json\/wp\/v2\/types\/product"}],"wp:attachment":[{"href":"https:\/\/roveyayinevi.com.tr\/index.php\/wp-json\/wp\/v2\/media?parent=716229"}],"wp:term":[{"taxonomy":"product_brand","embeddable":true,"href":"https:\/\/roveyayinevi.com.tr\/index.php\/wp-json\/wp\/v2\/product_brand?post=716229"},{"taxonomy":"product_cat","embeddable":true,"href":"https:\/\/roveyayinevi.com.tr\/index.php\/wp-json\/wp\/v2\/product_cat?post=716229"},{"taxonomy":"product_tag","embeddable":true,"href":"https:\/\/roveyayinevi.com.tr\/index.php\/wp-json\/wp\/v2\/product_tag?post=716229"}],"curies":[{"name":"wp","href":"https:\/\/api.w.org\/{rel}","templated":true}]}}