{"id":716228,"date":"2025-08-27T17:39:48","date_gmt":"2025-08-27T14:39:48","guid":{"rendered":"https:\/\/roveyayinevi.com.tr\/index.php\/urun\/kizil-gogun-altinda\/"},"modified":"2026-04-16T02:24:34","modified_gmt":"2026-04-15T23:24:34","slug":"kizil-gogun-altinda","status":"publish","type":"product","link":"https:\/\/roveyayinevi.com.tr\/index.php\/urun\/kizil-gogun-altinda\/","title":{"rendered":"K\u0131z\u0131l G\u00f6\u011f\u00fcn Alt\u0131nda"},"content":{"rendered":"<p>Aksiyon, macera, a\u015fk, sava\u015f ve epik bir kahraman \u2013 bunlar\u0131n hepsi tarihin en karanl\u0131k anlar\u0131n\u0131n arka plan\u0131nda kendilerine yer buluyor. Mark Sullivan&#8217;\u0131n K\u0131z\u0131l G\u00f6\u011f\u00fcn Alt\u0131nda roman\u0131, ba\u015far\u0131l\u0131 bir \u0130kinci D\u00fcnya Sava\u015f\u0131 eserinde bulmak isteyece\u011finiz her \u015feye sahip.\u201d Tess Gerritsen, New York Times \u00e7oksatan yazar\u0131  \u201c\u0130ncelikle yaz\u0131lm\u0131\u015f inan\u0131lmaz bir \u00f6yk\u00fc; nefis ve muhte\u015fem bir kitap.\u201d James Patterson, New York Times \u00e7oksatan yazar\u0131 Goodreads En \u0130yi Tarihi Roman Finalisti Goodreads 2017\u2019de En \u00c7ok Okunan 20 Kitaptan Biri Goodreads Ay\u0131n En \u0130yi Kitab\u0131 \u0130kinci D\u00fcnya Sava\u015f\u0131&#8217;n\u0131n gizli kahramanlar\u0131ndan birinin ger\u00e7ek hayat hik\u00e2yesinden esinlenen K\u0131z\u0131l G\u00f6\u011f\u00fcn Alt\u0131nda, tarihin en karanl\u0131k zamanlar\u0131ndan birinde ya\u015fayan gen\u00e7 Pino&#8217;nun muhte\u015fem cesaretinin ve direni\u015finin destans\u0131 \u00f6yk\u00fcs\u00fc.  Pino Lella, Nazilerin sava\u015f\u0131nda hi\u00e7bir \u015fekilde yer almak istemiyordu. S\u0131radan bir hayat s\u00fcren s\u0131radan bir gen\u00e7ti ve ilgilendikleri m\u00fczik, yemek ve k\u0131zlardan ibaretti. Ancak bu gen\u00e7 \u0130talyan\u0131n masumiyet dolu g\u00fcnleri sona ermek \u00fczereydi. Milano&#8217;daki evi M\u00fcttefikler&#8217;in bombalar\u0131yla yerle bir edilen Pino, Yahudilerin \u015fehirden ka\u00e7malar\u0131na yard\u0131m eden gizli bir toplulu\u011fa kat\u0131l\u0131p kendisinden alt\u0131 ya\u015f b\u00fcy\u00fck Anna&#8217;ya \u00e2\u015f\u0131k olunca hayat\u0131 bir daha eskisi gibi olmayacakt\u0131. Pino&#8217;dan Alman saflar\u0131na asker olarak kat\u0131lmas\u0131n\u0131 isteyen ailesinin niyetiyse onu muharebeden uzak tutmak ve korumakt\u0131. Fakat Pino yaraland\u0131ktan sonra daha on sekiz ya\u015f\u0131ndayken Adolf Hitler&#8217;in \u0130talya&#8217;daki sol kolu, Nazi Almanyas\u0131&#8217;n\u0131n en gizemli ve g\u00fc\u00e7l\u00fc komutanlar\u0131ndan General Hans Leyers&#8217;in \u015fahsi \u015fof\u00f6r\u00fc olarak i\u015fe al\u0131nacakt\u0131. Pino bu sayede Alman \u00dcst Komutas\u0131n\u0131n i\u00e7ine s\u0131zarak M\u00fcttefikler i\u00e7in ajanl\u0131k yaparken ayn\u0131 zamanda sava\u015f\u0131n ve Nazilerin getirdi\u011fi deh\u015fete g\u00f6\u011f\u00fcs germek zorunda kalacakt\u0131. G\u00f6remedi\u011fimiz T\u00fcm I\u015f\u0131klar ile B\u00fclb\u00fcl gibi romanlar\u0131 ve Schindler&#8217;in Listesi ile Piyanist gibi filmleri sevenler i\u00e7in K\u0131z\u0131l G\u00f6\u011f\u00fcn Alt\u0131nda ka\u00e7\u0131r\u0131lmamas\u0131 gereken, sars\u0131c\u0131 bir \u0130kinci D\u00fcnya Sava\u015f\u0131 \u00f6yk\u00fcs\u00fc. <\/p>\n","protected":false},"excerpt":{"rendered":"<p>Aksiyon, macera, a\u015fk, sava\u015f ve epik bir kahraman \u2013 bunlar\u0131n hepsi tarihin en karanl\u0131k anlar\u0131n\u0131n arka plan\u0131nda kendilerine yer buluyor. Mark Sullivan&#8217;\u0131n K\u0131z\u0131l G\u00f6\u011f\u00fcn Alt\u0131nda roman\u0131,<span class=\"excerpt-hellip\"> [\u2026]<\/span><\/p>\n","protected":false},"featured_media":0,"template":"","meta":{"_monsterinsights_skip_tracking":false,"_monsterinsights_sitenote_active":false,"_monsterinsights_sitenote_note":"","_monsterinsights_sitenote_category":0},"product_brand":[],"product_cat":[12291,12711],"product_tag":[],"class_list":{"0":"post-716228","1":"product","2":"type-product","3":"status-publish","5":"product_cat-edebiyat","6":"product_cat-roman-oyku","7":"pa_cilt-ciltsiz","8":"pa_tur-kitap","9":"pa_yayinevi-ithaki-yayinlari","10":"pa_yazar-mark-sullivan","12":"first","13":"instock","14":"sale","15":"shipping-taxable","16":"purchasable","17":"product-type-simple"},"_links":{"self":[{"href":"https:\/\/roveyayinevi.com.tr\/index.php\/wp-json\/wp\/v2\/product\/716228","targetHints":{"allow":["GET"]}}],"collection":[{"href":"https:\/\/roveyayinevi.com.tr\/index.php\/wp-json\/wp\/v2\/product"}],"about":[{"href":"https:\/\/roveyayinevi.com.tr\/index.php\/wp-json\/wp\/v2\/types\/product"}],"wp:attachment":[{"href":"https:\/\/roveyayinevi.com.tr\/index.php\/wp-json\/wp\/v2\/media?parent=716228"}],"wp:term":[{"taxonomy":"product_brand","embeddable":true,"href":"https:\/\/roveyayinevi.com.tr\/index.php\/wp-json\/wp\/v2\/product_brand?post=716228"},{"taxonomy":"product_cat","embeddable":true,"href":"https:\/\/roveyayinevi.com.tr\/index.php\/wp-json\/wp\/v2\/product_cat?post=716228"},{"taxonomy":"product_tag","embeddable":true,"href":"https:\/\/roveyayinevi.com.tr\/index.php\/wp-json\/wp\/v2\/product_tag?post=716228"}],"curies":[{"name":"wp","href":"https:\/\/api.w.org\/{rel}","templated":true}]}}