{"id":716224,"date":"2025-08-27T17:39:46","date_gmt":"2025-08-27T14:39:46","guid":{"rendered":"https:\/\/roveyayinevi.com.tr\/index.php\/urun\/artik-hic-anlasamiyoruz\/"},"modified":"2026-04-16T02:24:34","modified_gmt":"2026-04-15T23:24:34","slug":"artik-hic-anlasamiyoruz","status":"publish","type":"product","link":"https:\/\/roveyayinevi.com.tr\/index.php\/urun\/artik-hic-anlasamiyoruz\/","title":{"rendered":"Art\u0131k Hi\u00e7 Anla\u015fam\u0131yoruz!"},"content":{"rendered":"<p>12-17 ya\u015f aral\u0131\u011f\u0131nda \u00e7ocu\u011fu olan anne babalar! Bu kitap sizin i\u00e7in. \u0130lle de marka giyinmek mi istiyor? Akran zorbal\u0131\u011f\u0131na maruz kal\u0131yor veya ba\u015fkalar\u0131na zorbal\u0131k m\u0131 yap\u0131yor? Hi\u00e7 arkada\u015f\u0131 yok mu? Hep bir \u015feyler istiyor ve hemen olsun mu istiyor? Size korkun\u00e7 \u015feyler mi s\u00f6yl\u00fcyor? Verdi\u011fi s\u00f6zlerde durmuyor mu? Sigara, alkol ya da uyu\u015fturucu mu kullan\u0131yor? D\u00fc\u015f\u00fcncesizce tehlikeye mi at\u0131l\u0131yor? Piercing veya d\u00f6vme yapt\u0131rmak m\u0131 istiyor? \u00c7ocu\u011funuzun bu t\u00fcr can s\u0131k\u0131c\u0131 davran\u0131\u015flar\u0131 asl\u0131nda hi\u00e7 tahmin etmedi\u011finiz nedenlerden kaynaklan\u0131yor olabilir. Bu kitap var g\u00fcc\u00fcn\u00fczle itti\u011finiz halde a\u00e7amad\u0131\u011f\u0131n\u0131z kap\u0131lar\u0131 belki de sadece \u00e7ekerek kolayca a\u00e7abilece\u011finizi g\u00f6steriyor. Denemedi\u011fim Yol Kalmad\u0131 kitab\u0131nda 1-5 ya\u015f, Sabr\u0131m\u0131 Zorluyorsun kitab\u0131nda 6-11 ya\u015f aras\u0131nda \u00e7ocu\u011fu olan anne babalara hitap eden Isabelle Filliozat, bu kez 12-17 ya\u015f aral\u0131\u011f\u0131ndaki ergenlerde en s\u0131k kar\u015f\u0131la\u015f\u0131lan sorunlar\u0131 ele al\u0131yor ve \u00fc\u00e7 kitapl\u0131k seriyi tamaml\u0131yor. Deneyimli bir psikolog ve iki \u00e7ocuk annesi olan yazar, zengin mesleki ve ki\u015fisel deneyimlerini payla\u015f\u0131yor. Sorunlar\u0131n nedenlerini ve bunlara nas\u0131l yakla\u015f\u0131labilece\u011fini sevimli \u00e7izimler e\u015fli\u011finde anlat\u0131yor. Herkesin anlayabilece\u011fi yal\u0131n bir dil kullanmas\u0131 ve bol \u00f6rnek vermesi kitab\u0131 daha da ilgi \u00e7ekici k\u0131l\u0131yor. Filliozat\u2019\u0131n kitaplar\u0131 \u00e7ocuklarla ili\u015fkinizi de\u011fi\u015ftirecek, daha donan\u0131ml\u0131 ebeveynler haline geleceksiniz.<\/p>\n","protected":false},"excerpt":{"rendered":"<p>12-17 ya\u015f aral\u0131\u011f\u0131nda \u00e7ocu\u011fu olan anne babalar! Bu kitap sizin i\u00e7in. \u0130lle de marka giyinmek mi istiyor? Akran zorbal\u0131\u011f\u0131na maruz kal\u0131yor veya ba\u015fkalar\u0131na zorbal\u0131k m\u0131 yap\u0131yor?<span class=\"excerpt-hellip\"> [\u2026]<\/span><\/p>\n","protected":false},"featured_media":0,"template":"","meta":{"_monsterinsights_skip_tracking":false,"_monsterinsights_sitenote_active":false,"_monsterinsights_sitenote_note":"","_monsterinsights_sitenote_category":0},"product_brand":[],"product_cat":[12567,12566],"product_tag":[],"class_list":{"0":"post-716224","1":"product","2":"type-product","3":"status-publish","5":"product_cat-diger-egitim","6":"product_cat-egitim","7":"pa_cilt-ciltsiz","8":"pa_tur-kitap","9":"pa_yayinevi-kuraldisi-yayinevi","10":"pa_yazar-isabelle-filliozat","12":"first","13":"instock","14":"sale","15":"shipping-taxable","16":"purchasable","17":"product-type-simple"},"_links":{"self":[{"href":"https:\/\/roveyayinevi.com.tr\/index.php\/wp-json\/wp\/v2\/product\/716224","targetHints":{"allow":["GET"]}}],"collection":[{"href":"https:\/\/roveyayinevi.com.tr\/index.php\/wp-json\/wp\/v2\/product"}],"about":[{"href":"https:\/\/roveyayinevi.com.tr\/index.php\/wp-json\/wp\/v2\/types\/product"}],"wp:attachment":[{"href":"https:\/\/roveyayinevi.com.tr\/index.php\/wp-json\/wp\/v2\/media?parent=716224"}],"wp:term":[{"taxonomy":"product_brand","embeddable":true,"href":"https:\/\/roveyayinevi.com.tr\/index.php\/wp-json\/wp\/v2\/product_brand?post=716224"},{"taxonomy":"product_cat","embeddable":true,"href":"https:\/\/roveyayinevi.com.tr\/index.php\/wp-json\/wp\/v2\/product_cat?post=716224"},{"taxonomy":"product_tag","embeddable":true,"href":"https:\/\/roveyayinevi.com.tr\/index.php\/wp-json\/wp\/v2\/product_tag?post=716224"}],"curies":[{"name":"wp","href":"https:\/\/api.w.org\/{rel}","templated":true}]}}