{"id":716222,"date":"2025-08-27T17:39:45","date_gmt":"2025-08-27T14:39:45","guid":{"rendered":"https:\/\/roveyayinevi.com.tr\/index.php\/urun\/bira\/"},"modified":"2026-04-16T02:24:33","modified_gmt":"2026-04-15T23:24:33","slug":"bira","status":"publish","type":"product","link":"https:\/\/roveyayinevi.com.tr\/index.php\/urun\/bira\/","title":{"rendered":"Bira"},"content":{"rendered":"<p>Biran\u0131n \u00f6yle d\u00fc\u015f\u00fcnmeden kafaya dikip susuzlu\u011funuzu giderece\u011finiz bir i\u00e7ki oldu\u011funu san\u0131yorsan\u0131z yan\u0131l\u0131yorsunuz. Yap\u0131m\u0131nda sadece su, tah\u0131l, maya ve \u015ferbet\u00e7iotu kullan\u0131lmas\u0131na ra\u011fmen say\u0131s\u0131z t\u00fcrde \u00fcretilebilen bu halk i\u00e7kisi insan medeniyetiyle neredeyse ya\u015f\u0131t, \u015faraptan ise bin y\u0131l daha eski. Sanayi Devrimi\u2019ne kadar tarihin her d\u00f6neminde ve co\u011frafyas\u0131nda kad\u0131nlar taraf\u0131ndan \u00fcretilen bira uzun y\u0131llar halklar\u0131n beslenme rejiminin \u00f6nemli bir par\u00e7as\u0131 olmu\u015f. \u201cBu kitab\u0131n konusu da i\u015fte bu halk i\u00e7ece\u011fi olan birad\u0131r.\u201d Elinizdeki kitap otuz y\u0131l\u0131n\u0131 bu i\u00e7kiye adam\u0131\u015f bir \u201cbira militan\u0131n\u201d biran\u0131n \u00e7evresini ku\u015fatan alan olarak tan\u0131mlad\u0131\u011f\u0131 \u201cBira Diyar\u0131\u201dna yapaca\u011f\u0131n\u0131z yolculukta kullan\u0131\u015fl\u0131 bir rehber niteli\u011finde. Bira yap\u0131m\u0131ndan biran\u0131n tarihteki yerine, bira t\u00fcrlerinden tad\u0131ma, ambalaj\u0131ndan saklanmas\u0131na, hangi yemeklerle ne t\u00fcr bira i\u00e7ilebilece\u011finden sa\u011fl\u0131kla ili\u015fkisine, bira \u00fclkelerinden bira festivallerine ve d\u00fcnyan\u0131n \u00f6nemli tad\u0131m merkezlerine dek biraya dair her \u015feyi bu kitapta bulabilirsiniz. \u201cUygar \u015farapla avam bira kar\u015f\u0131la\u015ft\u0131rmas\u0131na son vermenin zaman\u0131 geldi de ge\u00e7iyor.\u201d <\/p>\n","protected":false},"excerpt":{"rendered":"<p>Biran\u0131n \u00f6yle d\u00fc\u015f\u00fcnmeden kafaya dikip susuzlu\u011funuzu giderece\u011finiz bir i\u00e7ki oldu\u011funu san\u0131yorsan\u0131z yan\u0131l\u0131yorsunuz. Yap\u0131m\u0131nda sadece su, tah\u0131l, maya ve \u015ferbet\u00e7iotu kullan\u0131lmas\u0131na ra\u011fmen say\u0131s\u0131z t\u00fcrde \u00fcretilebilen bu halk<span class=\"excerpt-hellip\"> [\u2026]<\/span><\/p>\n","protected":false},"featured_media":0,"template":"","meta":{"_monsterinsights_skip_tracking":false,"_monsterinsights_sitenote_active":false,"_monsterinsights_sitenote_note":"","_monsterinsights_sitenote_category":0},"product_brand":[],"product_cat":[28265,15563],"product_tag":[],"class_list":{"0":"post-716222","1":"product","2":"type-product","3":"status-publish","5":"product_cat-diger-hobi","6":"product_cat-hobi","7":"pa_cilt-ciltsiz","8":"pa_tur-kitap","9":"pa_yayinevi-kolektif-kitap","10":"pa_yazar-rick-kempen","12":"first","13":"instock","14":"sale","15":"shipping-taxable","16":"purchasable","17":"product-type-simple"},"_links":{"self":[{"href":"https:\/\/roveyayinevi.com.tr\/index.php\/wp-json\/wp\/v2\/product\/716222","targetHints":{"allow":["GET"]}}],"collection":[{"href":"https:\/\/roveyayinevi.com.tr\/index.php\/wp-json\/wp\/v2\/product"}],"about":[{"href":"https:\/\/roveyayinevi.com.tr\/index.php\/wp-json\/wp\/v2\/types\/product"}],"wp:attachment":[{"href":"https:\/\/roveyayinevi.com.tr\/index.php\/wp-json\/wp\/v2\/media?parent=716222"}],"wp:term":[{"taxonomy":"product_brand","embeddable":true,"href":"https:\/\/roveyayinevi.com.tr\/index.php\/wp-json\/wp\/v2\/product_brand?post=716222"},{"taxonomy":"product_cat","embeddable":true,"href":"https:\/\/roveyayinevi.com.tr\/index.php\/wp-json\/wp\/v2\/product_cat?post=716222"},{"taxonomy":"product_tag","embeddable":true,"href":"https:\/\/roveyayinevi.com.tr\/index.php\/wp-json\/wp\/v2\/product_tag?post=716222"}],"curies":[{"name":"wp","href":"https:\/\/api.w.org\/{rel}","templated":true}]}}